{"id":50553,"date":"2023-02-22T14:23:11","date_gmt":"2023-02-22T12:23:11","guid":{"rendered":"https:\/\/orkesterforbundet.se\/orkesterora\/?page_id=50553"},"modified":"2023-02-22T14:38:27","modified_gmt":"2023-02-22T12:38:27","slug":"lindring-tinnitus","status":"publish","type":"page","link":"https:\/\/orkesterforbundet.se\/orkesterora\/hjalpmedel\/lindring-tinnitus\/","title":{"rendered":"Rabatt p\u00e5 Tinearity G1 som lindrar tinnitus"},"content":{"rendered":"<div class=\"wpb-content-wrapper\"><p>[vc_row][vc_column column_width_percent=&#8221;75&#8243; gutter_size=&#8221;3&#8243; overlay_alpha=&#8221;50&#8243; shift_x=&#8221;0&#8243; shift_y=&#8221;0&#8243; z_index=&#8221;0&#8243; medium_width=&#8221;0&#8243; width=&#8221;1\/1&#8243;][vc_single_image media=&#8221;50554&#8243; media_width_percent=&#8221;50&#8243; alignment=&#8221;center&#8221; media_link=&#8221;url:https%3A%2F%2Fwww.duearity.com|target:_blank&#8221; uncode_shortcode_id=&#8221;334332&#8243;][\/vc_column][\/vc_row][vc_row row_height_percent=&#8221;0&#8243; override_padding=&#8221;yes&#8221; h_padding=&#8221;2&#8243; top_padding=&#8221;2&#8243; bottom_padding=&#8221;0&#8243; overlay_alpha=&#8221;50&#8243; gutter_size=&#8221;3&#8243; shift_y=&#8221;0&#8243;][vc_column column_width_percent=&#8221;75&#8243; align_horizontal=&#8221;align_center&#8221; gutter_size=&#8221;3&#8243; overlay_alpha=&#8221;50&#8243; shift_x=&#8221;0&#8243; shift_y=&#8221;0&#8243; z_index=&#8221;0&#8243; medium_width=&#8221;0&#8243;][vc_custom_heading text_size=&#8221;h1&#8243; uncode_shortcode_id=&#8221;111575&#8243;]20% rabatt f\u00f6r medlemmar i Sveriges Orkesterf\u00f6rbund p\u00e5 Tinearity G1 som \u00e4r framtagen av f\u00f6retaget Duearity.<\/p>\n<p>[\/vc_custom_heading][\/vc_column][\/vc_row][vc_row row_height_percent=&#8221;0&#8243; override_padding=&#8221;yes&#8221; h_padding=&#8221;2&#8243; top_padding=&#8221;2&#8243; bottom_padding=&#8221;3&#8243; overlay_alpha=&#8221;50&#8243; gutter_size=&#8221;3&#8243; shift_y=&#8221;0&#8243;][vc_column column_width_percent=&#8221;75&#8243; gutter_size=&#8221;3&#8243; overlay_alpha=&#8221;50&#8243; shift_x=&#8221;0&#8243; shift_y=&#8221;0&#8243; z_index=&#8221;0&#8243; medium_width=&#8221;0&#8243;][vc_column_text uncode_shortcode_id=&#8221;125921&#8243;]Som medlem i <span style=\"color: #33cccc;\"><a style=\"color: #33cccc; text-decoration: underline;\" href=\"http:\/\/orkesterforbundet.se\/\" target=\"_blank\" rel=\"noopener\">Sveriges Orkesterf\u00f6rbund<\/a><\/span>\u00a0f\u00e5r du 20% rabatt hos <a href=\"https:\/\/www.duearity.com\" target=\"_blank\" rel=\"noopener\"><span style=\"color: #33cccc;\">Duearity<\/span><\/a>. Rabatten\u00a0g\u00e4ller produkten Tinearity G1 startpaket.<\/p>\n<p>Vad skiljer Tinearity G1 ifr\u00e5n andra behandlingsmetoder? Skillnaden \u00e4r att Tinearity G1 \u00e4r liten och anv\u00e4nder ickeinvasiv\u00a0bone conductionteknologi. Det inneb\u00e4r att detvita bruset f\u00f6rs in i \u00f6rat via skallbenet. Detta inneb\u00e4r i sin\u00a0tur att \u00f6rong\u00e5ngen \u00e4r fri och att man kan behandla och\u00a0lindra n\u00e4r man \u00e4r p\u00e5 arbetet, p\u00e5 fritiden och under s\u00f6mn.<\/p>\n<p>Ange ORKESTER20 vid best\u00e4llning. Enskilt medlemskap hos Sveriges Orkesterf\u00f6rbund kostar 150 kr om \u00e5ret. Medlemskapet ger dessutom m\u00e5nga fler f\u00f6rdelar![\/vc_column_text][\/vc_column][\/vc_row][vc_row][vc_column width=&#8221;1\/1&#8243;][vc_gallery el_id=&#8221;gallery-123781&#8243; medias=&#8221;50556,50557,50558&#8243; gutter_size=&#8221;3&#8243; screen_lg=&#8221;1000&#8243; screen_md=&#8221;600&#8243; screen_sm=&#8221;480&#8243; single_overlay_opacity=&#8221;50&#8243; single_padding=&#8221;2&#8243; uncode_shortcode_id=&#8221;154297&#8243;][\/vc_column][\/vc_row]<\/p>\n<\/div>","protected":false},"excerpt":{"rendered":"<p>20% p\u00e5 tinnitus lindring <\/p>\n","protected":false},"author":3,"featured_media":50560,"parent":49556,"menu_order":1,"comment_status":"closed","ping_status":"closed","template":"","meta":{"footnotes":""},"class_list":["post-50553","page","type-page","status-publish","has-post-thumbnail","hentry","page_category-hjalpmedel"],"_links":{"self":[{"href":"https:\/\/orkesterforbundet.se\/orkesterora\/wp-json\/wp\/v2\/pages\/50553","targetHints":{"allow":["GET"]}}],"collection":[{"href":"https:\/\/orkesterforbundet.se\/orkesterora\/wp-json\/wp\/v2\/pages"}],"about":[{"href":"https:\/\/orkesterforbundet.se\/orkesterora\/wp-json\/wp\/v2\/types\/page"}],"author":[{"embeddable":true,"href":"https:\/\/orkesterforbundet.se\/orkesterora\/wp-json\/wp\/v2\/users\/3"}],"replies":[{"embeddable":true,"href":"https:\/\/orkesterforbundet.se\/orkesterora\/wp-json\/wp\/v2\/comments?post=50553"}],"version-history":[{"count":3,"href":"https:\/\/orkesterforbundet.se\/orkesterora\/wp-json\/wp\/v2\/pages\/50553\/revisions"}],"predecessor-version":[{"id":50561,"href":"https:\/\/orkesterforbundet.se\/orkesterora\/wp-json\/wp\/v2\/pages\/50553\/revisions\/50561"}],"up":[{"embeddable":true,"href":"https:\/\/orkesterforbundet.se\/orkesterora\/wp-json\/wp\/v2\/pages\/49556"}],"wp:featuredmedia":[{"embeddable":true,"href":"https:\/\/orkesterforbundet.se\/orkesterora\/wp-json\/wp\/v2\/media\/50560"}],"wp:attachment":[{"href":"https:\/\/orkesterforbundet.se\/orkesterora\/wp-json\/wp\/v2\/media?parent=50553"}],"curies":[{"name":"wp","href":"https:\/\/api.w.org\/{rel}","templated":true}]}}