{"id":50278,"date":"2019-01-09T17:38:53","date_gmt":"2019-01-09T15:38:53","guid":{"rendered":"https:\/\/orkesterforbundet.se\/orkesterora\/?page_id=50278"},"modified":"2025-04-11T10:26:18","modified_gmt":"2025-04-11T08:26:18","slug":"goda-exempel","status":"publish","type":"page","link":"https:\/\/orkesterforbundet.se\/orkesterora\/goda-exempel\/","title":{"rendered":"Goda exempel"},"content":{"rendered":"<div class=\"wpb-content-wrapper\"><p>[vc_row][vc_column width=&#8221;1\/1&#8243;][vc_column_text]<\/p>\n<h3><strong>Malm\u00f6 Live\/Malm\u00f6 symfonikerna<\/strong><\/h3>\n<p><img decoding=\"async\" class=\"wp-image-49436 alignleft\" src=\"https:\/\/orkesterforbundet.se\/orkesterora\/wp-content\/uploads\/2016\/11\/IMG_3580.jpg\" alt=\"img_3580\" width=\"292\" height=\"219\" srcset=\"https:\/\/orkesterforbundet.se\/orkesterora\/wp-content\/uploads\/2016\/11\/IMG_3580.jpg 1632w, https:\/\/orkesterforbundet.se\/orkesterora\/wp-content\/uploads\/2016\/11\/IMG_3580-300x225.jpg 300w, https:\/\/orkesterforbundet.se\/orkesterora\/wp-content\/uploads\/2016\/11\/IMG_3580-768x576.jpg 768w, https:\/\/orkesterforbundet.se\/orkesterora\/wp-content\/uploads\/2016\/11\/IMG_3580-1024x768.jpg 1024w\" sizes=\"(max-width: 292px) 100vw, 292px\" \/><img decoding=\"async\" class=\"wp-image-50296 alignright\" src=\"https:\/\/orkesterforbundet.se\/orkesterora\/wp-content\/uploads\/2016\/09\/IMG_3677-225x300.jpg\" alt=\"IMG_3677\" width=\"163\" height=\"218\" srcset=\"https:\/\/orkesterforbundet.se\/orkesterora\/wp-content\/uploads\/2016\/09\/IMG_3677-225x300.jpg 225w, https:\/\/orkesterforbundet.se\/orkesterora\/wp-content\/uploads\/2016\/09\/IMG_3677-768x1024.jpg 768w, https:\/\/orkesterforbundet.se\/orkesterora\/wp-content\/uploads\/2016\/09\/IMG_3677-576x768.jpg 576w, https:\/\/orkesterforbundet.se\/orkesterora\/wp-content\/uploads\/2016\/09\/IMG_3677.jpg 1224w\" sizes=\"(max-width: 163px) 100vw, 163px\" \/><\/p>\n<p>&nbsp;<\/p>\n<p>Malm\u00f6 Live huserar Malm\u00f6 Symfoniorkester (MSO). Arbetsgivaren tar orkestermusikernas h\u00e4lsa p\u00e5 allvar.<\/p>\n<p>H\u00e4r jobbar man bland annat med ljudsk\u00e4rmar, h\u00f6rselskydd och placeringar f\u00f6r att fr\u00e4mja musikernas h\u00f6rsel.<br \/>\nEn tydlig ljudpolicy \u00e4r framtagen och anv\u00e4nds aktivt. Bravo![\/vc_column_text][\/vc_column][\/vc_row][vc_row][vc_column width=&#8221;1\/1&#8243;][vc_separator sep_color=&#8221;color-jevc&#8221; css_animation=&#8221;zoom-out&#8221; animation_speed=&#8221;1000&#8243; el_width=&#8221;350px&#8221; el_height=&#8221;2px&#8221;][vc_column_text text_color=&#8221;color-jevc&#8221; uncode_shortcode_id=&#8221;890948&#8243; text_color_type=&#8221;uncode-palette&#8221;]<\/p>\n<h3><strong>Musikh\u00f6gskolan i Pite\u00e5 (Lule\u00e5 Tekniska Universitet)<\/strong><\/h3>\n<p><img decoding=\"async\" class=\"alignright size-medium wp-image-50301\" src=\"https:\/\/orkesterforbundet.se\/orkesterora\/wp-content\/uploads\/2019\/01\/varningsskylt-300x169.jpg\" alt=\"\" width=\"300\" height=\"169\" srcset=\"https:\/\/orkesterforbundet.se\/orkesterora\/wp-content\/uploads\/2019\/01\/varningsskylt-300x169.jpg 300w, https:\/\/orkesterforbundet.se\/orkesterora\/wp-content\/uploads\/2019\/01\/varningsskylt-768x432.jpg 768w, https:\/\/orkesterforbundet.se\/orkesterora\/wp-content\/uploads\/2019\/01\/varningsskylt.jpg 960w\" sizes=\"(max-width: 300px) 100vw, 300px\" \/>I Arbetsmilj\u00f6verkets krav g\u00e4llande buller i arbetsmilj\u00f6er st\u00e5r det bland annat:<br \/>\n\u201dOm det genomsnittliga bullret under en arbetsdag \u00e4r 85 dB eller mer, eller om den h\u00f6gsta ljudtrycksniv\u00e5n \u00e4r 115 dB eller h\u00f6gre\u2026\u00e4r arbetsgivaren skyldig att\u2026skylta, avgr\u00e4nsa och begr\u00e4nsa tilltr\u00e4de.\u201d<\/p>\n<p>Man ska allts\u00e5 informeras om att man kan uts\u00e4ttas f\u00f6r risker om man vistas i dessa lokaler. Detta ska skolor f\u00f6rh\u00e5lla sig till b\u00e5de f\u00f6r personal och elevers h\u00e4lsa. S\u00e5 vitt vi vet \u00e4r det, bland landets musikh\u00f6gskolor, endast Pite\u00e5 som f\u00f6ljer detta genom att m\u00e4rka upp rum d\u00e4r det bedrivs ljudstarka aktiviteter. Heja Pite\u00e5![\/vc_column_text][\/vc_column][\/vc_row][vc_row][vc_column width=&#8221;1\/1&#8243;][vc_separator sep_color=&#8221;color-jevc&#8221; css_animation=&#8221;zoom-out&#8221; animation_speed=&#8221;1000&#8243; el_width=&#8221;350px&#8221; el_height=&#8221;2px&#8221;][vc_column_text]<\/p>\n<h3><strong>Mj\u00f6lby storband<\/strong><\/h3>\n<h3><strong><img decoding=\"async\" class=\"wp-image-50331 alignleft\" src=\"https:\/\/orkesterforbundet.se\/orkesterora\/wp-content\/uploads\/2019\/01\/trad-ork-1-300x225.jpg\" width=\"339\" height=\"254\" srcset=\"https:\/\/orkesterforbundet.se\/orkesterora\/wp-content\/uploads\/2019\/01\/trad-ork-1-300x225.jpg 300w, https:\/\/orkesterforbundet.se\/orkesterora\/wp-content\/uploads\/2019\/01\/trad-ork-1.jpg 720w\" sizes=\"(max-width: 339px) 100vw, 339px\" \/><\/strong><\/h3>\n<p><img decoding=\"async\" class=\"wp-image-50332 alignleft\" src=\"https:\/\/orkesterforbundet.se\/orkesterora\/wp-content\/uploads\/2019\/01\/\u00e5tg\u00e4rd-ork-1-300x225.jpg\" width=\"341\" height=\"256\" srcset=\"https:\/\/orkesterforbundet.se\/orkesterora\/wp-content\/uploads\/2019\/01\/\u00e5tg\u00e4rd-ork-1-300x225.jpg 300w, https:\/\/orkesterforbundet.se\/orkesterora\/wp-content\/uploads\/2019\/01\/\u00e5tg\u00e4rd-ork-1.jpg 720w\" sizes=\"(max-width: 341px) 100vw, 341px\" \/><\/p>\n<p style=\"text-align: left;\">Traditionellt s\u00e5 placerar man instrumentsektionerna i ett storband som p\u00e5 bild 1. S\u00e5 satt \u00e4ven medlemmarna i Mj\u00f6lby storband tidigare. Snyggt, men inte optimalt ur h\u00f6rselsynpunkt. Turligt nog s\u00e5 finns en\u00a0av Med \u00f6ra f\u00f6r orkesters fokusgruppmedlemmar, Stefan Holmberg, med i storbandet.<\/p>\n<p>Man har nu laborerat med att placera sig utmed v\u00e4ggarna, i kvadrat, p\u00e5 repetitionerna. Och att flytta saxofonsektionen s\u00e5 dom inte sitter med \u00f6vriga bl\u00e5sare direkt bakom sig (bild 2). Ett smart s\u00e4tt att skona h\u00f6rseln n\u00e5got! \u00c4ven Norrbotten Big Band har pr\u00f6vat liknande placeringar f\u00f6r att minska riskerna f\u00f6r h\u00f6rselskador. Tummen upp f\u00f6r dessa orkestrar som v\u00e5gar bryta traditionella placeringar och s\u00e4tta h\u00f6rseln fr\u00e4mst![\/vc_column_text][\/vc_column][\/vc_row]<\/p>\n<\/div>","protected":false},"excerpt":{"rendered":"<p>[vc_row][vc_column width=&#8221;1\/1&#8243;][vc_column_text] Malm\u00f6 Live\/Malm\u00f6 symfonikerna &nbsp; Malm\u00f6 Live huserar Malm\u00f6 Symfoniorkester (MSO). Arbetsgivaren tar orkestermusikernas h\u00e4lsa p\u00e5 allvar. H\u00e4r jobbar [&hellip;]<\/p>\n","protected":false},"author":3,"featured_media":50280,"parent":0,"menu_order":0,"comment_status":"closed","ping_status":"closed","template":"","meta":{"footnotes":""},"class_list":["post-50278","page","type-page","status-publish","has-post-thumbnail","hentry"],"_links":{"self":[{"href":"https:\/\/orkesterforbundet.se\/orkesterora\/wp-json\/wp\/v2\/pages\/50278","targetHints":{"allow":["GET"]}}],"collection":[{"href":"https:\/\/orkesterforbundet.se\/orkesterora\/wp-json\/wp\/v2\/pages"}],"about":[{"href":"https:\/\/orkesterforbundet.se\/orkesterora\/wp-json\/wp\/v2\/types\/page"}],"author":[{"embeddable":true,"href":"https:\/\/orkesterforbundet.se\/orkesterora\/wp-json\/wp\/v2\/users\/3"}],"replies":[{"embeddable":true,"href":"https:\/\/orkesterforbundet.se\/orkesterora\/wp-json\/wp\/v2\/comments?post=50278"}],"version-history":[{"count":5,"href":"https:\/\/orkesterforbundet.se\/orkesterora\/wp-json\/wp\/v2\/pages\/50278\/revisions"}],"predecessor-version":[{"id":50611,"href":"https:\/\/orkesterforbundet.se\/orkesterora\/wp-json\/wp\/v2\/pages\/50278\/revisions\/50611"}],"wp:featuredmedia":[{"embeddable":true,"href":"https:\/\/orkesterforbundet.se\/orkesterora\/wp-json\/wp\/v2\/media\/50280"}],"wp:attachment":[{"href":"https:\/\/orkesterforbundet.se\/orkesterora\/wp-json\/wp\/v2\/media?parent=50278"}],"curies":[{"name":"wp","href":"https:\/\/api.w.org\/{rel}","templated":true}]}}