{"id":50227,"date":"2018-12-20T15:14:56","date_gmt":"2018-12-20T13:14:56","guid":{"rendered":"https:\/\/orkesterforbundet.se\/orkesterora\/?page_id=50227"},"modified":"2019-01-10T13:35:44","modified_gmt":"2019-01-10T11:35:44","slug":"vad-ar-ljud","status":"publish","type":"page","link":"https:\/\/orkesterforbundet.se\/orkesterora\/vad-ar-ljud\/","title":{"rendered":"Vad \u00e4r ljud?"},"content":{"rendered":"<div class=\"wpb-content-wrapper\"><p>[vc_row][vc_column][vc_column_text]Ljud \u00e4r sv\u00e4ngningar eller tryckv\u00e5gor som f\u00e4rdas genom luften. N\u00e4r vi h\u00f6r leds ljudv\u00e5gor in genom h\u00f6rselg\u00e5ngen till trumhinnan, som kommer i sv\u00e4ngning. H\u00f6rselbenen leder sedan in ljudv\u00e5gorna i h\u00f6rselsn\u00e4ckan, till h\u00f6rselns sinnesceller \u2013 h\u00e5rcellerna. H\u00f6rselnerven transporterar dessa ljudsignaler till hj\u00e4rnan, som tolkar och \u201dtalar om\u201d f\u00f6r oss vad vi h\u00f6r.<\/p>\n<p>Ljud m\u00e4ts i huvudsak med tv\u00e5 olika m\u00e4tv\u00e4rden,\u00a0<em>decibel<\/em>\u00a0och\u00a0<em>Hertz<\/em>. Decibel (dB) st\u00e5r f\u00f6r ljudets styrka, allts\u00e5 ljudvolymen och Hertz (Hz) st\u00e5r f\u00f6r ljudets art, allts\u00e5 vilken tonh\u00f6jd ljudet har. En m\u00e4nniska med normal h\u00f6rsel kan uppfatta frekvenser mellan 20 \u2013 20.000 Hz. Omf\u00e5nget minskar genom \u00f6kad \u00e5lder och vid h\u00f6rselskador. Om frekvensen understiger 20 Hz s\u00e5 kallar man det f\u00f6r\u00a0<em>infraljud<\/em>\u00a0och om ljudet \u00f6verstiger 20.000 Hz s\u00e5 kallas det f\u00f6r\u00a0<em>ultraljud<\/em>. 0 decibel \u00e4r det svagaste ljud m\u00e4nniskan kan uppfatta. Normal samtalston \u00e4r cirka 60 dB. Ljudniv\u00e5er upp till 80 dB anses som ofarliga f\u00f6r v\u00e5r h\u00f6rsel.\u00a0<strong>I arbetsmilj\u00f6 f\u00e5r man inte uts\u00e4ttas f\u00f6r mer \u00e4n 85 dBA under 8 timmar utan \u00e5tg\u00e4rder som t.ex. h\u00f6rselskydd.<\/strong>[\/vc_column_text][vc_accordion active_tab=&#8221;o&#8221;][vc_accordion_tab title=&#8221;Decibelskola&#8221;][vc_column_text]<img decoding=\"async\" class=\"alignnone size-full wp-image-50187\" src=\"https:\/\/orkesterforbundet.se\/orkesterora\/wp-content\/uploads\/2018\/04\/canstockphoto56936439.jpg\" alt=\"canstockphoto56936439\" width=\"800\" height=\"448\" srcset=\"https:\/\/orkesterforbundet.se\/orkesterora\/wp-content\/uploads\/2018\/04\/canstockphoto56936439.jpg 800w, https:\/\/orkesterforbundet.se\/orkesterora\/wp-content\/uploads\/2018\/04\/canstockphoto56936439-300x168.jpg 300w, https:\/\/orkesterforbundet.se\/orkesterora\/wp-content\/uploads\/2018\/04\/canstockphoto56936439-768x430.jpg 768w\" sizes=\"(max-width: 800px) 100vw, 800px\" \/><\/p>\n<p>Det vi uppfattar som ljud \u00e4r tryckvariationer i luften, vilka s\u00e4tter trumhinnan i sv\u00e4ngningar. Fr\u00e5n trumhinnan \u00f6verf\u00f6rs ljudet via h\u00f6rselbenen till h\u00f6rselsn\u00e4ckan d\u00e4r det omvandlas till elektriska signaler som g\u00e5r vidare till hj\u00e4rnan. \u00d6rat kan hantera ljudtryck inom ett mycket stort omr\u00e5de. F\u00f6r att t\u00e4cka in \u00f6rats stora arbetsomr\u00e5de anv\u00e4nds en speciell skala f\u00f6r att beskriva hur starkt ljudet \u00e4r. Resultatet \u2013 ljudtrycksniv\u00e5n \u2013 anges d\u00e5 i decibel (dB). Decibelskalan \u00e4r logaritmisk vilket inneb\u00e4r att 73 dB \u00e4r dubbelt s\u00e5 starkt som 70 dB, 76 dB \u00e4r dubbelt s\u00e5 starkt som 73 dB osv\u2026<\/p>\n<p>0 decibel motsvarar svagast m\u00f6jliga ljud en normalh\u00f6rande m\u00e4nniska kan uppfatta.<\/p>\n<p>\u2022 0 dB n\u00e4stan j\u00e4ttetyst<br \/>\n\u2022 50-70 dB behagligt (normal samtalsniv\u00e5 = ca 60 dB)<br \/>\n\u2022 Fr\u00e5n 80 dB kan h\u00f6rseln p\u00e5verkas negativt<br \/>\n\u2022 Fr\u00e5n 90-100 dB obehagligt<\/p>\n<p>P\u00e5 grund av den speciella skalan g\u00e4ller att tv\u00e5 lika starka ljudk\u00e4llor ger 3 dB h\u00f6gre ljudtrycksniv\u00e5 \u00e4n enbart den ena k\u00e4llan. Tio lika starka ljudk\u00e4llor ger 10 dB h\u00f6gre niv\u00e5 och hundra lika starka ljudk\u00e4llor 20 dB h\u00f6gre niv\u00e5.<\/p>\n<p><img decoding=\"async\" class=\"alignnone size-full wp-image-50284\" src=\"https:\/\/orkesterforbundet.se\/orkesterora\/wp-content\/uploads\/2018\/12\/x1-2.jpg\" alt=\"x1 2\" width=\"300\" height=\"175\" \/><\/p>\n<p><img decoding=\"async\" class=\"alignnone size-full wp-image-50285\" src=\"https:\/\/orkesterforbundet.se\/orkesterora\/wp-content\/uploads\/2018\/12\/x2-2.jpg\" alt=\"x2 2\" width=\"300\" height=\"175\" \/><\/p>\n<p><img decoding=\"async\" class=\"alignnone size-full wp-image-50286\" src=\"https:\/\/orkesterforbundet.se\/orkesterora\/wp-content\/uploads\/2018\/12\/x10-2.jpg\" alt=\"x10 2\" width=\"300\" height=\"175\" \/><br \/>\n<img decoding=\"async\" class=\"alignnone size-full wp-image-50272\" src=\"https:\/\/orkesterforbundet.se\/orkesterora\/wp-content\/uploads\/2018\/12\/x100-2.jpg\" alt=\"x100 2\" width=\"300\" height=\"175\" \/><\/p>\n<p>Decibel kan m\u00e4tas med olika kurvor som tar olika h\u00e4nsyn till vissa frekvensomr\u00e5den. Vid ljudm\u00e4tning avsedd att uppskatta h\u00f6rselskaderisken anv\u00e4nds vanligen A-filtret som i huvudsak inte tar h\u00e4nsyn till de l\u00e4gre frekvenserna. Vid m\u00e4tning av impulsljud anv\u00e4nds dock C-filtret, en n\u00e5got planare m\u00e4tkurva. Regelverket f\u00f6r ljudniv\u00e5er i arbetsmilj\u00f6 och vid konserter anv\u00e4nder i huvudsak decibelm\u00e4tning med A-filter, ben\u00e4mns dB(A).<\/p>\n<p>Om man befinner sig p\u00e5 en \u00f6ppen plats utomhus kan man konstatera att ljudets styrka minskar n\u00e4r man f\u00f6rflyttar sig bort fr\u00e5n en ljudk\u00e4lla. Om det inte finns reflekterande f\u00f6rem\u00e5l\u00a0\u00a0n\u00e4rheten tr\u00e4ffas man bara av direktljud fr\u00e5n ljudk\u00e4llan. Ljudniv\u00e5n fr\u00e5n en enstaka ljudk\u00e4lla avtar d\u00e5 med 6 dB per avst\u00e5ndsf\u00f6rdubbling.<\/p>\n<p><img decoding=\"async\" class=\"alignnone size-full wp-image-50274\" src=\"https:\/\/orkesterforbundet.se\/orkesterora\/wp-content\/uploads\/2018\/12\/05.jpg\" alt=\"0,5\" width=\"300\" height=\"175\" \/><\/p>\n<p><img decoding=\"async\" class=\"alignnone size-full wp-image-50275\" src=\"https:\/\/orkesterforbundet.se\/orkesterora\/wp-content\/uploads\/2018\/12\/1.jpg\" alt=\"1\" width=\"500\" height=\"175\" srcset=\"https:\/\/orkesterforbundet.se\/orkesterora\/wp-content\/uploads\/2018\/12\/1.jpg 500w, https:\/\/orkesterforbundet.se\/orkesterora\/wp-content\/uploads\/2018\/12\/1-300x105.jpg 300w\" sizes=\"(max-width: 500px) 100vw, 500px\" \/><\/p>\n<p><img decoding=\"async\" class=\"alignnone size-full wp-image-50276\" src=\"https:\/\/orkesterforbundet.se\/orkesterora\/wp-content\/uploads\/2018\/12\/2.jpg\" alt=\"2\" width=\"500\" height=\"175\" srcset=\"https:\/\/orkesterforbundet.se\/orkesterora\/wp-content\/uploads\/2018\/12\/2.jpg 500w, https:\/\/orkesterforbundet.se\/orkesterora\/wp-content\/uploads\/2018\/12\/2-300x105.jpg 300w\" sizes=\"(max-width: 500px) 100vw, 500px\" \/>[\/vc_column_text][\/vc_accordion_tab][\/vc_accordion][\/vc_column][\/vc_row][vc_row][vc_column width=&#8221;1\/1&#8243;][\/vc_column][\/vc_row]<\/p>\n<\/div>","protected":false},"excerpt":{"rendered":"<p>[vc_row][vc_column][vc_column_text]Ljud \u00e4r sv\u00e4ngningar eller tryckv\u00e5gor som f\u00e4rdas genom luften. N\u00e4r vi h\u00f6r leds ljudv\u00e5gor in genom h\u00f6rselg\u00e5ngen till trumhinnan, som [&hellip;]<\/p>\n","protected":false},"author":3,"featured_media":50207,"parent":0,"menu_order":0,"comment_status":"closed","ping_status":"closed","template":"","meta":{"footnotes":""},"class_list":["post-50227","page","type-page","status-publish","has-post-thumbnail","hentry"],"_links":{"self":[{"href":"https:\/\/orkesterforbundet.se\/orkesterora\/wp-json\/wp\/v2\/pages\/50227","targetHints":{"allow":["GET"]}}],"collection":[{"href":"https:\/\/orkesterforbundet.se\/orkesterora\/wp-json\/wp\/v2\/pages"}],"about":[{"href":"https:\/\/orkesterforbundet.se\/orkesterora\/wp-json\/wp\/v2\/types\/page"}],"author":[{"embeddable":true,"href":"https:\/\/orkesterforbundet.se\/orkesterora\/wp-json\/wp\/v2\/users\/3"}],"replies":[{"embeddable":true,"href":"https:\/\/orkesterforbundet.se\/orkesterora\/wp-json\/wp\/v2\/comments?post=50227"}],"version-history":[{"count":5,"href":"https:\/\/orkesterforbundet.se\/orkesterora\/wp-json\/wp\/v2\/pages\/50227\/revisions"}],"predecessor-version":[{"id":50289,"href":"https:\/\/orkesterforbundet.se\/orkesterora\/wp-json\/wp\/v2\/pages\/50227\/revisions\/50289"}],"wp:featuredmedia":[{"embeddable":true,"href":"https:\/\/orkesterforbundet.se\/orkesterora\/wp-json\/wp\/v2\/media\/50207"}],"wp:attachment":[{"href":"https:\/\/orkesterforbundet.se\/orkesterora\/wp-json\/wp\/v2\/media?parent=50227"}],"curies":[{"name":"wp","href":"https:\/\/api.w.org\/{rel}","templated":true}]}}