{"id":50200,"date":"2018-12-19T17:02:30","date_gmt":"2018-12-19T15:02:30","guid":{"rendered":"https:\/\/orkesterforbundet.se\/orkesterora\/?page_id=50200"},"modified":"2024-09-04T12:39:04","modified_gmt":"2024-09-04T10:39:04","slug":"fokusgruppen-2","status":"publish","type":"page","link":"https:\/\/orkesterforbundet.se\/orkesterora\/fokusgruppen-2\/","title":{"rendered":"Om projektet2"},"content":{"rendered":"<div class=\"wpb-content-wrapper\"><p>[vc_row unlock_row=&#8221;&#8221; row_height_percent=&#8221;0&#8243; override_padding=&#8221;yes&#8221; h_padding=&#8221;2&#8243; top_padding=&#8221;3&#8243; bottom_padding=&#8221;3&#8243; overlay_alpha=&#8221;50&#8243; gutter_size=&#8221;3&#8243; shift_y=&#8221;0&#8243;][vc_column column_width_percent=&#8221;90&#8243; position_horizontal=&#8221;left&#8221; gutter_size=&#8221;3&#8243; overlay_alpha=&#8221;50&#8243; shift_x=&#8221;0&#8243; shift_y=&#8221;0&#8243; z_index=&#8221;0&#8243; medium_width=&#8221;0&#8243; width=&#8221;7\/12&#8243;][vc_column_text uncode_shortcode_id=&#8221;258621&#8243;]<\/p>\n<p style=\"text-align: left;\">Med \u00f6ra f\u00f6r orkester startades 2016. M\u00d6FO lyfter fr\u00e5gor och \u00f6kar kunskapen kring h\u00f6rselskador. Fr\u00e4mst inom ideell orkesterverksamhet men \u00e4ven gentemot skolor och professionella orkestrar.<\/p>\n<p style=\"text-align: left;\">Vi vill p\u00e5 bred front arbeta f\u00f6rebyggande f\u00f6r att f\u00f6rhindra att fler r\u00e5kar ut f\u00f6r h\u00f6rselskada i samband med t.ex. musikut\u00f6vande. Drabbade musiker erbjuds hj\u00e4lp med att hantera och f\u00f6rb\u00e4ttra sin situation.<\/p>\n<p style=\"text-align: left;\">Under 2017 och 2018\u00a0utbildade vi ljudskyddsombud inom v\u00e5ra medlemsorkestrar. Och vi erbjuder workshops f\u00f6r att ventilera problematik och se \u00f6ver m\u00f6jliga l\u00f6sningar f\u00f6r enskilda musiker och orkestrar.<\/p>\n<p style=\"text-align: left;\">Projektet finansierades 2016-2019 av Allm\u00e4nna arvsfonden. Arvsfonden f\u00f6rdelar st\u00f6d till organisationer som driver ideell verksamhet och som arbetar f\u00f6r barn, ungdomar och personer med funktionsneds\u00e4ttning.<br \/>\nVi \u00e4r mycket glada och stolta att kunna forts\u00e4tta detta projekt som engagerar och involverar m\u00e5nga och skapar betydelse f\u00f6r l\u00e5ngt \u00e4nnu fler.<\/p>\n<p>[\/vc_column_text][vc_column_text uncode_shortcode_id=&#8221;146800&#8243;]<\/p>\n<p style=\"text-align: left;\"><strong>H\u00e4r kan du ladda ner v\u00e5r folder som kortfattat beskriver M\u00d6FO och vad vi kan erbjuda.<\/strong><\/p>\n<p>[\/vc_column_text][vc_button button_color=&#8221;accent&#8221; size=&#8221;btn-sm&#8221; link=&#8221;url:https%3A%2F%2Forkesterforbundet.se%2Forkesterora%2Fwp-content%2Fuploads%2F2017%2F01%2FOrkesterora_folder.pdf||target:%20_blank|&#8221;]Ladda ner[\/vc_button][vc_column_text]<\/p>\n<h3 style=\"text-align: left;\">Fokusgruppen<\/h3>\n<p style=\"text-align: left;\">D\u00e5 projektet \u00e4r deltagarstyrt formas\u00a0stora delar av inneh\u00e5ll och riktning av projektets fokusgrupp. Fokusgruppen, utspridda \u00f6ver hela landet, best\u00e5r av personer med egen erfarenhet av h\u00f6rselproblem kopplat till orkesterspel. Inom fokusgruppen ventileras problematik, erfarenheter, id\u00e9er och l\u00f6sningar. Fokusgruppen samlas ca. 4 g\u00e5nger per \u00e5r.<\/p>\n<p>[\/vc_column_text][vc_button button_color=&#8221;accent&#8221; size=&#8221;btn-sm&#8221; link=&#8221;url:https%3A%2F%2Forkesterforbundet.se%2Forkesterora%2Ffokusgruppen%2F|title:Fokusgruppen||&#8221;]L\u00e4s mer[\/vc_button][vc_column_text]<\/p>\n<h3 style=\"text-align: left;\"><\/h3>\n<h3 style=\"text-align: left;\">Referensgruppen<\/h3>\n<p style=\"text-align: left;\">Referensgruppen, best\u00e5ende av samarbetsorganisationer och experter, bist\u00e5r projektet med kompetens f\u00f6r att s\u00e4kerst\u00e4lla kunskapskvalit\u00e9 och f\u00f6r att n\u00e5 best\u00e5ende och v\u00e4rdefulla m\u00e5l inom projektet.<\/p>\n<p style=\"text-align: left;\">I referensgruppen ing\u00e5r: <strong>Kulturens Bildningsverksamhet, AMMOT<\/strong> (Artister och Musiker Mot Tinnitus), <strong>Kulturskoler\u00e5det, Artist- och Musikerh\u00e4lsan, RUM<\/strong> (Riksf\u00f6rbundet Unga Musikanter), <strong>Stig Arlinger<\/strong>, professor emeritius inom teknisk audiologi, <strong>Ljudombudsmannen Lars Bergh<\/strong> samt <strong>Dr Thomas Lag\u00f6<\/strong>.<\/p>\n<p>[\/vc_column_text][vc_button button_color=&#8221;accent&#8221; size=&#8221;btn-sm&#8221; radius=&#8221;btn-square&#8221; link=&#8221;url:https%3A%2F%2Forkesterforbundet.se%2Forkesterora%2Freferensgrupp%2F|title:Referensgruppen||&#8221;]L\u00e4s mer[\/vc_button][\/vc_column][vc_column column_width_percent=&#8221;100&#8243; position_horizontal=&#8221;left&#8221; gutter_size=&#8221;3&#8243; overlay_alpha=&#8221;50&#8243; shift_x=&#8221;0&#8243; shift_y=&#8221;0&#8243; z_index=&#8221;0&#8243; medium_width=&#8221;0&#8243; width=&#8221;5\/12&#8243;][vc_gmaps map_color=&#8221;accent&#8221; ui_color=&#8221;accent&#8221; zoom=&#8221;13&#8243; map_saturation=&#8221;-26&#8243; map_brightness=&#8221;5&#8243; latlon=&#8221;59.363355, 17.957858&#8243; size=&#8221;190&#8243;][vc_separator sep_color=&#8221;,Default&#8221;][vc_column_text uncode_shortcode_id=&#8221;190791&#8243;]<\/p>\n<h3>Adress<\/h3>\n<p>c\/o Sveriges Orkesterf\u00f6rbund<br \/>\nMusseronv\u00e4gen 1C<br \/>\n141 60 Huddinge[\/vc_column_text][vc_separator sep_color=&#8221;,Default&#8221;][vc_column_text]<\/p>\n<h3>Kontakt<\/h3>\n<p>Andreas Forsman<br \/>\nProjektledare<br \/>\n<a href=\"tel:0046705611050\">+4670 561 10 50<\/a><br \/>\n<a href=\"mailto:info@orkester.nu\">info@orkester.nu<\/a>[\/vc_column_text][vc_separator sep_color=&#8221;,Default&#8221;][vc_custom_heading text_size=&#8221;h4&#8243;]Projektet finansieras av[\/vc_custom_heading][vc_single_image media=&#8221;49357&#8243; media_width_percent=&#8221;100&#8243; alignment=&#8221;center&#8221; media_link=&#8221;url:http%3A%2F%2Fwww.arvsfonden.se%2F|title:Allm%C3%A4nna%20Arvsfonden|target:%20_blank|&#8221;][vc_separator sep_color=&#8221;,Default&#8221;][vc_custom_heading]Med \u00f6ra f\u00f6r orkester f\u00f6ljer Sveriges Orkesterf\u00f6rbunds dataskyddspolicy i enlighet med best\u00e4mmelserna i GDPR. Policyn finner du\u00a0<strong><span style=\"color: #33cccc;\"><a style=\"color: #33cccc;\" href=\"https:\/\/orkesterforbundet.se\/sveriges-orkesterforbunds-dataskyddspolicy\/\" target=\"_blank\" rel=\"noopener\">h\u00e4r<\/a><\/span><\/strong>.[\/vc_custom_heading][\/vc_column][\/vc_row]<\/p>\n<\/div>","protected":false},"excerpt":{"rendered":"<p>[vc_row unlock_row=&#8221;&#8221; row_height_percent=&#8221;0&#8243; override_padding=&#8221;yes&#8221; h_padding=&#8221;2&#8243; top_padding=&#8221;3&#8243; bottom_padding=&#8221;3&#8243; overlay_alpha=&#8221;50&#8243; gutter_size=&#8221;3&#8243; shift_y=&#8221;0&#8243;][vc_column column_width_percent=&#8221;90&#8243; position_horizontal=&#8221;left&#8221; gutter_size=&#8221;3&#8243; overlay_alpha=&#8221;50&#8243; shift_x=&#8221;0&#8243; shift_y=&#8221;0&#8243; z_index=&#8221;0&#8243; medium_width=&#8221;0&#8243; width=&#8221;7\/12&#8243;][vc_column_text uncode_shortcode_id=&#8221;258621&#8243;] [&hellip;]<\/p>\n","protected":false},"author":3,"featured_media":50201,"parent":0,"menu_order":0,"comment_status":"closed","ping_status":"closed","template":"","meta":{"footnotes":""},"class_list":["post-50200","page","type-page","status-publish","has-post-thumbnail","hentry"],"_links":{"self":[{"href":"https:\/\/orkesterforbundet.se\/orkesterora\/wp-json\/wp\/v2\/pages\/50200","targetHints":{"allow":["GET"]}}],"collection":[{"href":"https:\/\/orkesterforbundet.se\/orkesterora\/wp-json\/wp\/v2\/pages"}],"about":[{"href":"https:\/\/orkesterforbundet.se\/orkesterora\/wp-json\/wp\/v2\/types\/page"}],"author":[{"embeddable":true,"href":"https:\/\/orkesterforbundet.se\/orkesterora\/wp-json\/wp\/v2\/users\/3"}],"replies":[{"embeddable":true,"href":"https:\/\/orkesterforbundet.se\/orkesterora\/wp-json\/wp\/v2\/comments?post=50200"}],"version-history":[{"count":5,"href":"https:\/\/orkesterforbundet.se\/orkesterora\/wp-json\/wp\/v2\/pages\/50200\/revisions"}],"predecessor-version":[{"id":50597,"href":"https:\/\/orkesterforbundet.se\/orkesterora\/wp-json\/wp\/v2\/pages\/50200\/revisions\/50597"}],"wp:featuredmedia":[{"embeddable":true,"href":"https:\/\/orkesterforbundet.se\/orkesterora\/wp-json\/wp\/v2\/media\/50201"}],"wp:attachment":[{"href":"https:\/\/orkesterforbundet.se\/orkesterora\/wp-json\/wp\/v2\/media?parent=50200"}],"curies":[{"name":"wp","href":"https:\/\/api.w.org\/{rel}","templated":true}]}}