{"id":50189,"date":"2018-12-19T15:50:27","date_gmt":"2018-12-19T13:50:27","guid":{"rendered":"https:\/\/orkesterforbundet.se\/orkesterora\/?page_id=50189"},"modified":"2025-04-11T10:54:08","modified_gmt":"2025-04-11T08:54:08","slug":"ljudskola2","status":"publish","type":"page","link":"https:\/\/orkesterforbundet.se\/orkesterora\/ljudskola2\/","title":{"rendered":"Ljudskola2"},"content":{"rendered":"<div class=\"wpb-content-wrapper\"><p>[vc_row][vc_column][vc_column_text uncode_shortcode_id=&#8221;136998&#8243;]<\/p>\n<p style=\"text-align: left;\"><a href=\"https:\/\/orkesterforbundet.se\/orkesterora\/med-ora-for-orkesters-ljudskola-filmer\/ljudskolan\/\" rel=\"attachment wp-att-50040\"><img decoding=\"async\" class=\"wp-image-50040 alignleft\" src=\"https:\/\/orkesterforbundet.se\/orkesterora\/wp-content\/uploads\/2018\/04\/Ljudskolan.jpg\" alt=\"Ljudskolan\" width=\"177\" height=\"99\" srcset=\"https:\/\/orkesterforbundet.se\/orkesterora\/wp-content\/uploads\/2018\/04\/Ljudskolan.jpg 720w, https:\/\/orkesterforbundet.se\/orkesterora\/wp-content\/uploads\/2018\/04\/Ljudskolan-300x169.jpg 300w\" sizes=\"(max-width: 177px) 100vw, 177px\" \/><\/a><\/p>\n<h5 style=\"text-align: left;\"><\/h5>\n<h5 style=\"text-align: left;\"><\/h5>\n<h5 style=\"text-align: left;\"><a href=\"https:\/\/orkesterforbundet.se\/orkesterora\/med-ora-for-orkesters-ljudskola-filmer\/ljudskolan\/\" rel=\"attachment wp-att-50040\">H\u00e4r f\u00e5r du tips kring placering och annat. <\/a><a href=\"https:\/\/orkesterforbundet.se\/orkesterora\/med-ora-for-orkesters-ljudskola-filmer\/ljudskolan\/\" rel=\"attachment wp-att-50040\">Vi visar ocks\u00e5 decibelniv\u00e5er f\u00f6r olika instrument. Vet du hur l\u00e4tt eller sv\u00e5rt det \u00e4r att prestera skadliga ljudniv\u00e5er p\u00e5 ett instrument<\/a>?<\/h5>\n<p>&nbsp;<\/p>\n<p>&nbsp;<\/p>\n<p style=\"text-align: left;\"><strong>Ladda ner PDF:er<\/strong><\/p>\n<p style=\"text-align: left;\">H\u00e4r kan du ladda ner Orkesterns ljudskola som pdf:er. Anv\u00e4nd l\u00e4nkarna nedan f\u00f6r de olika delarna<\/p>\n<p><strong><a href=\"https:\/\/orkesterforbundet.se\/orkesterora\/wp-content\/uploads\/2016\/09\/Med-\u00f6ra-f\u00f6r-orkesters-ljudskola-del-1.pdf\" target=\"_blank\" rel=\"noopener\">Del 1: H\u00f6rseln, decibel och placeringen i orkestern.<\/a><\/strong><br \/>\n<strong><a href=\"https:\/\/orkesterforbundet.se\/orkesterora\/wp-content\/uploads\/2016\/09\/Med-\u00f6ra-f\u00f6r-orkesters-ljudskola-del-2.pdf\">Del 2: Ljudkonsumtion och ljudm\u00e4tning.<\/a><\/strong><br \/>\n<strong><a href=\"https:\/\/orkesterforbundet.se\/orkesterora\/wp-content\/uploads\/2016\/09\/Med-\u00f6ra-f\u00f6r-orkesters-ljudskola-del-3.pdf\" target=\"_blank\" rel=\"noopener\">Del 3: Akustik och \u00e5tg\u00e4rder av lokaler.<\/a><\/strong>[\/vc_column_text][\/vc_column][\/vc_row][vc_row][\/vc_row][vc_row][vc_column width=&#8221;1\/2&#8243;][vc_single_image media=&#8221;50163&#8243; media_lightbox=&#8221;yes&#8221; media_width_percent=&#8221;100&#8243; uncode_shortcode_id=&#8221;139399&#8243;][\/vc_column][vc_column width=&#8221;1\/2&#8243;][vc_single_image media=&#8221;50164&#8243; media_lightbox=&#8221;yes&#8221; media_width_percent=&#8221;100&#8243; uncode_shortcode_id=&#8221;172466&#8243;][\/vc_column][\/vc_row][vc_row][vc_column width=&#8221;1\/3&#8243;][vc_column_text uncode_shortcode_id=&#8221;197813&#8243;]<iframe title=\"YouTube video player\" src=\"https:\/\/www.youtube.com\/embed\/fy2f3KNZV1g?si=Dtu74H1REV01jvJh\" width=\"300\" height=\"200\" frameborder=\"0\" allowfullscreen=\"allowfullscreen\"><\/iframe>[\/vc_column_text][\/vc_column][vc_column width=&#8221;1\/3&#8243;][vc_column_text uncode_shortcode_id=&#8221;144932&#8243;]<iframe title=\"YouTube video player\" src=\"https:\/\/www.youtube.com\/embed\/jiYgpWx1EXk?si=AiDeVos7f_dwDrBB\" width=\"300\" height=\"200\" frameborder=\"0\" allowfullscreen=\"allowfullscreen\"><\/iframe>[\/vc_column_text][\/vc_column][vc_column width=&#8221;1\/3&#8243;][vc_column_text uncode_shortcode_id=&#8221;177511&#8243;]<iframe title=\"YouTube video player\" src=\"https:\/\/www.youtube.com\/embed\/uc7GRX9GM6s?si=q0dHP7fl8Rn_rE0V\" width=\"300\" height=\"200\" frameborder=\"0\" allowfullscreen=\"allowfullscreen\"><\/iframe>[\/vc_column_text][\/vc_column][\/vc_row][vc_row][vc_column width=&#8221;1\/1&#8243;][vc_button button_color=&#8221;accent&#8221; css_animation=&#8221;bottom-t-top&#8221; link=&#8221;url:https%3A%2F%2Forkesterforbundet.se%2Forkesterora%2Fvad-ar-ljud%2F|||&#8221;]Vad \u00e4r ljud? L\u00e4s mer h\u00e4r[\/vc_button][vc_empty_space empty_h=&#8221;3&#8243;][\/vc_column][\/vc_row]<\/p>\n<\/div>","protected":false},"excerpt":{"rendered":"<p>[vc_row][vc_column][vc_column_text uncode_shortcode_id=&#8221;136998&#8243;] H\u00e4r f\u00e5r du tips kring placering och annat. Vi visar ocks\u00e5 decibelniv\u00e5er f\u00f6r olika instrument. Vet du hur [&hellip;]<\/p>\n","protected":false},"author":3,"featured_media":50194,"parent":0,"menu_order":0,"comment_status":"closed","ping_status":"closed","template":"","meta":{"footnotes":""},"class_list":["post-50189","page","type-page","status-publish","has-post-thumbnail","hentry"],"_links":{"self":[{"href":"https:\/\/orkesterforbundet.se\/orkesterora\/wp-json\/wp\/v2\/pages\/50189","targetHints":{"allow":["GET"]}}],"collection":[{"href":"https:\/\/orkesterforbundet.se\/orkesterora\/wp-json\/wp\/v2\/pages"}],"about":[{"href":"https:\/\/orkesterforbundet.se\/orkesterora\/wp-json\/wp\/v2\/types\/page"}],"author":[{"embeddable":true,"href":"https:\/\/orkesterforbundet.se\/orkesterora\/wp-json\/wp\/v2\/users\/3"}],"replies":[{"embeddable":true,"href":"https:\/\/orkesterforbundet.se\/orkesterora\/wp-json\/wp\/v2\/comments?post=50189"}],"version-history":[{"count":5,"href":"https:\/\/orkesterforbundet.se\/orkesterora\/wp-json\/wp\/v2\/pages\/50189\/revisions"}],"predecessor-version":[{"id":50618,"href":"https:\/\/orkesterforbundet.se\/orkesterora\/wp-json\/wp\/v2\/pages\/50189\/revisions\/50618"}],"wp:featuredmedia":[{"embeddable":true,"href":"https:\/\/orkesterforbundet.se\/orkesterora\/wp-json\/wp\/v2\/media\/50194"}],"wp:attachment":[{"href":"https:\/\/orkesterforbundet.se\/orkesterora\/wp-json\/wp\/v2\/media?parent=50189"}],"curies":[{"name":"wp","href":"https:\/\/api.w.org\/{rel}","templated":true}]}}