{"id":50171,"date":"2018-12-18T17:17:16","date_gmt":"2018-12-18T15:17:16","guid":{"rendered":"https:\/\/orkesterforbundet.se\/orkesterora\/?page_id=50171"},"modified":"2025-10-28T20:03:15","modified_gmt":"2025-10-28T18:03:15","slug":"ljudskyddsombud","status":"publish","type":"page","link":"https:\/\/orkesterforbundet.se\/orkesterora\/ljudskyddsombud\/","title":{"rendered":"Ljudskyddsombud"},"content":{"rendered":"<div class=\"wpb-content-wrapper\"><p>[vc_row row_height_percent=&#8221;0&#8243; override_padding=&#8221;yes&#8221; h_padding=&#8221;3&#8243; top_padding=&#8221;2&#8243; bottom_padding=&#8221;2&#8243; overlay_alpha=&#8221;50&#8243; gutter_size=&#8221;3&#8243; shift_y=&#8221;0&#8243;][vc_column column_width_use_pixel=&#8221;yes&#8221; gutter_size=&#8221;3&#8243; overlay_alpha=&#8221;50&#8243; shift_x=&#8221;0&#8243; shift_y=&#8221;0&#8243; z_index=&#8221;0&#8243; medium_width=&#8221;0&#8243; width=&#8221;1\/1&#8243; column_width_pixel=&#8221;800&#8243;][vc_column_text uncode_shortcode_id=&#8221;110184&#8243;]Under 2017 s\u00f6kte vi kandidater som ville bli Med \u00f6ra f\u00f6r orkesters ljudskyddsombud. 24 personer har f\u00e5tt utbildning i ljud- och h\u00f6rselfr\u00e5gor relaterat till orkestrar och musiker.<\/p>\n<p>Ljudskyddsombuden har sj\u00e4lva koppling till orkestersammanhang. H\u00e4r finns\u00a0musiker, styrelsefolk och dirigenter, s\u00e5v\u00e4l proffs som amat\u00f6rer. \u00c4ven skyddsombud fr\u00e5n skolor och Kulturskolor\u00a0har deltagit\u00a0f\u00f6r att bredda sin kompetens i rollen som skyddsombud.<\/p>\n<p>Maila till <a href=\"mailto:info@orkester.nu\">info@orkester.nu<\/a> om\u00a0du vill f\u00e5 kontakt med ditt n\u00e4rmsta ljudskyddsombud. Ombud\u00a0finns p\u00e5 f\u00f6ljande orter:\u00a0Arboga, Borl\u00e4nge, Danderyd, Falk\u00f6ping, Falun, Fr\u00f6s\u00f6n, G\u00f6teborg, Halmstad, Karlskrona, Kiruna, Kristinehamn, Laholm, Motala, Nacka, Norsj\u00f6, Nyk\u00f6ping, Sigtuna, Sundsvall, Tran\u00e5s, Ume\u00e5, Uppsala, V\u00e4ster\u00e5s, V\u00e4xj\u00f6 och \u00d6rnsk\u00f6ldsvik.[\/vc_column_text][vc_gallery el_id=&#8221;gallery-757268&#8243; type=&#8221;carousel&#8221; medias=&#8221;50179,50180,50175&#8243; carousel_lg=&#8221;3&#8243; carousel_md=&#8221;3&#8243; carousel_sm=&#8221;1&#8243; gutter_size=&#8221;3&#8243; carousel_interval=&#8221;3000&#8243; carousel_navspeed=&#8221;400&#8243; single_overlay_opacity=&#8221;50&#8243; single_padding=&#8221;2&#8243;][\/vc_column][\/vc_row][vc_row row_height_percent=&#8221;0&#8243; override_padding=&#8221;yes&#8221; h_padding=&#8221;3&#8243; top_padding=&#8221;2&#8243; bottom_padding=&#8221;3&#8243; back_color=&#8221;color-lxmt&#8221; overlay_alpha=&#8221;100&#8243; gutter_size=&#8221;3&#8243; shift_y=&#8221;0&#8243; style=&#8221;inherited&#8221;][vc_column column_width_use_pixel=&#8221;yes&#8221; gutter_size=&#8221;3&#8243; overlay_alpha=&#8221;50&#8243; shift_x=&#8221;0&#8243; shift_y=&#8221;0&#8243; z_index=&#8221;0&#8243; medium_width=&#8221;0&#8243; width=&#8221;1\/1&#8243; column_width_pixel=&#8221;800&#8243;][\/vc_column][\/vc_row]<\/p>\n<\/div>","protected":false},"excerpt":{"rendered":"<p>[vc_row row_height_percent=&#8221;0&#8243; override_padding=&#8221;yes&#8221; h_padding=&#8221;3&#8243; top_padding=&#8221;2&#8243; bottom_padding=&#8221;2&#8243; overlay_alpha=&#8221;50&#8243; gutter_size=&#8221;3&#8243; shift_y=&#8221;0&#8243;][vc_column column_width_use_pixel=&#8221;yes&#8221; gutter_size=&#8221;3&#8243; overlay_alpha=&#8221;50&#8243; shift_x=&#8221;0&#8243; shift_y=&#8221;0&#8243; z_index=&#8221;0&#8243; medium_width=&#8221;0&#8243; width=&#8221;1\/1&#8243; column_width_pixel=&#8221;800&#8243;][vc_column_text uncode_shortcode_id=&#8221;110184&#8243;]Under 2017 [&hellip;]<\/p>\n","protected":false},"author":3,"featured_media":50175,"parent":0,"menu_order":0,"comment_status":"closed","ping_status":"closed","template":"","meta":{"footnotes":""},"class_list":["post-50171","page","type-page","status-publish","has-post-thumbnail","hentry"],"_links":{"self":[{"href":"https:\/\/orkesterforbundet.se\/orkesterora\/wp-json\/wp\/v2\/pages\/50171","targetHints":{"allow":["GET"]}}],"collection":[{"href":"https:\/\/orkesterforbundet.se\/orkesterora\/wp-json\/wp\/v2\/pages"}],"about":[{"href":"https:\/\/orkesterforbundet.se\/orkesterora\/wp-json\/wp\/v2\/types\/page"}],"author":[{"embeddable":true,"href":"https:\/\/orkesterforbundet.se\/orkesterora\/wp-json\/wp\/v2\/users\/3"}],"replies":[{"embeddable":true,"href":"https:\/\/orkesterforbundet.se\/orkesterora\/wp-json\/wp\/v2\/comments?post=50171"}],"version-history":[{"count":5,"href":"https:\/\/orkesterforbundet.se\/orkesterora\/wp-json\/wp\/v2\/pages\/50171\/revisions"}],"predecessor-version":[{"id":50173,"href":"https:\/\/orkesterforbundet.se\/orkesterora\/wp-json\/wp\/v2\/pages\/50171\/revisions\/50173"}],"wp:featuredmedia":[{"embeddable":true,"href":"https:\/\/orkesterforbundet.se\/orkesterora\/wp-json\/wp\/v2\/media\/50175"}],"wp:attachment":[{"href":"https:\/\/orkesterforbundet.se\/orkesterora\/wp-json\/wp\/v2\/media?parent=50171"}],"curies":[{"name":"wp","href":"https:\/\/api.w.org\/{rel}","templated":true}]}}