{"id":50039,"date":"2018-04-18T14:17:11","date_gmt":"2018-04-18T12:17:11","guid":{"rendered":"https:\/\/orkesterforbundet.se\/orkesterora\/?page_id=50039"},"modified":"2019-03-07T17:01:50","modified_gmt":"2019-03-07T15:01:50","slug":"med-ora-for-orkesters-ljudskola-filmer-2","status":"publish","type":"page","link":"https:\/\/orkesterforbundet.se\/orkesterora\/med-ora-for-orkesters-ljudskola-filmer-2\/","title":{"rendered":"Med \u00f6ra f\u00f6r orkesters ljudskola"},"content":{"rendered":"<div class=\"wpb-content-wrapper\"><p>[vc_row][vc_column][vc_column_text]<\/p>\n<p style=\"text-align: left;\"><a href=\"https:\/\/orkesterforbundet.se\/orkesterora\/med-ora-for-orkesters-ljudskola-filmer\/ljudskolan\/\" rel=\"attachment wp-att-50040\"><img decoding=\"async\" class=\"wp-image-50040 alignleft\" src=\"https:\/\/orkesterforbundet.se\/orkesterora\/wp-content\/uploads\/2018\/04\/Ljudskolan.jpg\" alt=\"Ljudskolan\" width=\"177\" height=\"99\" srcset=\"https:\/\/orkesterforbundet.se\/orkesterora\/wp-content\/uploads\/2018\/04\/Ljudskolan.jpg 720w, https:\/\/orkesterforbundet.se\/orkesterora\/wp-content\/uploads\/2018\/04\/Ljudskolan-300x169.jpg 300w\" sizes=\"(max-width: 177px) 100vw, 177px\" \/><\/a><\/p>\n<h1 style=\"text-align: left;\">Med \u00f6ra f\u00f6r orkesters ljudskola<\/h1>\n<p style=\"text-align: left;\"><a href=\"https:\/\/orkesterforbundet.se\/orkesterora\/med-ora-for-orkesters-ljudskola-filmer\/ljudskolan\/\" rel=\"attachment wp-att-50040\">H\u00e4r f\u00e5r du tips kring placering och annat. <\/a><a href=\"https:\/\/orkesterforbundet.se\/orkesterora\/med-ora-for-orkesters-ljudskola-filmer\/ljudskolan\/\" rel=\"attachment wp-att-50040\">Vi visar ocks\u00e5 decibelniv\u00e5er f\u00f6r olika instrument. Vet du hur l\u00e4tt eller sv\u00e5rt det \u00e4r att prestera skadliga ljudniv\u00e5er p\u00e5 ett instrument<\/a>?<\/p>\n<p style=\"text-align: left;\">[tabs]<br \/>\n[tab title=&#8221;Ladda ner PDF:er&#8221;]<\/p>\n<p style=\"text-align: left;\">H\u00e4r kan du ladda ner Orkesterns ljudskola som pdf:er. Anv\u00e4nd l\u00e4nkarna nedan f\u00f6r de olika delarna<\/p>\n<p><strong><a href=\"https:\/\/orkesterforbundet.se\/orkesterora\/wp-content\/uploads\/2016\/09\/Med-\u00f6ra-f\u00f6r-orkesters-ljudskola-del-1.pdf\" target=\"_blank\">Del 1: H\u00f6rseln, decibel och placeringen i orkestern.<\/a><\/strong><br \/>\n<strong><a href=\"https:\/\/orkesterforbundet.se\/orkesterora\/wp-content\/uploads\/2016\/09\/Med-\u00f6ra-f\u00f6r-orkesters-ljudskola-del-2.pdf\">Del 2: Ljudkonsumtion och ljudm\u00e4tning.<\/a><\/strong><br \/>\n<strong><a href=\"https:\/\/orkesterforbundet.se\/orkesterora\/wp-content\/uploads\/2016\/09\/Med-\u00f6ra-f\u00f6r-orkesters-ljudskola-del-3.pdf\" target=\"_blank\">Del 3: Akustik och \u00e5tg\u00e4rder av lokaler.<\/a><\/strong><\/p>\n<p style=\"text-align: left;\"><img decoding=\"async\" class=\"alignnone wp-image-50140 size-full\" src=\"https:\/\/orkesterforbundet.se\/orkesterora\/wp-content\/uploads\/2018\/04\/ljudskola.jpg\" alt=\"ljudskola\" width=\"836\" height=\"244\" srcset=\"https:\/\/orkesterforbundet.se\/orkesterora\/wp-content\/uploads\/2018\/04\/ljudskola.jpg 836w, https:\/\/orkesterforbundet.se\/orkesterora\/wp-content\/uploads\/2018\/04\/ljudskola-300x88.jpg 300w, https:\/\/orkesterforbundet.se\/orkesterora\/wp-content\/uploads\/2018\/04\/ljudskola-768x224.jpg 768w\" sizes=\"(max-width: 836px) 100vw, 836px\" \/>[\/tab]<br \/>\n[tab title=&#8221;Filmmaterial&#8221;]<\/p>\n<p>[unitegallery ljudskola]<\/p>\n<p style=\"text-align: left;\">[\/tab]<br \/>\n[tab title=&#8221;Bildmaterial&#8221;]<\/p>\n<p>[unitegallery ljudskolabilder]<\/p>\n<p style=\"text-align: left;\">[\/tab]<\/p>\n<p style=\"text-align: left;\">[tab title=&#8221;Decibelskola&#8221;]<\/p>\n<p>&nbsp;<\/p>\n<p><img decoding=\"async\" class=\"alignnone size-full wp-image-50187\" src=\"https:\/\/orkesterforbundet.se\/orkesterora\/wp-content\/uploads\/2018\/04\/canstockphoto56936439.jpg\" alt=\"canstockphoto56936439\" width=\"800\" height=\"448\" srcset=\"https:\/\/orkesterforbundet.se\/orkesterora\/wp-content\/uploads\/2018\/04\/canstockphoto56936439.jpg 800w, https:\/\/orkesterforbundet.se\/orkesterora\/wp-content\/uploads\/2018\/04\/canstockphoto56936439-300x168.jpg 300w, https:\/\/orkesterforbundet.se\/orkesterora\/wp-content\/uploads\/2018\/04\/canstockphoto56936439-768x430.jpg 768w\" sizes=\"(max-width: 800px) 100vw, 800px\" \/><\/p>\n<p>Det vi uppfattar som ljud \u00e4r tryckvariationer i luften, vilka s\u00e4tter trumhinnan i sv\u00e4ngningar. Fr\u00e5n trumhinnan \u00f6verf\u00f6rs ljudet via h\u00f6rselbenen till h\u00f6rselsn\u00e4ckan d\u00e4r det omvandlas till elektriska signaler som g\u00e5r vidare till hj\u00e4rnan. \u00d6rat kan hantera ljudtryck inom ett mycket stort omr\u00e5de. F\u00f6r att t\u00e4cka in \u00f6rats stora arbetsomr\u00e5de anv\u00e4nds en speciell skala f\u00f6r att beskriva hur starkt ljudet \u00e4r. Resultatet \u2013 ljudtrycksniv\u00e5n \u2013 anges d\u00e5 i decibel (dB). Decibelskalan \u00e4r logaritmisk vilket inneb\u00e4r att 73 dB \u00e4r dubbelt s\u00e5 starkt som 70 dB, 76 dB \u00e4r dubbelt s\u00e5 starkt som 73 dB osv\u2026<\/p>\n<p>0 decibel motsvarar svagast m\u00f6jliga ljud en normalh\u00f6rande m\u00e4nniska kan uppfatta.<\/p>\n<p>\u2022 0 dB n\u00e4stan j\u00e4ttetyst<br \/>\n\u2022 50-70 dB behagligt (normal samtalsniv\u00e5 = ca 60 dB)<br \/>\n\u2022 Fr\u00e5n 80 dB kan h\u00f6rseln p\u00e5verkas negativt<br \/>\n\u2022 Fr\u00e5n 90-100 dB obehagligt<\/p>\n<p>P\u00e5 grund av den speciella skalan g\u00e4ller att tv\u00e5 lika starka ljudk\u00e4llor ger 3 dB h\u00f6gre ljudtrycksniv\u00e5 \u00e4n enbart den ena k\u00e4llan. Tio lika starka ljudk\u00e4llor ger 10 dB h\u00f6gre niv\u00e5 och hundra lika starka ljudk\u00e4llor 20 dB h\u00f6gre niv\u00e5.<\/p>\n<p><img decoding=\"async\" class=\"alignnone size-full wp-image-50284\" src=\"https:\/\/orkesterforbundet.se\/orkesterora\/wp-content\/uploads\/2018\/12\/x1-2.jpg\" alt=\"x1 2\" width=\"300\" height=\"175\" \/><\/p>\n<p><img decoding=\"async\" class=\"alignnone size-full wp-image-50285\" src=\"https:\/\/orkesterforbundet.se\/orkesterora\/wp-content\/uploads\/2018\/12\/x2-2.jpg\" alt=\"x2 2\" width=\"300\" height=\"175\" \/><\/p>\n<p><img decoding=\"async\" class=\"alignnone size-full wp-image-50286\" src=\"https:\/\/orkesterforbundet.se\/orkesterora\/wp-content\/uploads\/2018\/12\/x10-2.jpg\" alt=\"x10 2\" width=\"300\" height=\"175\" \/><br \/>\n<img decoding=\"async\" class=\"alignnone size-full wp-image-50272\" src=\"https:\/\/orkesterforbundet.se\/orkesterora\/wp-content\/uploads\/2018\/12\/x100-2.jpg\" alt=\"x100 2\" width=\"300\" height=\"175\" \/><\/p>\n<p>Decibel kan m\u00e4tas med olika kurvor som tar olika h\u00e4nsyn till vissa frekvensomr\u00e5den. Vid ljudm\u00e4tning avsedd att uppskatta h\u00f6rselskaderisken anv\u00e4nds vanligen A-filtret som i huvudsak inte tar h\u00e4nsyn till de l\u00e4gre frekvenserna. Vid m\u00e4tning av impulsljud anv\u00e4nds dock C-filtret, en n\u00e5got planare m\u00e4tkurva. Regelverket f\u00f6r ljudniv\u00e5er i arbetsmilj\u00f6 och vid konserter anv\u00e4nder i huvudsak decibelm\u00e4tning med A-filter, ben\u00e4mns dB(A).<\/p>\n<p>Om man befinner sig p\u00e5 en \u00f6ppen plats utomhus kan man konstatera att ljudets styrka minskar n\u00e4r man f\u00f6rflyttar sig bort fr\u00e5n en ljudk\u00e4lla. Om det inte finns reflekterande f\u00f6rem\u00e5l\u00a0\u00a0n\u00e4rheten tr\u00e4ffas man bara av direktljud fr\u00e5n ljudk\u00e4llan. Ljudniv\u00e5n fr\u00e5n en enstaka ljudk\u00e4lla avtar d\u00e5 med 6 dB per avst\u00e5ndsf\u00f6rdubbling.<\/p>\n<p><img decoding=\"async\" class=\"alignnone size-full wp-image-50274\" src=\"https:\/\/orkesterforbundet.se\/orkesterora\/wp-content\/uploads\/2018\/12\/05.jpg\" alt=\"0,5\" width=\"300\" height=\"175\" \/><\/p>\n<p><img decoding=\"async\" class=\"alignnone size-full wp-image-50275\" src=\"https:\/\/orkesterforbundet.se\/orkesterora\/wp-content\/uploads\/2018\/12\/1.jpg\" alt=\"1\" width=\"500\" height=\"175\" srcset=\"https:\/\/orkesterforbundet.se\/orkesterora\/wp-content\/uploads\/2018\/12\/1.jpg 500w, https:\/\/orkesterforbundet.se\/orkesterora\/wp-content\/uploads\/2018\/12\/1-300x105.jpg 300w\" sizes=\"(max-width: 500px) 100vw, 500px\" \/><\/p>\n<p><img decoding=\"async\" class=\"alignnone size-full wp-image-50276\" src=\"https:\/\/orkesterforbundet.se\/orkesterora\/wp-content\/uploads\/2018\/12\/2.jpg\" alt=\"2\" width=\"500\" height=\"175\" srcset=\"https:\/\/orkesterforbundet.se\/orkesterora\/wp-content\/uploads\/2018\/12\/2.jpg 500w, https:\/\/orkesterforbundet.se\/orkesterora\/wp-content\/uploads\/2018\/12\/2-300x105.jpg 300w\" sizes=\"(max-width: 500px) 100vw, 500px\" \/><\/p>\n<p style=\"text-align: left;\">[\/tab]<\/p>\n<p style=\"text-align: left;\">[\/tabs]<\/p>\n<p>[\/vc_column_text][\/vc_column][\/vc_row][vc_row][vc_column width=&#8221;1\/1&#8243;][\/vc_column][\/vc_row]<\/p>\n<\/div>","protected":false},"excerpt":{"rendered":"<p>Kortare filmer som illustrerar vad man kan g\u00f6ra f\u00f6r att minska riskerna f\u00f6r h\u00f6rselproblem n\u00e4r man musicerar tillsammans. <\/p>\n","protected":false},"author":3,"featured_media":50040,"parent":0,"menu_order":0,"comment_status":"closed","ping_status":"closed","template":"","meta":{"footnotes":""},"class_list":["post-50039","page","type-page","status-publish","has-post-thumbnail","hentry"],"_links":{"self":[{"href":"https:\/\/orkesterforbundet.se\/orkesterora\/wp-json\/wp\/v2\/pages\/50039","targetHints":{"allow":["GET"]}}],"collection":[{"href":"https:\/\/orkesterforbundet.se\/orkesterora\/wp-json\/wp\/v2\/pages"}],"about":[{"href":"https:\/\/orkesterforbundet.se\/orkesterora\/wp-json\/wp\/v2\/types\/page"}],"author":[{"embeddable":true,"href":"https:\/\/orkesterforbundet.se\/orkesterora\/wp-json\/wp\/v2\/users\/3"}],"replies":[{"embeddable":true,"href":"https:\/\/orkesterforbundet.se\/orkesterora\/wp-json\/wp\/v2\/comments?post=50039"}],"version-history":[{"count":5,"href":"https:\/\/orkesterforbundet.se\/orkesterora\/wp-json\/wp\/v2\/pages\/50039\/revisions"}],"predecessor-version":[{"id":50337,"href":"https:\/\/orkesterforbundet.se\/orkesterora\/wp-json\/wp\/v2\/pages\/50039\/revisions\/50337"}],"wp:featuredmedia":[{"embeddable":true,"href":"https:\/\/orkesterforbundet.se\/orkesterora\/wp-json\/wp\/v2\/media\/50040"}],"wp:attachment":[{"href":"https:\/\/orkesterforbundet.se\/orkesterora\/wp-json\/wp\/v2\/media?parent=50039"}],"curies":[{"name":"wp","href":"https:\/\/api.w.org\/{rel}","templated":true}]}}