{"id":49908,"date":"2018-02-19T11:12:38","date_gmt":"2018-02-19T09:12:38","guid":{"rendered":"https:\/\/orkesterforbundet.se\/orkesterora\/?page_id=49908"},"modified":"2018-12-20T16:00:58","modified_gmt":"2018-12-20T14:00:58","slug":"resound","status":"publish","type":"page","link":"https:\/\/orkesterforbundet.se\/orkesterora\/resound\/","title":{"rendered":"RE:SOUND"},"content":{"rendered":"<div class=\"wpb-content-wrapper\"><p>[vc_row row_height_percent=&#8221;0&#8243; override_padding=&#8221;yes&#8221; h_padding=&#8221;2&#8243; top_padding=&#8221;2&#8243; bottom_padding=&#8221;5&#8243; overlay_alpha=&#8221;100&#8243; gutter_size=&#8221;3&#8243; shift_y=&#8221;0&#8243; row_height_use_pixel=&#8221;&#8221;][vc_column column_width_use_pixel=&#8221;yes&#8221; overlay_alpha=&#8221;50&#8243; gutter_size=&#8221;3&#8243; medium_width=&#8221;0&#8243; shift_x=&#8221;0&#8243; shift_y=&#8221;0&#8243; z_index=&#8221;0&#8243; zoom_width=&#8221;0&#8243; zoom_height=&#8221;0&#8243; column_width_pixel=&#8221;800&#8243;][vc_column_text]<img decoding=\"async\" class=\"alignnone wp-image-49949 aligncenter\" src=\"https:\/\/orkesterforbundet.se\/orkesterora\/wp-content\/uploads\/2018\/02\/ReSound-logo.png\" alt=\"ReSound logo\" width=\"667\" height=\"369\" srcset=\"https:\/\/orkesterforbundet.se\/orkesterora\/wp-content\/uploads\/2018\/02\/ReSound-logo.png 2530w, https:\/\/orkesterforbundet.se\/orkesterora\/wp-content\/uploads\/2018\/02\/ReSound-logo-300x166.png 300w, https:\/\/orkesterforbundet.se\/orkesterora\/wp-content\/uploads\/2018\/02\/ReSound-logo-768x425.png 768w, https:\/\/orkesterforbundet.se\/orkesterora\/wp-content\/uploads\/2018\/02\/ReSound-logo-1024x567.png 1024w\" sizes=\"(max-width: 667px) 100vw, 667px\" \/>[\/vc_column_text][vc_column_text]<\/p>\n<h2 style=\"text-align: center;\"><span style=\"color: #d90909;\">Gick av stapeln l\u00f6rdagen den 10\/3 2018 p\u00e5 Kungliga Musikh\u00f6gskolan i Stockholm.<\/span><\/h2>\n<p>[\/vc_column_text][vc_separator][vc_column_text]<\/p>\n<p style=\"text-align: center;\">F\u00f6r nedladdningsbar PDF med sammanfattning och annan praktisk information &#8211;\u00a0<a href=\"https:\/\/orkesterforbundet.se\/orkesterora\/wp-content\/uploads\/2016\/09\/\u00c5terblick-RESOUND.pdf\" target=\"_blank\"><span style=\"color: #33cccc;\">klicka h\u00e4r.<\/span><\/a><\/p>\n<p>[\/vc_column_text][vc_separator][vc_column_text]<\/p>\n<h2 style=\"text-align: center;\"><\/h2>\n<h3>En dag f\u00f6r dig som vill veta mer om:<a href=\"https:\/\/orkesterforbundet.se\/orkesterora\/wp-content\/uploads\/2018\/02\/Affish-resound-A4.pdf\"><img decoding=\"async\" class=\"alignright wp-image-49922 \" src=\"https:\/\/orkesterforbundet.se\/orkesterora\/wp-content\/uploads\/2018\/02\/Sk\u00e4rmklipp-2018-02-15-14.06.03-213x300.png\" alt=\"Sk\u00e4rmklipp 2018-02-15 14.06.03\" width=\"262\" height=\"370\" \/><\/a><\/h3>\n<p><strong>H\u00f6rselskador<\/strong> &#8211; risker och \u00e5tg\u00e4rder<\/p>\n<p><strong>Akustik<\/strong> &#8211; hur f\u00e5r man ordning p\u00e5 lokalerna<\/p>\n<p><strong>Ljudm\u00e4tning<\/strong> &#8211; hur g\u00f6r man och vad s\u00e4ger lagen<\/p>\n<p><strong>Arbetsmilj\u00f6<\/strong> &#8211; ur h\u00f6rselperspektiv f\u00f6r student, musiker, l\u00e4rare, chef<\/p>\n<p><strong>Forskning och framtid<\/strong> &#8211; vad \u00e4r p\u00e5 g\u00e5ng och vad borde vara p\u00e5 g\u00e5ng<\/p>\n<p><strong>Lagar och tillsyn<\/strong> &#8211; vem ansvarar f\u00f6r vad<\/p>\n<p style=\"text-align: left;\">&#8230;och som vill ta del av intressanta utst\u00e4llare. Du kan bl.a. g\u00f6ra avgjutningar till h\u00f6rselskydd. \u00a0 \u00a0 \u00a0 \u00a0 \u00a0 \u00a0 \u00a0 \u00a0 \u00a0 \u00a0 \u00a0 \u00a0 \u00a0 \u00a0 \u00a0 \u00a0 \u00a0 \u00a0 \u00a0 \u00a0 \u00a0 \u00a0 \u00a0 \u00a0 \u00a0 \u00a0 \u00a0 \u00a0 \u00a0 \u00a0 \u00a0Klicka p\u00e5 bilden f\u00f6r affisch i A4.<\/p>\n<p>[\/vc_column_text][vc_separator sep_color=&#8221;color-gyho&#8221;][vc_column_text]<img decoding=\"async\" class=\"wp-image-50010 alignleft\" src=\"https:\/\/orkesterforbundet.se\/orkesterora\/wp-content\/uploads\/2016\/10\/walz-2.jpg\" alt=\"walz 2\" width=\"179\" height=\"134\" srcset=\"https:\/\/orkesterforbundet.se\/orkesterora\/wp-content\/uploads\/2016\/10\/walz-2.jpg 500w, https:\/\/orkesterforbundet.se\/orkesterora\/wp-content\/uploads\/2016\/10\/walz-2-300x226.jpg 300w\" sizes=\"(max-width: 179px) 100vw, 179px\" \/>EXTRA: Artisten och superproducenten <strong>Christian Walz<\/strong> medverkar ocks\u00e5! Missa inte n\u00e4r han delar sina erfarenheter kring ljudkvalitet och annat.<\/p>\n<h5><\/h5>\n<p>[\/vc_column_text][vc_separator][vc_column_text]<\/p>\n<h3>F\u00f6rel\u00e4sare:<\/h3>\n<p><em>Eliza\u00a0Cedervall, <\/em>Studenth\u00e4lsan i Stockholm<\/p>\n<p><em>Yusra Moshtat<\/em>, milj\u00f6inspekt\u00f6r vid Milj\u00f6f\u00f6rvaltningen G\u00f6teborg<\/p>\n<p><em>Erlend Rasmussen<\/em> &amp; <em>Jonas H\u00f8gseth<\/em>, Norsk Musikkr\u00e5d<\/p>\n<p><em>Marja Estola<\/em>, l\u00e4kare Imatra, Finland<\/p>\n<h5>Dessutom medverkar Jakob Koranyi, Agnas Bros och\u00a0Christian Walz<\/h5>\n<p>[\/vc_column_text][vc_gallery el_id=&#8221;gallery-178025&#8243; type=&#8221;carousel&#8221; medias=&#8221;49935,49933,50010&#8243; carousel_lg=&#8221;3&#8243; carousel_md=&#8221;3&#8243; carousel_sm=&#8221;1&#8243; thumb_size=&#8221;sixteen-nine&#8221; gutter_size=&#8221;3&#8243; carousel_height=&#8221;equal&#8221; carousel_interval=&#8221;3000&#8243; carousel_navspeed=&#8221;400&#8243; single_overlay_opacity=&#8221;50&#8243; single_padding=&#8221;2&#8243; no_double_tap=&#8221;yes&#8221; items=&#8221;eyI0OTkzNV9pIjp7InNpbmdsZV9pY29uIjoiIn19&#8243; title=&#8221;Artistmedverkan:&#8221;][vc_separator][vc_column_text]<\/p>\n<h4 style=\"text-align: center;\">Pressmeddelande (klicka f\u00f6r PDF):<\/h4>\n<p><a href=\"https:\/\/orkesterforbundet.se\/orkesterora\/wp-content\/uploads\/2018\/02\/Pressmedelande-RE-SOUND.pdf\" target=\"_blank\" rel=\"attachment wp-att-50016\"><img decoding=\"async\" class=\"wp-image-50016 aligncenter\" src=\"https:\/\/orkesterforbundet.se\/orkesterora\/wp-content\/uploads\/2018\/02\/Sk\u00e4rmklipp-2018-03-07-12.38.03.png\" alt=\"Sk\u00e4rmklipp 2018-03-07 12.38.03\" width=\"291\" height=\"412\" srcset=\"https:\/\/orkesterforbundet.se\/orkesterora\/wp-content\/uploads\/2018\/02\/Sk\u00e4rmklipp-2018-03-07-12.38.03.png 608w, https:\/\/orkesterforbundet.se\/orkesterora\/wp-content\/uploads\/2018\/02\/Sk\u00e4rmklipp-2018-03-07-12.38.03-212x300.png 212w\" sizes=\"(max-width: 291px) 100vw, 291px\" \/><\/a>[\/vc_column_text][\/vc_column][\/vc_row]<\/p>\n<\/div>","protected":false},"excerpt":{"rendered":"<p>Med hj\u00e4lp av ett amerikanskt f\u00f6retag har Med \u00f6ra f\u00f6r orkester utvecklat en egen app, Ear Guardian. F\u00f6rutom att fungera som en traditionell decibelm\u00e4tare s\u00e5 visar den riskniv\u00e5, m\u00e4ngden konsumerat ljud och maxtid som anses l\u00e4mplig att vistas i aktuell ljudmilj\u00f6. Om du till exempel g\u00f6r en m\u00e4tning under en orkesterrepetition s\u00e5 f\u00e5r du svar p\u00e5 hur mycket av rekommenderad dos ljud per dag som du konsumerat under repetitionen. Du kan ocks\u00e5 l\u00e4sa av decibelniv\u00e5n f\u00f6r dom starkaste ljuden och du ser hur l\u00e5ng tid det anses vettigt att vistas i den ljudniv\u00e5n. Dessutom visar ramen i appen f\u00e4rgen gr\u00f6nt, gult eller r\u00f6tt beroende p\u00e5 riskniv\u00e5. V\u00e4rdena baseras p\u00e5 Arbetsmilj\u00f6verkets riktlinjer. <\/p>\n<p>Ear Guardian \u00e4r ett utm\u00e4rkt redskap f\u00f6r att snabbt och enkelt inventera din ljudmilj\u00f6 och bed\u00f6ma risken f\u00f6r h\u00f6rselskada. Appen kan anv\u00e4ndas i skolmilj\u00f6er, konserter, arbetsplatser, varhelst man riskerar att uts\u00e4ttas f\u00f6r h\u00f6ga ljudniv\u00e5er. I appen finns instruktioner f\u00f6r hur man b\u00e4st utf\u00f6r m\u00e4tningarna. Vid m\u00e4tningar med en enhets inbyggda mikrofon ges ett ungef\u00e4rligt v\u00e4rde, det kan ses som en indikation. Detta beror p\u00e5 den inbyggda mikrofonens begr\u00e4nsningar. F\u00f6r mer exakta m\u00e4tresultat rekommenderas att anv\u00e4nda en tillkopplad m\u00e4tmikrofon. Under fliken Hj\u00e4lpmedel hittar du mer information om hur man skaffar r\u00e4tt typ av m\u00e4tmikrofon. <\/p>\n<p>Ear Guardian \u00e4r helt kostnadsfri och kan laddas ner fr\u00e5n App Store. Den fungerar med iPhone, iPad och iPod, inte med Androidbaserade mobiltelefoner. <\/p>\n","protected":false},"author":3,"featured_media":49949,"parent":0,"menu_order":0,"comment_status":"closed","ping_status":"closed","template":"","meta":{"footnotes":""},"class_list":["post-49908","page","type-page","status-publish","has-post-thumbnail","hentry"],"_links":{"self":[{"href":"https:\/\/orkesterforbundet.se\/orkesterora\/wp-json\/wp\/v2\/pages\/49908","targetHints":{"allow":["GET"]}}],"collection":[{"href":"https:\/\/orkesterforbundet.se\/orkesterora\/wp-json\/wp\/v2\/pages"}],"about":[{"href":"https:\/\/orkesterforbundet.se\/orkesterora\/wp-json\/wp\/v2\/types\/page"}],"author":[{"embeddable":true,"href":"https:\/\/orkesterforbundet.se\/orkesterora\/wp-json\/wp\/v2\/users\/3"}],"replies":[{"embeddable":true,"href":"https:\/\/orkesterforbundet.se\/orkesterora\/wp-json\/wp\/v2\/comments?post=49908"}],"version-history":[{"count":5,"href":"https:\/\/orkesterforbundet.se\/orkesterora\/wp-json\/wp\/v2\/pages\/49908\/revisions"}],"predecessor-version":[{"id":50004,"href":"https:\/\/orkesterforbundet.se\/orkesterora\/wp-json\/wp\/v2\/pages\/49908\/revisions\/50004"}],"wp:featuredmedia":[{"embeddable":true,"href":"https:\/\/orkesterforbundet.se\/orkesterora\/wp-json\/wp\/v2\/media\/49949"}],"wp:attachment":[{"href":"https:\/\/orkesterforbundet.se\/orkesterora\/wp-json\/wp\/v2\/media?parent=49908"}],"curies":[{"name":"wp","href":"https:\/\/api.w.org\/{rel}","templated":true}]}}