{"id":49863,"date":"2017-09-28T10:07:29","date_gmt":"2017-09-28T08:07:29","guid":{"rendered":"https:\/\/orkesterforbundet.se\/orkesterora\/?page_id=49863"},"modified":"2017-09-29T00:26:50","modified_gmt":"2017-09-28T22:26:50","slug":"bellman","status":"publish","type":"page","link":"https:\/\/orkesterforbundet.se\/orkesterora\/hjalpmedel\/bellman\/","title":{"rendered":"Rabatt p\u00e5 passiva h\u00f6rselskydd Bellman ER"},"content":{"rendered":"<div class=\"wpb-content-wrapper\"><p>[vc_row][vc_column column_width_percent=&#8221;75&#8243; overlay_alpha=&#8221;50&#8243; gutter_size=&#8221;3&#8243; medium_width=&#8221;0&#8243; shift_x=&#8221;0&#8243; shift_y=&#8221;0&#8243; z_index=&#8221;0&#8243; width=&#8221;1\/1&#8243;][vc_single_image media=&#8221;49867&#8243; media_width_percent=&#8221;50&#8243; alignment=&#8221;center&#8221; media_link=&#8221;url:http%3A%2F%2Fwww.beautydiet.se||target:%20_blank|&#8221;][\/vc_column][\/vc_row][vc_row row_height_percent=&#8221;0&#8243; override_padding=&#8221;yes&#8221; h_padding=&#8221;2&#8243; top_padding=&#8221;2&#8243; bottom_padding=&#8221;0&#8243; overlay_alpha=&#8221;50&#8243; gutter_size=&#8221;3&#8243; shift_y=&#8221;0&#8243;][vc_column column_width_percent=&#8221;75&#8243; align_horizontal=&#8221;align_center&#8221; overlay_alpha=&#8221;50&#8243; gutter_size=&#8221;3&#8243; medium_width=&#8221;0&#8243; shift_x=&#8221;0&#8243; shift_y=&#8221;0&#8243; z_index=&#8221;0&#8243;][vc_custom_heading text_size=&#8221;h1&#8243;]Musikerproppar med valbar d\u00e4mpning![\/vc_custom_heading][\/vc_column][\/vc_row][vc_row row_height_percent=&#8221;0&#8243; override_padding=&#8221;yes&#8221; h_padding=&#8221;2&#8243; top_padding=&#8221;2&#8243; bottom_padding=&#8221;3&#8243; overlay_alpha=&#8221;50&#8243; gutter_size=&#8221;3&#8243; shift_y=&#8221;0&#8243;][vc_column column_width_percent=&#8221;75&#8243; overlay_alpha=&#8221;50&#8243; gutter_size=&#8221;3&#8243; medium_width=&#8221;0&#8243; shift_x=&#8221;0&#8243; shift_y=&#8221;0&#8243; z_index=&#8221;0&#8243;][vc_column_text]Som medlem i <span style=\"text-decoration: underline;\"><span style=\"color: #33cccc;\"><a style=\"color: #33cccc; text-decoration: underline;\" href=\"http:\/\/orkesterforbundet.se\/\" target=\"_blank\">Sveriges Orkesterf\u00f6rbund<\/a><\/span><\/span>\u00a0f\u00e5r du rabatt p\u00e5 Bellman ER\u00a0vid best\u00e4llning hos <a href=\"http:\/\/incus.se\/erh.html\" target=\"_blank\"><span style=\"text-decoration: underline; color: #33cccc;\">Incus Studio<\/span><\/a> (V\u00e4se, V\u00e4rmland).\u00a0Priset blir endast 2100 kr inkl. avtryckstagning och ett valfritt filterpar (9, 15 eller 25dB).<\/p>\n<p>Ange ditt medlemsnummer vid best\u00e4llning. Enskilt medlemskap hos Sveriges Orkesterf\u00f6rbund kostar 150 kr om \u00e5ret. Medlemskapet ger dessutom m\u00e5nga fler f\u00f6rdelar!<\/p>\n<p>Bellman ER tillverkas av <span style=\"text-decoration: underline;\"><span style=\"color: #33cccc;\"><a style=\"color: #33cccc; text-decoration: underline;\" href=\"https:\/\/bellman.com\/sv\/horselskydd\/bellman-er-musikerpropp\/\" target=\"_blank\">Bellman &amp; Symfon<\/a><\/span><\/span>.[\/vc_column_text][\/vc_column][\/vc_row]<\/p>\n<\/div>","protected":false},"excerpt":{"rendered":"<p>Medlemsrabatt p\u00e5 Bellman ER komplett med avtryckning och ett filterpar.<\/p>\n","protected":false},"author":3,"featured_media":49867,"parent":49556,"menu_order":1,"comment_status":"closed","ping_status":"closed","template":"","meta":{"footnotes":""},"class_list":["post-49863","page","type-page","status-publish","has-post-thumbnail","hentry","page_category-hjalpmedel"],"_links":{"self":[{"href":"https:\/\/orkesterforbundet.se\/orkesterora\/wp-json\/wp\/v2\/pages\/49863","targetHints":{"allow":["GET"]}}],"collection":[{"href":"https:\/\/orkesterforbundet.se\/orkesterora\/wp-json\/wp\/v2\/pages"}],"about":[{"href":"https:\/\/orkesterforbundet.se\/orkesterora\/wp-json\/wp\/v2\/types\/page"}],"author":[{"embeddable":true,"href":"https:\/\/orkesterforbundet.se\/orkesterora\/wp-json\/wp\/v2\/users\/3"}],"replies":[{"embeddable":true,"href":"https:\/\/orkesterforbundet.se\/orkesterora\/wp-json\/wp\/v2\/comments?post=49863"}],"version-history":[{"count":5,"href":"https:\/\/orkesterforbundet.se\/orkesterora\/wp-json\/wp\/v2\/pages\/49863\/revisions"}],"predecessor-version":[{"id":49888,"href":"https:\/\/orkesterforbundet.se\/orkesterora\/wp-json\/wp\/v2\/pages\/49863\/revisions\/49888"}],"up":[{"embeddable":true,"href":"https:\/\/orkesterforbundet.se\/orkesterora\/wp-json\/wp\/v2\/pages\/49556"}],"wp:featuredmedia":[{"embeddable":true,"href":"https:\/\/orkesterforbundet.se\/orkesterora\/wp-json\/wp\/v2\/media\/49867"}],"wp:attachment":[{"href":"https:\/\/orkesterforbundet.se\/orkesterora\/wp-json\/wp\/v2\/media?parent=49863"}],"curies":[{"name":"wp","href":"https:\/\/api.w.org\/{rel}","templated":true}]}}