{"id":49827,"date":"2017-07-07T11:28:33","date_gmt":"2017-07-07T09:28:33","guid":{"rendered":"https:\/\/orkesterforbundet.se\/orkesterora\/?page_id=49827"},"modified":"2023-05-17T12:07:09","modified_gmt":"2023-05-17T10:07:09","slug":"app","status":"publish","type":"page","link":"https:\/\/orkesterforbundet.se\/orkesterora\/app\/","title":{"rendered":"Ear Guardian"},"content":{"rendered":"<div class=\"wpb-content-wrapper\"><p>[vc_row row_height_percent=&#8221;0&#8243; override_padding=&#8221;yes&#8221; h_padding=&#8221;2&#8243; top_padding=&#8221;2&#8243; bottom_padding=&#8221;5&#8243; overlay_alpha=&#8221;100&#8243; gutter_size=&#8221;3&#8243; shift_y=&#8221;0&#8243; row_height_use_pixel=&#8221;&#8221;][vc_column column_width_use_pixel=&#8221;yes&#8221; gutter_size=&#8221;3&#8243; overlay_alpha=&#8221;50&#8243; shift_x=&#8221;0&#8243; shift_y=&#8221;0&#8243; z_index=&#8221;0&#8243; medium_width=&#8221;0&#8243; zoom_width=&#8221;0&#8243; zoom_height=&#8221;0&#8243; column_width_pixel=&#8221;800&#8243;][vc_column_text]<\/p>\n<h2 style=\"text-align: center;\"><span class=\"font-134980 font-180609\"><strong>Ear Guardian &#8211; appen som r\u00e4ddar din h\u00f6rsel!<\/strong><\/span><\/h2>\n<p>[\/vc_column_text][vc_single_image media=&#8221;49871&#8243; media_poster=&#8221;yes&#8221; media_width_percent=&#8221;75&#8243; alignment=&#8221;center&#8221;][vc_column_text uncode_shortcode_id=&#8221;310323&#8243;]<\/p>\n<h2 style=\"text-align: center;\"><\/h2>\n<p>Med hj\u00e4lp av ett amerikanskt f\u00f6retag har Med \u00f6ra f\u00f6r orkester utvecklat en egen app, <strong>Ear Guardian<\/strong>. F\u00f6rutom att fungera som en traditionell decibelm\u00e4tare s\u00e5 visar den riskniv\u00e5, m\u00e4ngden konsumerat ljud och maxtid som anses l\u00e4mplig att vistas i aktuell ljudmilj\u00f6. Om du till exempel g\u00f6r en m\u00e4tning under en orkesterrepetition s\u00e5 f\u00e5r du svar p\u00e5 hur mycket av rekommenderad dos ljud per dag som du konsumerat under repetitionen. Du kan ocks\u00e5 l\u00e4sa av decibelniv\u00e5n f\u00f6r dom starkaste ljuden och du ser hur l\u00e5ng tid det anses vettigt att vistas i den ljudniv\u00e5n. Dessutom visar ramen i appen f\u00e4rgen gr\u00f6nt, gult eller r\u00f6tt beroende p\u00e5 riskniv\u00e5. V\u00e4rdena baseras p\u00e5 Arbetsmilj\u00f6verkets riktlinjer.<\/p>\n<p><img decoding=\"async\" class=\"wp-image-49835 alignleft\" src=\"https:\/\/orkesterforbundet.se\/orkesterora\/wp-content\/uploads\/2017\/07\/EarGuardian-169x300.png\" alt=\"EarGuardian\" width=\"130\" height=\"231\" srcset=\"https:\/\/orkesterforbundet.se\/orkesterora\/wp-content\/uploads\/2017\/07\/EarGuardian-169x300.png 169w, https:\/\/orkesterforbundet.se\/orkesterora\/wp-content\/uploads\/2017\/07\/EarGuardian-576x1024.png 576w, https:\/\/orkesterforbundet.se\/orkesterora\/wp-content\/uploads\/2017\/07\/EarGuardian.png 750w\" sizes=\"(max-width: 130px) 100vw, 130px\" \/>Ear Guardian \u00e4r ett utm\u00e4rkt redskap f\u00f6r att snabbt och enkelt inventera din ljudmilj\u00f6 och bed\u00f6ma risken f\u00f6r h\u00f6rselskada. Appen kan anv\u00e4ndas i skolmilj\u00f6er, konserter, arbetsplatser, varhelst man riskerar att uts\u00e4ttas f\u00f6r h\u00f6ga ljudniv\u00e5er. I appen finns instruktioner f\u00f6r hur man b\u00e4st utf\u00f6r m\u00e4tningarna. Vid m\u00e4tningar med en enhets inbyggda mikrofon ges ett ungef\u00e4rligt v\u00e4rde, det kan ses som en indikation. Detta beror p\u00e5 den inbyggda mikrofonens begr\u00e4nsningar. F\u00f6r mer exakta m\u00e4tresultat rekommenderas att anv\u00e4nda en tillkopplad m\u00e4tmikrofon. Under fliken Hj\u00e4lpmedel hittar du mer information om hur man skaffar r\u00e4tt typ av m\u00e4tmikrofon.<\/p>\n<p>Ear Guardian kan laddas ner fr\u00e5n App Store. Den fungerar med iPhone, iPad och iPod, inte med Androidbaserade mobiltelefoner. P\u00e5 <a href=\"http:\/\/www.earguardian.se\" target=\"_blank\" rel=\"noopener\"><strong><span style=\"color: #33cccc;\">www.earguardian.se<\/span><\/strong><\/a> hittar du all t\u00e4nkbar information om appen.<\/p>\n<p><img decoding=\"async\" class=\"size-medium wp-image-49830 alignright\" src=\"https:\/\/orkesterforbundet.se\/orkesterora\/wp-content\/uploads\/2016\/10\/ljudapp2-250x300.jpg\" alt=\"ljudapp2\" width=\"250\" height=\"300\" srcset=\"https:\/\/orkesterforbundet.se\/orkesterora\/wp-content\/uploads\/2016\/10\/ljudapp2-250x300.jpg 250w, https:\/\/orkesterforbundet.se\/orkesterora\/wp-content\/uploads\/2016\/10\/ljudapp2-768x922.jpg 768w, https:\/\/orkesterforbundet.se\/orkesterora\/wp-content\/uploads\/2016\/10\/ljudapp2-853x1024.jpg 853w, https:\/\/orkesterforbundet.se\/orkesterora\/wp-content\/uploads\/2016\/10\/ljudapp2.jpg 1598w\" sizes=\"(max-width: 250px) 100vw, 250px\" \/>[\/vc_column_text][vc_icon position=&#8221;bottom&#8221; display=&#8221;inline&#8221; icon=&#8221;fa fa-facebook-square&#8221; icon_color=&#8221;color-138637&#8243; size=&#8221;fa-3x&#8221; heading_semantic=&#8221;h5&#8243; text_size=&#8221;h5&#8243; link=&#8221;url:https%3A%2F%2Fwww.facebook.com%2FMed-%C3%B6ra-f%C3%B6r-orkester-1774612102825211%2F%3Fref%3Dbookmarks||target:%20_blank|&#8221;]<\/p>\n<p style=\"text-align: center;\"><strong>Gilla Med \u00f6ra f\u00f6r orkester p\u00e5 Facebook!<\/strong><\/p>\n<p>[\/vc_icon][\/vc_column][\/vc_row][vc_row][vc_column width=&#8221;1\/1&#8243;][\/vc_column][\/vc_row]<\/p>\n<\/div>","protected":false},"excerpt":{"rendered":"<p>Med hj\u00e4lp av ett amerikanskt f\u00f6retag har Med \u00f6ra f\u00f6r orkester utvecklat en egen app, Ear Guardian. F\u00f6rutom att fungera som en traditionell decibelm\u00e4tare s\u00e5 visar den riskniv\u00e5, m\u00e4ngden konsumerat ljud och maxtid som anses l\u00e4mplig att vistas i aktuell ljudmilj\u00f6. Om du till exempel g\u00f6r en m\u00e4tning under en orkesterrepetition s\u00e5 f\u00e5r du svar p\u00e5 hur mycket av rekommenderad dos ljud per dag som du konsumerat under repetitionen. Du kan ocks\u00e5 l\u00e4sa av decibelniv\u00e5n f\u00f6r dom starkaste ljuden och du ser hur l\u00e5ng tid det anses vettigt att vistas i den ljudniv\u00e5n. Dessutom visar ramen i appen f\u00e4rgen gr\u00f6nt, gult eller r\u00f6tt beroende p\u00e5 riskniv\u00e5. V\u00e4rdena baseras p\u00e5 Arbetsmilj\u00f6verkets riktlinjer. <\/p>\n<p>Ear Guardian \u00e4r ett utm\u00e4rkt redskap f\u00f6r att snabbt och enkelt inventera din ljudmilj\u00f6 och bed\u00f6ma risken f\u00f6r h\u00f6rselskada. Appen kan anv\u00e4ndas i skolmilj\u00f6er, konserter, arbetsplatser, varhelst man riskerar att uts\u00e4ttas f\u00f6r h\u00f6ga ljudniv\u00e5er. I appen finns instruktioner f\u00f6r hur man b\u00e4st utf\u00f6r m\u00e4tningarna. Vid m\u00e4tningar med en enhets inbyggda mikrofon ges ett ungef\u00e4rligt v\u00e4rde, det kan ses som en indikation. Detta beror p\u00e5 den inbyggda mikrofonens begr\u00e4nsningar. F\u00f6r mer exakta m\u00e4tresultat rekommenderas att anv\u00e4nda en tillkopplad m\u00e4tmikrofon. Under fliken Hj\u00e4lpmedel hittar du mer information om hur man skaffar r\u00e4tt typ av m\u00e4tmikrofon. <\/p>\n<p>Ear Guardian \u00e4r helt kostnadsfri och kan laddas ner fr\u00e5n App Store. Den fungerar med iPhone, iPad och iPod, inte med Androidbaserade mobiltelefoner. <\/p>\n","protected":false},"author":3,"featured_media":49830,"parent":0,"menu_order":0,"comment_status":"closed","ping_status":"closed","template":"","meta":{"footnotes":""},"class_list":["post-49827","page","type-page","status-publish","has-post-thumbnail","hentry","page_category-demo-blog"],"_links":{"self":[{"href":"https:\/\/orkesterforbundet.se\/orkesterora\/wp-json\/wp\/v2\/pages\/49827","targetHints":{"allow":["GET"]}}],"collection":[{"href":"https:\/\/orkesterforbundet.se\/orkesterora\/wp-json\/wp\/v2\/pages"}],"about":[{"href":"https:\/\/orkesterforbundet.se\/orkesterora\/wp-json\/wp\/v2\/types\/page"}],"author":[{"embeddable":true,"href":"https:\/\/orkesterforbundet.se\/orkesterora\/wp-json\/wp\/v2\/users\/3"}],"replies":[{"embeddable":true,"href":"https:\/\/orkesterforbundet.se\/orkesterora\/wp-json\/wp\/v2\/comments?post=49827"}],"version-history":[{"count":5,"href":"https:\/\/orkesterforbundet.se\/orkesterora\/wp-json\/wp\/v2\/pages\/49827\/revisions"}],"predecessor-version":[{"id":50568,"href":"https:\/\/orkesterforbundet.se\/orkesterora\/wp-json\/wp\/v2\/pages\/49827\/revisions\/50568"}],"wp:featuredmedia":[{"embeddable":true,"href":"https:\/\/orkesterforbundet.se\/orkesterora\/wp-json\/wp\/v2\/media\/49830"}],"wp:attachment":[{"href":"https:\/\/orkesterforbundet.se\/orkesterora\/wp-json\/wp\/v2\/media?parent=49827"}],"curies":[{"name":"wp","href":"https:\/\/api.w.org\/{rel}","templated":true}]}}