{"id":49815,"date":"2017-06-27T18:11:38","date_gmt":"2017-06-27T16:11:38","guid":{"rendered":"https:\/\/orkesterforbundet.se\/orkesterora\/?page_id=49815"},"modified":"2017-06-27T18:33:39","modified_gmt":"2017-06-27T16:33:39","slug":"massage","status":"publish","type":"page","link":"https:\/\/orkesterforbundet.se\/orkesterora\/hjalpmedel\/massage\/","title":{"rendered":"Ta hand om hela kroppen!"},"content":{"rendered":"<div class=\"wpb-content-wrapper\"><p>[vc_row][vc_column column_width_percent=&#8221;75&#8243; overlay_alpha=&#8221;50&#8243; gutter_size=&#8221;3&#8243; medium_width=&#8221;0&#8243; shift_x=&#8221;0&#8243; shift_y=&#8221;0&#8243; z_index=&#8221;0&#8243; width=&#8221;1\/1&#8243;][vc_single_image media=&#8221;49816&#8243; media_width_percent=&#8221;50&#8243; alignment=&#8221;center&#8221; media_link=&#8221;url:http%3A%2F%2Fwww.beautydiet.se||target:%20_blank|&#8221;][\/vc_column][\/vc_row][vc_row row_height_percent=&#8221;0&#8243; override_padding=&#8221;yes&#8221; h_padding=&#8221;2&#8243; top_padding=&#8221;2&#8243; bottom_padding=&#8221;0&#8243; overlay_alpha=&#8221;50&#8243; gutter_size=&#8221;3&#8243; shift_y=&#8221;0&#8243;][vc_column column_width_percent=&#8221;75&#8243; align_horizontal=&#8221;align_center&#8221; overlay_alpha=&#8221;50&#8243; gutter_size=&#8221;3&#8243; medium_width=&#8221;0&#8243; shift_x=&#8221;0&#8243; shift_y=&#8221;0&#8243; z_index=&#8221;0&#8243;][vc_custom_heading text_size=&#8221;h1&#8243;]Ta hand om hela kroppen![\/vc_custom_heading][\/vc_column][\/vc_row][vc_row row_height_percent=&#8221;0&#8243; override_padding=&#8221;yes&#8221; h_padding=&#8221;2&#8243; top_padding=&#8221;2&#8243; bottom_padding=&#8221;3&#8243; overlay_alpha=&#8221;50&#8243; gutter_size=&#8221;3&#8243; shift_y=&#8221;0&#8243;][vc_column column_width_percent=&#8221;75&#8243; overlay_alpha=&#8221;50&#8243; gutter_size=&#8221;3&#8243; medium_width=&#8221;0&#8243; shift_x=&#8221;0&#8243; shift_y=&#8221;0&#8243; z_index=&#8221;0&#8243;][vc_column_text]Att m\u00e5 bra som musiker handlar inte <em>bara<\/em> om att vara r\u00e4dd om sin h\u00f6rsel. Ofta sliter det p\u00e5 kroppen att spela ett instrument och muskelsp\u00e4nningar kan l\u00e4tt orsaka stelhet eller v\u00e4rk. Det \u00e4r d\u00e4rf\u00f6r en god id\u00e9 att kosta p\u00e5 sig avslappnande massage ibland. Som medlem i Sveriges Orkesterf\u00f6rbund (<a href=\"http:\/\/orkesterforbundet.se)\">orkesterforbundet.se)<\/a> f\u00e5r du 300 kronor rabatt vid 60 minuters massagebehandling p\u00e5 salong Beauty &amp; Diet (<a href=\"http:\/\/www.beautydiet.se)\">www.beautydiet.se)<\/a> i Gamla Stan i Stockholm. Uppge ditt SOF-medlemsnummer vid tidsbokning via telefon (mass\u00f6r Ulrica Dahl\u00e9n, 070-848 23 73) s\u00e5 betalar du endast 550 kronor f\u00f6r en behandling, ordinarie pris 850 kronor.[\/vc_column_text][\/vc_column][\/vc_row]<\/p>\n<\/div>","protected":false},"excerpt":{"rendered":"<p>Medlemsrabatt p\u00e5 massage f\u00f6r musiker.<\/p>\n","protected":false},"author":3,"featured_media":49816,"parent":49556,"menu_order":1,"comment_status":"closed","ping_status":"closed","template":"","meta":{"footnotes":""},"class_list":["post-49815","page","type-page","status-publish","has-post-thumbnail","hentry","page_category-hjalpmedel"],"_links":{"self":[{"href":"https:\/\/orkesterforbundet.se\/orkesterora\/wp-json\/wp\/v2\/pages\/49815","targetHints":{"allow":["GET"]}}],"collection":[{"href":"https:\/\/orkesterforbundet.se\/orkesterora\/wp-json\/wp\/v2\/pages"}],"about":[{"href":"https:\/\/orkesterforbundet.se\/orkesterora\/wp-json\/wp\/v2\/types\/page"}],"author":[{"embeddable":true,"href":"https:\/\/orkesterforbundet.se\/orkesterora\/wp-json\/wp\/v2\/users\/3"}],"replies":[{"embeddable":true,"href":"https:\/\/orkesterforbundet.se\/orkesterora\/wp-json\/wp\/v2\/comments?post=49815"}],"version-history":[{"count":5,"href":"https:\/\/orkesterforbundet.se\/orkesterora\/wp-json\/wp\/v2\/pages\/49815\/revisions"}],"predecessor-version":[{"id":49825,"href":"https:\/\/orkesterforbundet.se\/orkesterora\/wp-json\/wp\/v2\/pages\/49815\/revisions\/49825"}],"up":[{"embeddable":true,"href":"https:\/\/orkesterforbundet.se\/orkesterora\/wp-json\/wp\/v2\/pages\/49556"}],"wp:featuredmedia":[{"embeddable":true,"href":"https:\/\/orkesterforbundet.se\/orkesterora\/wp-json\/wp\/v2\/media\/49816"}],"wp:attachment":[{"href":"https:\/\/orkesterforbundet.se\/orkesterora\/wp-json\/wp\/v2\/media?parent=49815"}],"curies":[{"name":"wp","href":"https:\/\/api.w.org\/{rel}","templated":true}]}}