{"id":49804,"date":"2017-06-20T12:48:44","date_gmt":"2017-06-20T10:48:44","guid":{"rendered":"https:\/\/orkesterforbundet.se\/orkesterora\/?page_id=49804"},"modified":"2017-06-20T13:10:49","modified_gmt":"2017-06-20T11:10:49","slug":"musikers-horsel","status":"publish","type":"page","link":"https:\/\/orkesterforbundet.se\/orkesterora\/musikers-horsel\/","title":{"rendered":"Musikers h\u00f6rsel"},"content":{"rendered":"<div class=\"wpb-content-wrapper\"><p>[vc_row][vc_column width=&#8221;1\/1&#8243;][vc_column_text]H\u00e4r kan du ta del av 15 korta filmer som tar upp olika aspekter inom<br \/>\nomr\u00e5dena ljud och h\u00f6rsel. Filmerna \u00e4r sm\u00e5 utdrag fr\u00e5n en<br \/>\nf\u00f6rel\u00e4sning med Stig Arlinger, professor emeritus i teknisk audiologi<br \/>\noch hedersdoktor vid Link\u00f6pings universitet. F\u00f6rel\u00e4sningen h\u00f6lls<br \/>\ndecember 2016 i Ume\u00e5, f\u00f6r projektets fokusgrupp.<\/p>\n<p><a href=\"https:\/\/www.youtube.com\/playlist?list=PL27g_zNPrax-PEc-W9aF9yLeST4kbHR_B\">Tryck h\u00e4r f\u00f6r att komma till f\u00f6rel\u00e4sningarna.<\/a><\/p>\n<p><img decoding=\"async\" class=\"alignnone size-medium wp-image-49811\" src=\"https:\/\/orkesterforbundet.se\/orkesterora\/wp-content\/uploads\/2017\/06\/snapshot-2-300x169.jpeg\" alt=\"snapshot\" width=\"300\" height=\"169\" srcset=\"https:\/\/orkesterforbundet.se\/orkesterora\/wp-content\/uploads\/2017\/06\/snapshot-2-300x169.jpeg 300w, https:\/\/orkesterforbundet.se\/orkesterora\/wp-content\/uploads\/2017\/06\/snapshot-2-768x432.jpeg 768w, https:\/\/orkesterforbundet.se\/orkesterora\/wp-content\/uploads\/2017\/06\/snapshot-2.jpeg 854w\" sizes=\"(max-width: 300px) 100vw, 300px\" \/>[\/vc_column_text][\/vc_column][\/vc_row]<\/p>\n<\/div>","protected":false},"excerpt":{"rendered":"<p>Om \u00f6rat &#038; h\u00f6rseln &#8211;<br \/>\nutdrag fr\u00e5n f\u00f6rel\u00e4sning med Stig Arlinger, prof. emeritus i teknisk audiologi.<\/p>\n","protected":false},"author":3,"featured_media":49805,"parent":0,"menu_order":0,"comment_status":"closed","ping_status":"closed","template":"","meta":{"footnotes":""},"class_list":["post-49804","page","type-page","status-publish","has-post-thumbnail","hentry","page_category-utbildningsmaterial"],"_links":{"self":[{"href":"https:\/\/orkesterforbundet.se\/orkesterora\/wp-json\/wp\/v2\/pages\/49804","targetHints":{"allow":["GET"]}}],"collection":[{"href":"https:\/\/orkesterforbundet.se\/orkesterora\/wp-json\/wp\/v2\/pages"}],"about":[{"href":"https:\/\/orkesterforbundet.se\/orkesterora\/wp-json\/wp\/v2\/types\/page"}],"author":[{"embeddable":true,"href":"https:\/\/orkesterforbundet.se\/orkesterora\/wp-json\/wp\/v2\/users\/3"}],"replies":[{"embeddable":true,"href":"https:\/\/orkesterforbundet.se\/orkesterora\/wp-json\/wp\/v2\/comments?post=49804"}],"version-history":[{"count":5,"href":"https:\/\/orkesterforbundet.se\/orkesterora\/wp-json\/wp\/v2\/pages\/49804\/revisions"}],"predecessor-version":[{"id":49813,"href":"https:\/\/orkesterforbundet.se\/orkesterora\/wp-json\/wp\/v2\/pages\/49804\/revisions\/49813"}],"wp:featuredmedia":[{"embeddable":true,"href":"https:\/\/orkesterforbundet.se\/orkesterora\/wp-json\/wp\/v2\/media\/49805"}],"wp:attachment":[{"href":"https:\/\/orkesterforbundet.se\/orkesterora\/wp-json\/wp\/v2\/media?parent=49804"}],"curies":[{"name":"wp","href":"https:\/\/api.w.org\/{rel}","templated":true}]}}