{"id":49702,"date":"2017-05-05T19:56:15","date_gmt":"2017-05-05T17:56:15","guid":{"rendered":"https:\/\/orkesterforbundet.se\/orkesterora\/?page_id=49702"},"modified":"2017-05-08T13:18:17","modified_gmt":"2017-05-08T11:18:17","slug":"matmikrofon","status":"publish","type":"page","link":"https:\/\/orkesterforbundet.se\/orkesterora\/hjalpmedel\/matmikrofon\/","title":{"rendered":"M\u00e4tmikrofon f\u00f6r appen Ear Guardian"},"content":{"rendered":"<div class=\"wpb-content-wrapper\"><p>[vc_row][vc_column column_width_percent=&#8221;75&#8243; overlay_alpha=&#8221;50&#8243; gutter_size=&#8221;3&#8243; medium_width=&#8221;0&#8243; shift_x=&#8221;0&#8243; shift_y=&#8221;0&#8243; z_index=&#8221;0&#8243; width=&#8221;1\/1&#8243;][vc_single_image media=&#8221;49722&#8243; media_width_percent=&#8221;50&#8243; alignment=&#8221;center&#8221; media_link=&#8221;url:http%3A%2F%2Fwww.septon.se||target:%20_blank|&#8221;][\/vc_column][\/vc_row][vc_row row_height_percent=&#8221;0&#8243; override_padding=&#8221;yes&#8221; h_padding=&#8221;2&#8243; top_padding=&#8221;2&#8243; bottom_padding=&#8221;0&#8243; overlay_alpha=&#8221;50&#8243; gutter_size=&#8221;3&#8243; shift_y=&#8221;0&#8243;][vc_column column_width_percent=&#8221;75&#8243; align_horizontal=&#8221;align_center&#8221; overlay_alpha=&#8221;50&#8243; gutter_size=&#8221;3&#8243; medium_width=&#8221;0&#8243; shift_x=&#8221;0&#8243; shift_y=&#8221;0&#8243; z_index=&#8221;0&#8243;][vc_custom_heading text_size=&#8221;h1&#8243;]Komplettera Ear Guardian med en m\u00e4tmikrofon f\u00f6r professionellt m\u00e4tresultat.[\/vc_custom_heading][\/vc_column][\/vc_row][vc_row row_height_percent=&#8221;0&#8243; override_padding=&#8221;yes&#8221; h_padding=&#8221;2&#8243; top_padding=&#8221;2&#8243; bottom_padding=&#8221;3&#8243; overlay_alpha=&#8221;50&#8243; gutter_size=&#8221;3&#8243; shift_y=&#8221;0&#8243;][vc_column column_width_percent=&#8221;75&#8243; overlay_alpha=&#8221;50&#8243; gutter_size=&#8221;3&#8243; medium_width=&#8221;0&#8243; shift_x=&#8221;0&#8243; shift_y=&#8221;0&#8243; z_index=&#8221;0&#8243;][vc_column_text]<\/p>\n<div class=\"row-container\" data-parent=\"true\" data-section=\"1\"><strong>Ear Guardian<\/strong> \u00e4r Med \u00f6ra f\u00f6r orkesters banbrytande app (f\u00f6r iPhone och iPad) f\u00f6r ljudm\u00e4tning. Med den kan du f\u00f6rutom att m\u00e4ta decibelniv\u00e5n \u00e4ven m\u00e4ta hur mycket av din dagliga ljuddos som f\u00f6rbrukas t.ex. under en orkesterrepetition. Du kan ocks\u00e5 f\u00e5 reda p\u00e5 hur l\u00e5ng tid det anses vara godk\u00e4nt ur arbetsmilj\u00f6synpunkt att vistas i aktuell ljudniv\u00e5 (utifr\u00e5n Arbetsmilj\u00f6verkets riktlinjer).<\/div>\n<div class=\"row-container\" data-parent=\"true\" data-section=\"2\">\n<div class=\"row single-top-padding double-bottom-padding single-h-padding limit-width row-parent\" data-imgready=\"true\">\n<div class=\"row-inner\">\n<div class=\"pos-top pos-center align_left column_parent col-lg-12 single-internal-gutter\">\n<div class=\"uncol style-light\">\n<div class=\"uncoltable\">\n<div class=\"uncell\">\n<div class=\"uncont no-block-padding col-custom-width\">\n<div class=\"uncode_text_column\">\n<p>Den inbyggda mikrofonen i en iPhone eller iPad ger ett ungef\u00e4rligt resultat, en fingervisning om ljudsituationen. F\u00f6r att kunna g\u00f6ra en professionell (enligt standard) och exakt m\u00e4tning kr\u00e4vs en ansluten m\u00e4tmikrofon. Vi rekommenderar iTestMic2 eller en iPrecisionMic. Dessa finns att k\u00f6pa hos f\u00f6retaget <a href=\"http:\/\/www.septon.se\/\">Septon.<\/a><\/p>\n<\/div>\n<\/div>\n<\/div>\n<\/div>\n<\/div>\n<\/div>\n<\/div>\n<\/div>\n<\/div>\n<p>[\/vc_column_text][\/vc_column][\/vc_row]<\/p>\n<\/div>","protected":false},"excerpt":{"rendered":"<p>Komplettera Ear Guardian med en m\u00e4tmikrofon f\u00f6r professionellt m\u00e4tresultat.<\/p>\n","protected":false},"author":3,"featured_media":49722,"parent":49556,"menu_order":2,"comment_status":"closed","ping_status":"closed","template":"","meta":{"footnotes":""},"class_list":["post-49702","page","type-page","status-publish","has-post-thumbnail","hentry","page_category-hjalpmedel"],"_links":{"self":[{"href":"https:\/\/orkesterforbundet.se\/orkesterora\/wp-json\/wp\/v2\/pages\/49702","targetHints":{"allow":["GET"]}}],"collection":[{"href":"https:\/\/orkesterforbundet.se\/orkesterora\/wp-json\/wp\/v2\/pages"}],"about":[{"href":"https:\/\/orkesterforbundet.se\/orkesterora\/wp-json\/wp\/v2\/types\/page"}],"author":[{"embeddable":true,"href":"https:\/\/orkesterforbundet.se\/orkesterora\/wp-json\/wp\/v2\/users\/3"}],"replies":[{"embeddable":true,"href":"https:\/\/orkesterforbundet.se\/orkesterora\/wp-json\/wp\/v2\/comments?post=49702"}],"version-history":[{"count":5,"href":"https:\/\/orkesterforbundet.se\/orkesterora\/wp-json\/wp\/v2\/pages\/49702\/revisions"}],"predecessor-version":[{"id":49768,"href":"https:\/\/orkesterforbundet.se\/orkesterora\/wp-json\/wp\/v2\/pages\/49702\/revisions\/49768"}],"up":[{"embeddable":true,"href":"https:\/\/orkesterforbundet.se\/orkesterora\/wp-json\/wp\/v2\/pages\/49556"}],"wp:featuredmedia":[{"embeddable":true,"href":"https:\/\/orkesterforbundet.se\/orkesterora\/wp-json\/wp\/v2\/media\/49722"}],"wp:attachment":[{"href":"https:\/\/orkesterforbundet.se\/orkesterora\/wp-json\/wp\/v2\/media?parent=49702"}],"curies":[{"name":"wp","href":"https:\/\/api.w.org\/{rel}","templated":true}]}}