{"id":49558,"date":"2017-02-17T16:25:52","date_gmt":"2017-02-17T14:25:52","guid":{"rendered":"https:\/\/orkesterforbundet.se\/orkesterora\/?page_id=49558"},"modified":"2017-05-06T09:53:13","modified_gmt":"2017-05-06T07:53:13","slug":"horselskydd","status":"publish","type":"page","link":"https:\/\/orkesterforbundet.se\/orkesterora\/hjalpmedel\/horselskydd\/","title":{"rendered":"Rabatt p\u00e5 Etymotic aktiva h\u00f6rselskydd"},"content":{"rendered":"<div class=\"wpb-content-wrapper\"><p>[vc_row][vc_column column_width_percent=&#8221;75&#8243; overlay_alpha=&#8221;50&#8243; gutter_size=&#8221;3&#8243; medium_width=&#8221;0&#8243; shift_x=&#8221;0&#8243; shift_y=&#8221;0&#8243; z_index=&#8221;0&#8243; width=&#8221;1\/1&#8243;][vc_single_image media=&#8221;49559&#8243; media_width_percent=&#8221;50&#8243; alignment=&#8221;center&#8221; media_link=&#8221;url:http%3A%2F%2Fwww.ljudtoner.se||target:%20_blank|&#8221;][\/vc_column][\/vc_row][vc_row row_height_percent=&#8221;0&#8243; override_padding=&#8221;yes&#8221; h_padding=&#8221;2&#8243; top_padding=&#8221;2&#8243; bottom_padding=&#8221;0&#8243; overlay_alpha=&#8221;50&#8243; gutter_size=&#8221;3&#8243; shift_y=&#8221;0&#8243;][vc_column column_width_percent=&#8221;75&#8243; align_horizontal=&#8221;align_center&#8221; overlay_alpha=&#8221;50&#8243; gutter_size=&#8221;3&#8243; medium_width=&#8221;0&#8243; shift_x=&#8221;0&#8243; shift_y=&#8221;0&#8243; z_index=&#8221;0&#8243;][vc_custom_heading text_size=&#8221;h1&#8243;]Rabatt p\u00e5 aktiva h\u00f6rselskydd[\/vc_custom_heading][\/vc_column][\/vc_row][vc_row row_height_percent=&#8221;0&#8243; override_padding=&#8221;yes&#8221; h_padding=&#8221;2&#8243; top_padding=&#8221;2&#8243; bottom_padding=&#8221;3&#8243; overlay_alpha=&#8221;50&#8243; gutter_size=&#8221;3&#8243; shift_y=&#8221;0&#8243;][vc_column column_width_percent=&#8221;75&#8243; overlay_alpha=&#8221;50&#8243; gutter_size=&#8221;3&#8243; medium_width=&#8221;0&#8243; shift_x=&#8221;0&#8243; shift_y=&#8221;0&#8243; z_index=&#8221;0&#8243;][vc_column_text]H\u00f6rselskydden <strong>Etymotic Music PRO<\/strong> \u00e4r utvecklade f\u00f6r musiker och har en unik f\u00f6rm\u00e5ga att anpassa sig efter den aktuella ljudniv\u00e5n. De b\u00f6rjar d\u00e4mpa f\u00f6rst vid 70 dB och d\u00e4mpar d\u00e4refter successivt mer ju starkare omgivningsljudet blir.<\/p>\n<p>Som medlem i <span style=\"color: #0cb4ce;\"><a style=\"color: #0cb4ce;\" href=\"http:\/\/orkesterforbundet.se\" target=\"_blank\">Sveriges Orkesterf\u00f6rbund<\/a><\/span>\u00a0f\u00e5r du 625 kr rabatt (ordinarie pris 4 120 kr) p\u00e5 dessa h\u00f6rselskydd vid best\u00e4llning hos <span style=\"color: #0cb4ce;\"><a style=\"color: #0cb4ce;\" href=\"http:\/\/www.ljudtoner.se\" target=\"_blank\">Ljud och toner\u00a0<\/a><\/span>. Ange ditt medlemsnummer vid best\u00e4llning. Enskilt medlemskap hos Sveriges Orkesterf\u00f6rbund kostar 150 kr om \u00e5ret. Medlemskapet ger dessutom m\u00e5nga fler f\u00f6rdelar![\/vc_column_text][\/vc_column][\/vc_row]<\/p>\n<\/div>","protected":false},"excerpt":{"rendered":"<p>Som medlem i Sveriges Orkesterf\u00f6rbund f\u00e5r du rabatt p\u00e5 de aktiva h\u00f6rselskydden Etymotic Music PRO, utvecklade f\u00f6r musiker och med en unik f\u00f6rm\u00e5ga att anpassa sig efter den aktuella ljudniv\u00e5n.<\/p>\n","protected":false},"author":3,"featured_media":49559,"parent":49556,"menu_order":1,"comment_status":"closed","ping_status":"closed","template":"","meta":{"footnotes":""},"class_list":["post-49558","page","type-page","status-publish","has-post-thumbnail","hentry","page_category-hjalpmedel"],"_links":{"self":[{"href":"https:\/\/orkesterforbundet.se\/orkesterora\/wp-json\/wp\/v2\/pages\/49558","targetHints":{"allow":["GET"]}}],"collection":[{"href":"https:\/\/orkesterforbundet.se\/orkesterora\/wp-json\/wp\/v2\/pages"}],"about":[{"href":"https:\/\/orkesterforbundet.se\/orkesterora\/wp-json\/wp\/v2\/types\/page"}],"author":[{"embeddable":true,"href":"https:\/\/orkesterforbundet.se\/orkesterora\/wp-json\/wp\/v2\/users\/3"}],"replies":[{"embeddable":true,"href":"https:\/\/orkesterforbundet.se\/orkesterora\/wp-json\/wp\/v2\/comments?post=49558"}],"version-history":[{"count":5,"href":"https:\/\/orkesterforbundet.se\/orkesterora\/wp-json\/wp\/v2\/pages\/49558\/revisions"}],"predecessor-version":[{"id":49667,"href":"https:\/\/orkesterforbundet.se\/orkesterora\/wp-json\/wp\/v2\/pages\/49558\/revisions\/49667"}],"up":[{"embeddable":true,"href":"https:\/\/orkesterforbundet.se\/orkesterora\/wp-json\/wp\/v2\/pages\/49556"}],"wp:featuredmedia":[{"embeddable":true,"href":"https:\/\/orkesterforbundet.se\/orkesterora\/wp-json\/wp\/v2\/media\/49559"}],"wp:attachment":[{"href":"https:\/\/orkesterforbundet.se\/orkesterora\/wp-json\/wp\/v2\/media?parent=49558"}],"curies":[{"name":"wp","href":"https:\/\/api.w.org\/{rel}","templated":true}]}}