{"id":49497,"date":"2017-01-10T15:25:55","date_gmt":"2017-01-10T13:25:55","guid":{"rendered":"https:\/\/orkesterforbundet.se\/orkesterora\/?page_id=49497"},"modified":"2026-03-12T15:01:03","modified_gmt":"2026-03-12T13:01:03","slug":"workshops","status":"publish","type":"page","link":"https:\/\/orkesterforbundet.se\/orkesterora\/workshops\/","title":{"rendered":"Workshops"},"content":{"rendered":"<div class=\"wpb-content-wrapper\"><p>[vc_row row_height_percent=&#8221;0&#8243; override_padding=&#8221;yes&#8221; h_padding=&#8221;2&#8243; top_padding=&#8221;1&#8243; bottom_padding=&#8221;4&#8243; overlay_alpha=&#8221;100&#8243; gutter_size=&#8221;3&#8243; shift_y=&#8221;0&#8243; row_height_use_pixel=&#8221;&#8221;][vc_column column_width_use_pixel=&#8221;yes&#8221; gutter_size=&#8221;2&#8243; font_family=&#8221;font-134980&#8243; overlay_alpha=&#8221;50&#8243; shift_x=&#8221;0&#8243; shift_y=&#8221;0&#8243; z_index=&#8221;0&#8243; medium_width=&#8221;0&#8243; zoom_width=&#8221;0&#8243; zoom_height=&#8221;0&#8243; column_width_pixel=&#8221;800&#8243;][vc_gallery el_id=&#8221;gallery-124798&#8243; type=&#8221;carousel&#8221; medias=&#8221;50313,50316,50447&#8243; carousel_lg=&#8221;3&#8243; carousel_md=&#8221;3&#8243; carousel_sm=&#8221;1&#8243; thumb_size=&#8221;four-three&#8221; gutter_size=&#8221;2&#8243; carousel_height=&#8221;equal&#8221; carousel_autoh=&#8221;yes&#8221; carousel_interval=&#8221;3000&#8243; carousel_navspeed=&#8221;400&#8243; single_overlay_opacity=&#8221;50&#8243; single_padding=&#8221;2&#8243; items=&#8221;eyI1MDMxM19pIjp7InNpbmdsZV9pY29uIjoiIn19&#8243;][vc_column_text uncode_shortcode_id=&#8221;208462&#8243;]Med \u00f6ra f\u00f6r orkester erbjuder f\u00f6rel\u00e4sningar \u00f6ver hela landet och \u00e4ven digitalt. Orkestrar och skolor erbjuds bes\u00f6k exempelvis i samband med ordinarie repetition eller vid fortbildningsdagar. Vi h\u00e5ller ocks\u00e5 f\u00f6rel\u00e4sningar f\u00f6r chefer, pedagoger och elever inom grund- och gymnasieskolan, och inte n\u00f6dv\u00e4ndigtvis ur musikperspektiv. Inneh\u00e5ll och uppl\u00e4gg kan anpassas till lokal situation och till alla \u00e5ldrar och niv\u00e5er.<\/p>\n<p>Exempel p\u00e5 \u00e4mnen \u00e4r:<\/p>\n<ul>\n<li>H\u00f6rselskador: vilka \u00e4r vanligast f\u00f6rekommande? hur uppst\u00e5r dom? hur undviken man dom?<\/li>\n<li>Hur skyddar vi barns h\u00f6rsel?<\/li>\n<li>Repeterar vi och sitter vi p\u00e5 ett optimalt s\u00e4tt ur h\u00f6rselsynpunkt?<\/li>\n<li>Hur man skapar orkesterns\/skolans ljudpolicy<\/li>\n<li>Akustik och \u00e5tg\u00e4rder f\u00f6r lokaler, klassrum, \u00f6vningsmilj\u00f6er<\/li>\n<li>Lagar och f\u00f6rordningar &#8211; vilka r\u00e4ttigheter, skyldigheter och m\u00f6jligheter har vi?<\/li>\n<li>Vi erbjuder \u00e4ven ljudm\u00e4tningar med eventuella \u00e5tg\u00e4rdsf\u00f6rslag<\/li>\n<\/ul>\n<p>Pris varierar beroende p\u00e5 tidsl\u00e4ngd mm. Minimum 2000 kr. Riktpris f\u00f6r en 3-timmars f\u00f6rel\u00e4sning \u00e4r 5000 kr + ev resa. <strong><span style=\"color: #ff0000;\">Medlemsorkestrar i Sveriges Orkesterf\u00f6rbund erbjuds f\u00f6rel\u00e4sning f\u00f6r endast rese- och eventuella boendekostnader, i m\u00e5n av tid.<\/span> <\/strong>F\u00f6r fr\u00e5gor och bokning kontakta projektledaren p\u00e5 <a href=\"mailto:andreas@orkester.nu\">andreas@orkester.nu<\/a>.[\/vc_column_text][vc_gallery el_id=&#8221;gallery-124798&#8243; isotope_mode=&#8221;packery&#8221; medias=&#8221;50315,50314&#8243; gutter_size=&#8221;3&#8243; screen_lg=&#8221;1000&#8243; screen_md=&#8221;600&#8243; screen_sm=&#8221;480&#8243; single_width=&#8221;3&#8243; images_size=&#8221;three-two&#8221; single_overlay_opacity=&#8221;50&#8243; single_padding=&#8221;2&#8243;][vc_separator sep_color=&#8221;accent&#8221;][vc_column_text uncode_shortcode_id=&#8221;731757&#8243;]<\/p>\n<p style=\"text-align: justify;\"><span style=\"color: #ff0000;\">H\u00c4R HAR VI F\u00d6REL\u00c4ST:<\/span><\/p>\n<p style=\"text-align: justify;\"><span style=\"text-decoration: underline;\">Orkestrar:<\/span><br \/>\nNorrk\u00f6pings Symfoniorkester<br \/>\nMarinens Musikk\u00e5r<br \/>\nBohusl\u00e4n Big Band<br \/>\nPolisens Musikk\u00e5r Region Stockholm<br \/>\nHemv\u00e4rnets Musikk\u00e5r Blekinge<br \/>\nPro Musica, Stockholm<br \/>\n\u00d6resunds Musikk\u00e5r<br \/>\nSandvikens symfoniorkester<br \/>\nS\u00f6lvesborgs Musikk\u00e5r<br \/>\nTran\u00e5s Musikk\u00e5r<br \/>\nHemv\u00e4rnets Musikk\u00e5r G\u00f6teborg<br \/>\nKarlshamns Musikk\u00e5r<br \/>\nTrollh\u00e4ttans Stadsmusikk\u00e5r<br \/>\nMj\u00f6lby Ungdomsmusikk\u00e5r<br \/>\nG\u00e4vle Big Band<br \/>\nH\u00e4ssleholms Stadsmusikk\u00e5r<br \/>\nTre Kronor, Stockholm<br \/>\nT\u00e4by Bl\u00e5s<br \/>\nKarlstads Orkesterf\u00f6rening<br \/>\nM\u00f6nster\u00e5s Musikk\u00e5r<br \/>\nG\u00f6teborgs Musikk\u00e5r<br \/>\nEskilstuna Symfoniorkester<br \/>\nSkarabygdens Symfoniorkester<\/p>\n<p style=\"text-align: justify;\"><span style=\"text-decoration: underline;\">Kultur\/musikskolor:<br \/>\n<\/span>Stockholms Kulturskola<br \/>\nM\u00f6nster\u00e5s kulturskola<br \/>\nSkellefte\u00e5 kulturskola<br \/>\nUme\u00e5 kulturskola<br \/>\nV\u00e4nn\u00e4s musikskola<br \/>\nS\u00f6dert\u00e4lje kulturskola<br \/>\nNacka musikskola<br \/>\nHuddinge kulturskola<br \/>\nBotkyrka kulturskola<br \/>\n\u00d6ster\u00e5ker musikskola<br \/>\nFalk\u00f6ping kulturskola<br \/>\nLerum\/Partille kulturskolor<br \/>\n\u00d6rnsk\u00f6ldsvik kulturskola<br \/>\nHalmstad kulturskola<br \/>\nDanderyd kulturskola<br \/>\nFinsp\u00e5ngs kulturskola<br \/>\nKumla kulturskola<br \/>\nLiding\u00f6 kulturskola<br \/>\nArboga kulturskola<br \/>\nSkurup kulturskola<br \/>\n\u00c5storp kulturskola<br \/>\nG\u00e4vle kulturskola<br \/>\nKarlshamns musikskola<br \/>\nFalun kulturskola<br \/>\nVallentuna kulturskola<br \/>\nSkara musikskola<\/p>\n<p><span style=\"text-decoration: underline;\">\u00d6vriga utbildningar:<br \/>\n<\/span>SMI (Stockholms Musikpedagogiska Institut)<br \/>\nLunnevads folkh\u00f6gskola<br \/>\nMalm\u00f6 latinskola<br \/>\nG\u00f6teborgs Universitet, audionomutbildningen<br \/>\nLilla Akademien, Pre College, Stockholm<br \/>\nFalk\u00f6ping estetgymnasium<br \/>\n\u00d6rnsk\u00f6ldsvik\u00a0musikklasser \u00e5k 5-9<br \/>\nVislandaskolan<br \/>\nSk\u00e4rs\u00e4tra skola<br \/>\nFryshusets gymnasium, Stockholm<\/p>\n<p style=\"text-align: justify;\"><span style=\"text-decoration: underline;\">\u00d6vrigt:<\/span><br \/>\nRe:Sound, Kungliga Musikh\u00f6gskolan<br \/>\nMusikRUM, V\u00e4ster\u00e5s<br \/>\nNationell Estetisk Kongress<br \/>\nL\u00e4rarf\u00f6rbundet G\u00f6teborg<br \/>\nBl\u00e5sfest, Pite\u00e5 musikh\u00f6gskola<br \/>\nHRF \u00d6sterg\u00f6tland<br \/>\nSide By Side, G\u00f6teborg<br \/>\nRUM orkesterl\u00e4ger Ekebyholm<br \/>\nBl\u00e5sl\u00e4rardag region J\u00f6nk\u00f6ping<br \/>\nL\u00e4rarf\u00f6rbundet Halmstad<br \/>\nRUM l\u00e4rarsymposium SMI<br \/>\nSvensk Bl\u00e5smusikfestival Link\u00f6ping<br \/>\nStora ljud- &amp; h\u00f6rseldagen G\u00f6teborg<br \/>\nL\u00e4nstr\u00e4ff kulturskolor, Lycksele<br \/>\nBl\u00e5sledarsymposium N\u00e4ssj\u00f6<br \/>\nRUM KiS-tr\u00e4ff<br \/>\nMAIS (Musikarrang\u00f6rer i Samverkan) arrang\u00f6rstr\u00e4ff<br \/>\nSweden Festivals<br \/>\nUtbildning av Ljudskyddsombud och Fokusgrupp<br \/>\nWebinarier av olika slag<\/p>\n<p>[\/vc_column_text][vc_separator sep_color=&#8221;accent&#8221;][vc_column_text]<span style=\"color: #000000;\">N\u00e5gra r\u00f6ster efter genomf\u00f6rda f\u00f6rel\u00e4sningar\/workshops:<\/span><\/p>\n<p style=\"padding-left: 30px;\"><i style=\"color: #ff0000;\">Tack f\u00f6r en j\u00e4ttebra f\u00f6rel\u00e4sning. Vi fick tips om hur\u00a0<\/i><span style=\"color: #ff0000;\"><span style=\"caret-color: #ff0000;\"><i>sm\u00e5<\/i><\/span><\/span><i style=\"color: #ff0000;\">\u00a0f\u00f6r\u00e4ndringar kan g\u00f6ra stor skillnad f\u00f6r ens framtida h\u00f6rsel. Viktig kunskap som alla musikstudenter borde f\u00e5 ta del av. <\/i><span style=\"color: #000000;\">\/elev p\u00e5 Lunnevads Folkh\u00f6gskola, musiklinjen<\/span><\/p>\n<p style=\"padding-left: 30px;\"><i style=\"color: #ff0000;\">F\u00f6r oss i Danderyds kulturskola var f\u00f6rel\u00e4sningen en \u00f6gon-\/\u00f6ron\u00f6ppnare n\u00e4r det g\u00e4ller den akustiska milj\u00f6 vi arbetar i och hur den p\u00e5verkar oss och v\u00e5ra elever.\u00a0<\/i><em style=\"color: #ff0000;\">Mycket intressant och engagerande. Vi har nu en lista p\u00e5 vad vi beh\u00f6ver \u00e5tg\u00e4rda b\u00e5de kort- och l\u00e5ngsiktigt!\u00a0<\/em><em style=\"color: #ff0000;\">Rekommenderas varmt!\u00a0<\/em><span style=\"color: #000000;\">\/Anders Steng\u00e5rd, rektor Danderyds Kulturskola<\/span><\/p>\n<p style=\"padding-left: 30px;\"><span style=\"color: #ff0000;\"><em>Trots att jag jobbat med arbetsmilj\u00f6 och bullerproblematik har jag inte t\u00e4nkt p\u00e5 samma s\u00e4tt kring det n\u00e4r man spelar musik. Andreas gav tips som man p\u00e5 ett enkelt s\u00e4tt kan anv\u00e4nda i musikk\u00e5ren f\u00f6r att minska risken f\u00f6r h\u00f6rselproblem. Vi fick ocks\u00e5 tips om hur man skall skydda sin h\u00f6rsel i andra sammanhang.\u00a0<\/em><span style=\"color: #000000;\">\/ Per-Olof Clarin, Karlshamns Musikk\u00e5r<\/span><\/span><\/p>\n<p style=\"padding-left: 30px;\"><span style=\"color: #ff0000;\"><em>Tack vare f\u00f6rel\u00e4sningen s\u00e5 \u00e4r vi nu ig\u00e5ng med h\u00f6rselkontroller p\u00e5 Kulturskolan och olika former av h\u00f6rselskydd till alla anst\u00e4llda.\u00a0Vi arbetar \u00e4ven aktivt med att m\u00e4ta upp ljudvolym vid v\u00e5ra konserter och speciellt de som \u00e4r riktade till barn. <\/em><span style=\"color: #000000;\">\/ Kulturskolan Arboga<\/span><\/span><\/p>\n<p style=\"padding-left: 30px;\"><span style=\"color: #ff0000;\"><em>Att bli p\u00e5mind b\u00e5de som musiker och musikl\u00e4rare om ansvaret vi har f\u00f6r v\u00e5ra elever\/medmusikanters h\u00f6rsel k\u00e4ndes som ett uppvaknande \u00a0&#8230;igen! Att f\u00e5 lyssna p\u00e5 ert f\u00f6redrag var b\u00e5de intressant och l\u00e4rorikt. Detta b\u00f6r vi h\u00f6ra varje \u00e5r, typ som att besikta bilen!\u00a0<\/em><span style=\"color: #000000;\">\/ Michael Sandell, Kumla och Hallsbergs Kulturskolor<\/span><\/span><\/p>\n<p style=\"padding-left: 30px;\"><span style=\"color: #ff0000;\"><em>Viktig kunskap levererat av en trevlig och kompetent f\u00f6rel\u00e4sare.<\/em> <span style=\"color: #000000;\">\/\u00a0Samuel Olofsson, elgitarr- &amp; elbaspedagog\u00a0Kumla kommun<\/span><\/span><\/p>\n<p style=\"padding-left: 30px;\"><span style=\"color: #ff0000;\"><em>Att man som musiker ska vara r\u00e4dd om sin h\u00f6rsel kan tyckas sj\u00e4lvklart, men l\u00e4tt att gl\u00f6mma bort i det vardagliga repetitionsarbetet. Andreas f\u00f6rel\u00e4sning gav oss m\u00e5nga insikter och handfasta tips hur vi kan undvika och f\u00f6rebygga h\u00f6rselskador.<\/em> <span style=\"color: #000000;\">\/\u00a0Fredrik \u00c5kesson, Tran\u00e5s Musikk\u00e5r<\/span><\/span><\/p>\n<p>[\/vc_column_text][\/vc_column][\/vc_row]<\/p>\n<\/div>","protected":false},"excerpt":{"rendered":"<p>[vc_row row_height_percent=&#8221;0&#8243; override_padding=&#8221;yes&#8221; h_padding=&#8221;2&#8243; top_padding=&#8221;1&#8243; bottom_padding=&#8221;4&#8243; overlay_alpha=&#8221;100&#8243; gutter_size=&#8221;3&#8243; shift_y=&#8221;0&#8243; row_height_use_pixel=&#8221;&#8221;][vc_column column_width_use_pixel=&#8221;yes&#8221; gutter_size=&#8221;2&#8243; font_family=&#8221;font-134980&#8243; overlay_alpha=&#8221;50&#8243; shift_x=&#8221;0&#8243; shift_y=&#8221;0&#8243; z_index=&#8221;0&#8243; medium_width=&#8221;0&#8243; zoom_width=&#8221;0&#8243; zoom_height=&#8221;0&#8243; [&hellip;]<\/p>\n","protected":false},"author":3,"featured_media":0,"parent":0,"menu_order":0,"comment_status":"closed","ping_status":"closed","template":"","meta":{"footnotes":""},"class_list":["post-49497","page","type-page","status-publish","hentry"],"_links":{"self":[{"href":"https:\/\/orkesterforbundet.se\/orkesterora\/wp-json\/wp\/v2\/pages\/49497","targetHints":{"allow":["GET"]}}],"collection":[{"href":"https:\/\/orkesterforbundet.se\/orkesterora\/wp-json\/wp\/v2\/pages"}],"about":[{"href":"https:\/\/orkesterforbundet.se\/orkesterora\/wp-json\/wp\/v2\/types\/page"}],"author":[{"embeddable":true,"href":"https:\/\/orkesterforbundet.se\/orkesterora\/wp-json\/wp\/v2\/users\/3"}],"replies":[{"embeddable":true,"href":"https:\/\/orkesterforbundet.se\/orkesterora\/wp-json\/wp\/v2\/comments?post=49497"}],"version-history":[{"count":7,"href":"https:\/\/orkesterforbundet.se\/orkesterora\/wp-json\/wp\/v2\/pages\/49497\/revisions"}],"predecessor-version":[{"id":50668,"href":"https:\/\/orkesterforbundet.se\/orkesterora\/wp-json\/wp\/v2\/pages\/49497\/revisions\/50668"}],"wp:attachment":[{"href":"https:\/\/orkesterforbundet.se\/orkesterora\/wp-json\/wp\/v2\/media?parent=49497"}],"curies":[{"name":"wp","href":"https:\/\/api.w.org\/{rel}","templated":true}]}}