{"id":49206,"date":"2016-10-24T14:18:26","date_gmt":"2016-10-24T12:18:26","guid":{"rendered":"https:\/\/orkesterforbundet.se\/orkesterora\/?page_id=49206"},"modified":"2018-12-18T12:55:04","modified_gmt":"2018-12-18T10:55:04","slug":"fokusgruppen","status":"publish","type":"page","link":"https:\/\/orkesterforbundet.se\/orkesterora\/fokusgruppen\/","title":{"rendered":"Fokusgruppen"},"content":{"rendered":"<div class=\"wpb-content-wrapper\"><p>[vc_row row_height_percent=&#8221;0&#8243; override_padding=&#8221;yes&#8221; h_padding=&#8221;3&#8243; top_padding=&#8221;2&#8243; bottom_padding=&#8221;2&#8243; overlay_alpha=&#8221;50&#8243; gutter_size=&#8221;3&#8243; shift_y=&#8221;0&#8243;][vc_column column_width_use_pixel=&#8221;yes&#8221; overlay_alpha=&#8221;50&#8243; gutter_size=&#8221;3&#8243; medium_width=&#8221;0&#8243; shift_x=&#8221;0&#8243; shift_y=&#8221;0&#8243; z_index=&#8221;0&#8243; width=&#8221;1\/1&#8243; column_width_pixel=&#8221;800&#8243;][vc_column_text]<\/p>\n<p style=\"text-align: left;\">D\u00e5 projektet \u00e4r deltagarstyrt formas\u00a0stora delar av inneh\u00e5ll och riktning av projektets fokusgrupp. Fokusgruppen, utspridda \u00f6ver hela landet, best\u00e5r av personer med egen erfarenhet av h\u00f6rselproblem kopplat till orkesterspel. Inom fokusgruppen ventileras problematik, erfarenheter, id\u00e9er och l\u00f6sningar.<\/p>\n<p>[\/vc_column_text][uncode_list icon=&#8221;fa fa-circle&#8221;]<\/p>\n<h5>Fokusgruppen har valt att prioritera arbetet mot att:<\/h5>\n<p>&nbsp;<\/p>\n<ul>\n<li>Jobba mot barn och ungdomar. Ge f\u00f6rebyggande kunskap.<\/li>\n<li>Hj\u00e4lpa personer som \u00e4r n\u00e4ra att ge upp sitt musicerande pga h\u00f6rselproblem.<\/li>\n<li>Erbjuda konkreta l\u00f6sningar (produkter, placering, akustikp\u00e5verkan), b\u00e5de f\u00f6r orkester och enskilda musiker.<\/li>\n<li>Erbjuda fortbildning, b\u00e5de f\u00f6r orkester och enskilda musiker.<\/li>\n<\/ul>\n<p>[\/uncode_list][\/vc_column][\/vc_row][vc_row row_height_percent=&#8221;0&#8243; override_padding=&#8221;yes&#8221; h_padding=&#8221;2&#8243; top_padding=&#8221;3&#8243; bottom_padding=&#8221;1&#8243; back_color=&#8221;color-lxmt&#8221; overlay_color=&#8221;color-wayh&#8221; overlay_alpha=&#8221;0&#8243; gutter_size=&#8221;3&#8243; shift_y=&#8221;0&#8243; row_height_use_pixel=&#8221;&#8221;][vc_column column_width_use_pixel=&#8221;yes&#8221; align_horizontal=&#8221;align_center&#8221; style=&#8221;light&#8221; overlay_alpha=&#8221;50&#8243; gutter_size=&#8221;3&#8243; medium_width=&#8221;0&#8243; shift_x=&#8221;0&#8243; shift_y=&#8221;0&#8243; z_index=&#8221;0&#8243; zoom_width=&#8221;0&#8243; zoom_height=&#8221;0&#8243; column_width_pixel=&#8221;800&#8243;][vc_custom_heading sub_lead=&#8221;yes&#8221;]Medlemmar[\/vc_custom_heading][vc_column_text]<\/p>\n<p style=\"text-align: left;\">H\u00e4r presenteras n\u00e5gra av medlemmarna i fokusgruppen som svarar p\u00e5 varf\u00f6r de valt att delta och vilka resultat de hoppas p\u00e5:<\/p>\n<p>[\/vc_column_text][\/vc_column][\/vc_row][vc_row row_height_percent=&#8221;0&#8243; override_padding=&#8221;yes&#8221; h_padding=&#8221;3&#8243; top_padding=&#8221;2&#8243; bottom_padding=&#8221;3&#8243; back_color=&#8221;color-lxmt&#8221; overlay_alpha=&#8221;100&#8243; gutter_size=&#8221;3&#8243; shift_y=&#8221;0&#8243; style=&#8221;inherited&#8221;][vc_column column_width_use_pixel=&#8221;yes&#8221; overlay_alpha=&#8221;50&#8243; gutter_size=&#8221;3&#8243; medium_width=&#8221;0&#8243; shift_x=&#8221;0&#8243; shift_y=&#8221;0&#8243; z_index=&#8221;0&#8243; width=&#8221;1\/1&#8243; column_width_pixel=&#8221;800&#8243;][vc_column_text]<\/p>\n<h5 style=\"text-align: left;\">Katarina Hult, Borl\u00e4nge<\/h5>\n<p style=\"text-align: left;\">\u2013 Jag har sj\u00e4lv tinnitus och en lindrig neds\u00e4ttning av h\u00f6rseln och anv\u00e4nder specialutprovade \u00f6ronproppar i orkestern.<\/p>\n<p style=\"text-align: left;\">\u2013 Jag hoppas att f\u00e5 veta allt om akustik och hur man kan g\u00f6ra repetitionslokaler b\u00e4ttre, och att vi i fokusgruppen tar fram material f\u00f6r f\u00f6rebyggande \u00e5tg\u00e4rder och hj\u00e4lpmedel f\u00f6r dem som drabbats av h\u00f6rselproblem.<\/p>\n<p>[\/vc_column_text][vc_column_text]<\/p>\n<h5>Bo Lidman, Boxholm<\/h5>\n<p>\u2013 Jag hoppas att projektet ska bidra till b\u00e4ttre r\u00e5dgivning till orkestrar och musiker, till exempel om vad det finns f\u00f6r hj\u00e4lpmedel.<\/p>\n<p>\u2013 Jag har tinnitus efter att ha spelat i orkester i n\u00e4rmare 50 \u00e5r och har framf\u00f6rallt sv\u00e5rt att h\u00f6ra n\u00e4r dirigenter pratar. D\u00e5 jag sj\u00e4lv \u00e4r drabbad vill jag g\u00e4rna dela mina erfarenheter och ta del av ny kunskap.[\/vc_column_text][vc_column_text]<\/p>\n<h5>Stefan Holmberg, Motala<\/h5>\n<p>\u2013 Jag \u00e4r amat\u00f6rmusiker boende i Karlsby utanf\u00f6r Motala med musikalisk bakgrund som klarinettist och saxofonist i musikk\u00e5rer och storband. Har \u00e4ven f\u00f6rs\u00f6rjt mig som dansbandsmusiker en period. Musicerar numera aktivt i Mj\u00f6lby Storband och i Stinas Oktett, som spelar Naleninspirerad musik fr\u00e5n 50-60-talet.<\/p>\n<p>\u2013 Jag lider sj\u00e4lv av kraftig tinnitus och vill bidra till hur vi kan undvika dessa problem i framtiden. Mycket handlar om f\u00f6rebyggande \u00e5tg\u00e4rder och hur man kan hj\u00e4lpa de som redan har besv\u00e4r.[\/vc_column_text][vc_column_text]<\/p>\n<h5 style=\"text-align: left;\">Bj\u00f6rn Vallin, Boliden<\/h5>\n<p>\u2013 Jag \u00e4r intresserad av problemet med f\u00f6r starka ljud i orkestrar och hur man kan hitta l\u00f6sningar f\u00f6r dem som vill spela tillsammans men inte alltid orkar med det starka ljudet.<\/p>\n<p>\u2013 Jag vill dela med mig av erfarenheter och problem jag har st\u00f6tt p\u00e5 genom \u00e5ren och de l\u00f6sningar jag har hittat f\u00f6r att kunna forts\u00e4tta spela i orkester.[\/vc_column_text][vc_column_text]<\/p>\n<h5>Kerstin Oldeen, G\u00e4vle<\/h5>\n<p>\u2013 P\u00e5 fritiden spelar jag viola i olika musiksammanhang i G\u00e4vletrakten, framf\u00f6rallt i h\u00e4rliga Sandvikens Symfoniorkester. Att sitta mitt i en orkester och skapa musikupplevelser \u00e4r en fantastisk k\u00e4nsla, baksidan \u00e4r att ljudet som vi tillsammans skapar inte alltid \u00e4r bra f\u00f6r h\u00f6rselh\u00e4lsan.<\/p>\n<p>\u2013 Jag hoppas f\u00e5 ta del av nya r\u00f6n och ny teknik som kan skydda h\u00f6rseln hos orkestermedlemmar.[\/vc_column_text][vc_column_text]<\/p>\n<h5>Helena Engstr\u00f6m, Gr\u00e4ngesberg<\/h5>\n<p>\u2013 Jag har arbetat som l\u00e4rare i \u00e4mnena tr\u00e4bl\u00e5s, piano och ensemble p\u00e5 kommunala musikskolan i Ljusnarsberg i n\u00e4rmare 30 \u00e5r. Vid sidan om undervisningen spelar jag aktivt i amat\u00f6rorkestrar och \u00e4r f\u00f6r n\u00e4rvarande medlem i s\u00e5v\u00e4l orkesterf\u00f6rening som musikk\u00e5r och spelmanslag.<\/p>\n<p>\u2013Jag hoppas att vi kan n\u00e5 \u00f6kad \u00f6ppenhet och f\u00f6rst\u00e5else och att vi inom projektet hittar olika praktiska l\u00f6sningar och tips som kan pr\u00f6vas av enskilda musiker och orkestrar, och \u00e4ven f\u00f6rebyggande arbete inom musik och kulturskolor.[\/vc_column_text][vc_column_text]<\/p>\n<h5>Wiktoria Nilsson<\/h5>\n<p>\u2013\u00a0Anledningen att jag vill vara med i fokusgruppen \u00e4r att jag drabbades av tinnitus under mina 20 aktiva \u00e5r som yrkesmusiker. (En karri\u00e4rv\u00e4xling blev resultatet f\u00f6r min del.)<\/p>\n<p>\u2013 Jag hoppas att vi ska kunna f\u00e5 fram s\u00e5 tydliga regler \u00f6ver arbetsf\u00f6rh\u00e5llanden f\u00f6r yrkesmusiker (var de \u00e4n \u00e4r anst\u00e4llda och under vilka tillf\u00e4lliga omst\u00e4ndigheter det vara m\u00e5) att det aldrig g\u00e5r att bortse fr\u00e5n hur ljudet n\u00e5r v\u00e5ra \u00f6ron och med vilken styrka.[\/vc_column_text][\/vc_column][\/vc_row]<\/p>\n<\/div>","protected":false},"excerpt":{"rendered":"<p>[vc_row row_height_percent=&#8221;0&#8243; override_padding=&#8221;yes&#8221; h_padding=&#8221;3&#8243; top_padding=&#8221;2&#8243; bottom_padding=&#8221;2&#8243; overlay_alpha=&#8221;50&#8243; gutter_size=&#8221;3&#8243; shift_y=&#8221;0&#8243;][vc_column column_width_use_pixel=&#8221;yes&#8221; overlay_alpha=&#8221;50&#8243; gutter_size=&#8221;3&#8243; medium_width=&#8221;0&#8243; shift_x=&#8221;0&#8243; shift_y=&#8221;0&#8243; z_index=&#8221;0&#8243; width=&#8221;1\/1&#8243; column_width_pixel=&#8221;800&#8243;][vc_column_text] D\u00e5 projektet [&hellip;]<\/p>\n","protected":false},"author":3,"featured_media":49207,"parent":0,"menu_order":0,"comment_status":"closed","ping_status":"closed","template":"","meta":{"footnotes":""},"class_list":["post-49206","page","type-page","status-publish","has-post-thumbnail","hentry"],"_links":{"self":[{"href":"https:\/\/orkesterforbundet.se\/orkesterora\/wp-json\/wp\/v2\/pages\/49206","targetHints":{"allow":["GET"]}}],"collection":[{"href":"https:\/\/orkesterforbundet.se\/orkesterora\/wp-json\/wp\/v2\/pages"}],"about":[{"href":"https:\/\/orkesterforbundet.se\/orkesterora\/wp-json\/wp\/v2\/types\/page"}],"author":[{"embeddable":true,"href":"https:\/\/orkesterforbundet.se\/orkesterora\/wp-json\/wp\/v2\/users\/3"}],"replies":[{"embeddable":true,"href":"https:\/\/orkesterforbundet.se\/orkesterora\/wp-json\/wp\/v2\/comments?post=49206"}],"version-history":[{"count":5,"href":"https:\/\/orkesterforbundet.se\/orkesterora\/wp-json\/wp\/v2\/pages\/49206\/revisions"}],"predecessor-version":[{"id":50118,"href":"https:\/\/orkesterforbundet.se\/orkesterora\/wp-json\/wp\/v2\/pages\/49206\/revisions\/50118"}],"wp:featuredmedia":[{"embeddable":true,"href":"https:\/\/orkesterforbundet.se\/orkesterora\/wp-json\/wp\/v2\/media\/49207"}],"wp:attachment":[{"href":"https:\/\/orkesterforbundet.se\/orkesterora\/wp-json\/wp\/v2\/media?parent=49206"}],"curies":[{"name":"wp","href":"https:\/\/api.w.org\/{rel}","templated":true}]}}