{"id":49194,"date":"2016-10-21T16:27:06","date_gmt":"2016-10-21T14:27:06","guid":{"rendered":"https:\/\/orkesterforbundet.se\/orkesterora\/?page_id=49194"},"modified":"2026-03-12T14:57:06","modified_gmt":"2026-03-12T12:57:06","slug":"index-2-2","status":"publish","type":"page","link":"https:\/\/orkesterforbundet.se\/orkesterora\/","title":{"rendered":"Startpage"},"content":{"rendered":"<div class=\"wpb-content-wrapper\"><p>[vc_row row_height_percent=&#8221;35&#8243; override_padding=&#8221;yes&#8221; h_padding=&#8221;2&#8243; top_padding=&#8221;5&#8243; bottom_padding=&#8221;5&#8243; back_color=&#8221;color-lxmt&#8221; overlay_alpha=&#8221;50&#8243; equal_height=&#8221;yes&#8221; gutter_size=&#8221;3&#8243; border_color=&#8221;color-gyho&#8221; border_style=&#8221;solid&#8221; shift_y=&#8221;0&#8243; css=&#8221;.vc_custom_1473418720027{border-bottom-width: 1px !important;}&#8221;][vc_column width=&#8221;1\/3&#8243;][vc_icon position=&#8221;left&#8221; icon=&#8221;fa fa-cogs&#8221; icon_color=&#8221;color-160908&#8243; size=&#8221;fa-2x&#8221; heading_semantic=&#8221;h5&#8243; text_size=&#8221;h5&#8243; title=&#8221;F\u00f6rel\u00e4sningar&#8221; link_text=&#8221;L\u00e4s mer&#8221; link=&#8221;url:https%3A%2F%2Forkesterforbundet.se%2Forkesterora%2Fworkshops%2F|||&#8221;]Vi erbjuder f\u00f6rel\u00e4sningar\u00a0f\u00f6r skolor, orkestrar och andra akt\u00f6rer som vill f\u00f6rb\u00e4ttra\u00a0sin ljudmilj\u00f6 och l\u00e4ra sig med om ljud och h\u00f6rsel. Alltifr\u00e5n 30 minuters f\u00f6rel\u00e4sning till heldagar med workshops.[\/vc_icon][vc_icon position=&#8221;left&#8221; icon=&#8221;fa fa-group&#8221; icon_color=&#8221;color-160908&#8243; size=&#8221;fa-2x&#8221; heading_semantic=&#8221;h5&#8243; text_size=&#8221;h5&#8243; link=&#8221;url:https%3A%2F%2Forkesterforbundet.se%2Forkesterora%2Ffokusgruppen%2F|title:Fokusgruppen||&#8221; title=&#8221;Fokusgruppen&#8221; link_text=&#8221;L\u00e4s mer&#8221;]Med \u00f6ra f\u00f6r orkester startade som ett deltagarstyrt Arvsfondsprojekt. De f\u00f6rsta tre \u00e5ren formades\u00a0delar av inneh\u00e5ll och riktning av en fokusgrupp best\u00e5ende av nio personer med egen erfarenhet av h\u00f6rselproblem kopplat till orkesterspel.[\/vc_icon][\/vc_column][vc_column column_width_percent=&#8221;100&#8243; gutter_size=&#8221;3&#8243; overlay_alpha=&#8221;50&#8243; shift_x=&#8221;0&#8243; shift_y=&#8221;0&#8243; z_index=&#8221;0&#8243; medium_width=&#8221;3&#8243; zoom_width=&#8221;0&#8243; zoom_height=&#8221;0&#8243; width=&#8221;1\/3&#8243;][vc_icon position=&#8221;left&#8221; icon=&#8221;fa fa-medkit&#8221; icon_color=&#8221;color-160908&#8243; size=&#8221;fa-2x&#8221; heading_semantic=&#8221;h5&#8243; text_size=&#8221;h5&#8243; title=&#8221;Ljudskyddsombud&#8221; link=&#8221;url:https%3A%2F%2Forkesterforbundet.se%2Forkesterora%2Fljudskyddsombud%2F|title:Ljudskyddsombud||&#8221; link_text=&#8221;L\u00e4s mer&#8221;]November\u00a02017 startade v\u00e5r utbildning av ljudskyddsombud, blivande kunskapsb\u00e4rare och inspirat\u00f6rer f\u00f6r skolor eller orkestrar i sitt n\u00e4romr\u00e5de. Dessa bidrar till att vi blir \u00e4nnu b\u00e4ttre p\u00e5 att n\u00e5 stora delar av landet med hj\u00e4lp och f\u00f6rebyggande kunskap.[\/vc_icon][vc_icon position=&#8221;left&#8221; icon=&#8221;fa fa-headphones&#8221; icon_color=&#8221;color-160908&#8243; size=&#8221;fa-2x&#8221; heading_semantic=&#8221;h5&#8243; text_size=&#8221;h5&#8243; title=&#8221;Hj\u00e4lpmedel&#8221; link=&#8221;url:https%3A%2F%2Forkesterforbundet.se%2Forkesterora%2Fhjalpmedel%2F|||&#8221; link_text=&#8221;L\u00e4s mer&#8221;]Vi\u00a0arbetar aktivt med att hitta l\u00e4mpliga f\u00f6retag och samarbetspartners som erbjuder bra produkter inom h\u00f6rhj\u00e4lpmedel, h\u00f6rselskydd och akustikanpassning.[\/vc_icon][\/vc_column][vc_column column_width_percent=&#8221;100&#8243; position_vertical=&#8221;middle&#8221; gutter_size=&#8221;3&#8243; overlay_alpha=&#8221;50&#8243; shift_x=&#8221;0&#8243; shift_y=&#8221;0&#8243; z_index=&#8221;0&#8243; medium_width=&#8221;3&#8243; zoom_width=&#8221;0&#8243; zoom_height=&#8221;0&#8243; width=&#8221;1\/3&#8243;][vc_icon position=&#8221;left&#8221; icon=&#8221;fa fa-graduation-cap&#8221; icon_color=&#8221;color-160908&#8243; size=&#8221;fa-2x&#8221; heading_semantic=&#8221;h5&#8243; text_size=&#8221;h5&#8243; title=&#8221;Referensgruppen&#8221; link=&#8221;url:https%3A%2F%2Forkesterforbundet.se%2Forkesterora%2Freferensgrupp%2F|title:Referensgruppen||&#8221; link_text=&#8221;L\u00e4s mer&#8221;]Referensgruppen, best\u00e5ende av samarbetsorganisationer och experter, bist\u00e5r Med \u00f6ra f\u00f6r orkester\u00a0med kompetens f\u00f6r att ytterligare s\u00e4kerst\u00e4lla kunskapskvalit\u00e9 och f\u00f6r att n\u00e5 best\u00e5ende och v\u00e4rdefulla m\u00e5l.[\/vc_icon][vc_icon position=&#8221;left&#8221; icon=&#8221;fa fa-pencil&#8221; icon_color=&#8221;color-160908&#8243; size=&#8221;fa-2x&#8221; heading_semantic=&#8221;h5&#8243; text_size=&#8221;h5&#8243; title=&#8221;Utbildningsmaterial&#8221; link=&#8221;url:https%3A%2F%2Forkesterforbundet.se%2Forkesterora%2Futbildning%2F|title:Ljudskyddsombud||&#8221; link_text=&#8221;L\u00e4s mer&#8221;]H\u00e4r publicerar vi utbildningsmaterial f\u00f6r orkestermusiker, musikstuderande och pedagoger. Allt fr\u00e5n lagar och regler till f\u00f6rebyggande \u00e5tg\u00e4rder f\u00f6r att motverka h\u00f6rselproblem.[\/vc_icon][\/vc_column][\/vc_row][vc_row unlock_row_content=&#8221;yes&#8221; row_height_percent=&#8221;0&#8243; override_padding=&#8221;yes&#8221; h_padding=&#8221;2&#8243; top_padding=&#8221;4&#8243; bottom_padding=&#8221;5&#8243; back_color=&#8221;accent&#8221; overlay_color=&#8221;color-xsdn&#8221; overlay_alpha=&#8221;40&#8243; gutter_size=&#8221;3&#8243; shift_y=&#8221;0&#8243; style=&#8221;inherited&#8221;][vc_column column_width_percent=&#8221;75&#8243; position_vertical=&#8221;middle&#8221; align_horizontal=&#8221;align_center&#8221; gutter_size=&#8221;2&#8243; style=&#8221;dark&#8221; overlay_alpha=&#8221;100&#8243; shift_x=&#8221;0&#8243; shift_y=&#8221;0&#8243; z_index=&#8221;0&#8243; medium_width=&#8221;0&#8243; zoom_width=&#8221;0&#8243; zoom_height=&#8221;0&#8243; width=&#8221;1\/1&#8243;][vc_custom_heading heading_semantic=&#8221;h1&#8243; text_size=&#8221;h1&#8243; text_space=&#8221;fontspace-111509&#8243; uncode_shortcode_id=&#8221;182372&#8243;]<\/p>\n<h3 style=\"text-align: left;\"><strong><span style=\"color: #ff0000;\">\u00c4r din orkester medlem i Sveriges Orkesterf\u00f6rbund?<\/span><span style=\"color: #ff0000;\"><span style=\"color: #ff6600;\"><br \/>\n<\/span><\/span><span style=\"color: #ff0000;\">\u00a0Som medlemsf\u00f6rm\u00e5n erbjuds ni en<\/span><span style=\"color: #ff0000;\">\u00a0gratis f\u00f6rel\u00e4sning om ljud\/h\u00f6rsel, anpassat f\u00f6r just er.<\/span><\/strong><\/h3>\n<h4 style=\"text-align: left;\">M\u00f6tet sker fysiskt eller digitalt, p\u00e5 den tid som passar er.<br \/>\nInte medlemmar? Bli det, det har m\u00e5nga f\u00f6rdelar! Eller boka ett digitalt eller fysiskt bes\u00f6k f\u00f6r en mindre kostnad.<br \/>\nKontakta oss f\u00f6r bokning: andreas@orkester.nu<\/h4>\n<p>[\/vc_custom_heading][vc_row_inner][vc_column_inner column_width_percent=&#8221;100&#8243; align_horizontal=&#8221;align_center&#8221; gutter_size=&#8221;3&#8243; style=&#8221;dark&#8221; overlay_alpha=&#8221;50&#8243; shift_x=&#8221;0&#8243; shift_y=&#8221;0&#8243; z_index=&#8221;0&#8243; medium_width=&#8221;0&#8243; width=&#8221;1\/2&#8243;][vc_column_text]<\/p>\n<h5 style=\"text-align: left;\"><span style=\"color: #000000;\">F\u00f6rslag p\u00e5 omr\u00e5den att ta\u00a0upp:<\/span><\/h5>\n<ul>\n<li style=\"text-align: left;\">\n<h5><span style=\"color: #000000;\">H\u00f6rselskydd och hj\u00e4lpmedel<\/span><\/h5>\n<\/li>\n<li style=\"text-align: left;\">\n<h5><span style=\"color: #000000;\">Ljudm\u00e4tning och akustiska \u00e5tg\u00e4rder<\/span><\/h5>\n<\/li>\n<li style=\"text-align: left;\">\n<h5><span style=\"color: #000000;\">H\u00f6rselskador bland musiker<\/span><\/h5>\n<h5><\/h5>\n<\/li>\n<\/ul>\n<p>[\/vc_column_text][\/vc_column_inner][vc_column_inner width=&#8221;1\/2&#8243;][vc_single_image media=&#8221;49867&#8243; media_width_percent=&#8221;80&#8243; alignment=&#8221;right&#8221;][\/vc_column_inner][\/vc_row_inner][\/vc_column][\/vc_row][vc_row row_height_percent=&#8221;0&#8243; override_padding=&#8221;yes&#8221; h_padding=&#8221;2&#8243; top_padding=&#8221;2&#8243; bottom_padding=&#8221;0&#8243; back_color=&#8221;color-uydo&#8221; overlay_alpha=&#8221;50&#8243; gutter_size=&#8221;3&#8243; shift_y=&#8221;0&#8243;][vc_column column_width_percent=&#8221;100&#8243; gutter_size=&#8221;3&#8243; overlay_alpha=&#8221;50&#8243; shift_x=&#8221;0&#8243; shift_y=&#8221;0&#8243; z_index=&#8221;0&#8243; medium_width=&#8221;0&#8243; width=&#8221;1\/1&#8243;][vc_row_inner row_inner_height_percent=&#8221;2&#8243; overlay_alpha=&#8221;50&#8243; equal_height=&#8221;yes&#8221; gutter_size=&#8221;3&#8243; shift_y=&#8221;0&#8243;][vc_column_inner width=&#8221;1\/2&#8243;][vc_column_text uncode_shortcode_id=&#8221;860936&#8243;]<\/p>\n<h2><\/h2>\n<h2><\/h2>\n<h2>Man kan inte blunda med \u00f6ronen &#8211; succ\u00e9filmen med 90 000 visningar p\u00e5 Youtube!<\/h2>\n<p><strong>\u201dMan kan inte blunda med \u00f6ronen\u201d \u00e4r en film om ljud och h\u00f6rsel, skapad p\u00e5 uppdrag av Med \u00f6ra f\u00f6r orkester. Spelfilmen \u00e4r cirka 15 minuter l\u00e5ng och finns tillg\u00e4nglig gratis. Den riktar sig fr\u00e4mst till \u00e5rskurs 4-6 och tar p\u00e5 ett igenk\u00e4nnande s\u00e4tt upp h\u00f6rselv\u00e5rd, h\u00e4lsosamma ljudniv\u00e5er och musikh\u00f6rselskydd. Det \u00e4r omr\u00e5den som n\u00e4mns i l\u00e4roplanen i det centrala inneh\u00e5llet f\u00f6r \u00e4mnet musik. Vi vill uppmuntra l\u00e4rare att ta dessa punkter p\u00e5 allvar och vi vill med filmen underl\u00e4tta och ge en god introduktion och kunskap i \u00e4mnet. P\u00e5 <span style=\"color: #ff0000;\"><a style=\"color: #ff0000;\" href=\"https:\/\/orkesterforbundet.se\/blundamedoronen\/\" target=\"_blank\" rel=\"noopener\">https:\/\/orkesterforbundet.se\/blundamedoronen\/<\/a><\/span> finns f\u00f6rutom filmen \u00e4ven tillh\u00f6rande arbetsmaterial som nedladdningsbara PDF:er.<\/strong>[\/vc_column_text][\/vc_column_inner][vc_column_inner column_width_percent=&#8221;100&#8243; gutter_size=&#8221;3&#8243; expand_height=&#8221;yes&#8221; overlay_alpha=&#8221;50&#8243; shift_x=&#8221;0&#8243; shift_y=&#8221;0&#8243; z_index=&#8221;0&#8243; medium_width=&#8221;0&#8243; width=&#8221;1\/2&#8243;][vc_single_image media=&#8221;50460&#8243; media_width_percent=&#8221;60&#8243; alignment=&#8221;center&#8221;][vc_empty_space empty_h=&#8221;0&#8243;][vc_column_text uncode_shortcode_id=&#8221;962691&#8243; css=&#8221;.vc_custom_1744360479806{padding-right: 40px !important;padding-bottom: 40px !important;padding-left: 40px !important;}&#8221;]<iframe title=\"YouTube video player\" src=\"https:\/\/www.youtube.com\/embed\/FRnN5ElVP6Q?si=slzi4_m6rNGJ1kla\" width=\"250\" height=\"250\" frameborder=\"0\" allowfullscreen=\"allowfullscreen\"><\/iframe>[\/vc_column_text][\/vc_column_inner][\/vc_row_inner][\/vc_column][\/vc_row][vc_row unlock_row_content=&#8221;yes&#8221; row_height_percent=&#8221;0&#8243; override_padding=&#8221;yes&#8221; h_padding=&#8221;2&#8243; top_padding=&#8221;4&#8243; bottom_padding=&#8221;5&#8243; back_color=&#8221;accent&#8221; overlay_color=&#8221;color-xsdn&#8221; overlay_alpha=&#8221;40&#8243; gutter_size=&#8221;3&#8243; shift_y=&#8221;0&#8243; style=&#8221;inherited&#8221;][vc_column column_width_percent=&#8221;75&#8243; position_vertical=&#8221;middle&#8221; align_horizontal=&#8221;align_center&#8221; gutter_size=&#8221;2&#8243; style=&#8221;dark&#8221; overlay_alpha=&#8221;100&#8243; shift_x=&#8221;0&#8243; shift_y=&#8221;0&#8243; z_index=&#8221;0&#8243; medium_width=&#8221;0&#8243; zoom_width=&#8221;0&#8243; zoom_height=&#8221;0&#8243; width=&#8221;1\/1&#8243;][vc_custom_heading text_space=&#8221;fontspace-111509&#8243;]<span style=\"color: #333333;\">Joanne f\u00f6ddes d\u00f6v &#8211; h\u00f6r med cochleaimplantat<\/span>[\/vc_custom_heading][vc_row_inner][vc_column_inner column_width_percent=&#8221;100&#8243; align_horizontal=&#8221;align_center&#8221; gutter_size=&#8221;3&#8243; style=&#8221;dark&#8221; overlay_alpha=&#8221;50&#8243; shift_x=&#8221;0&#8243; shift_y=&#8221;0&#8243; z_index=&#8221;0&#8243; medium_width=&#8221;0&#8243; width=&#8221;1\/2&#8243;][vc_column_text]<\/p>\n<p style=\"text-align: left;\"><span style=\"color: #333333;\">Joanne Milnes, 40, fr\u00e5n England f\u00f6ddes d\u00f6v men kan sedan 2014 h\u00f6ra efter att hon f\u00e5tt ett inopererat cochleaimplantat.<\/span><\/p>\n<p style=\"text-align: left;\"><span style=\"color: #333333;\">\u2013 Jag hade f\u00f6rberett mig mentalt, men det l\u00e4t mycket h\u00f6gre \u00e4n jag v\u00e4ntat mig. Ljudet gick igenom min kropp. Det var en k\u00e4nsla som jag aldrig tidigare upplevt, h\u00e5ret p\u00e5 mina armar reste sig, s\u00e4ger hon. Joanne ber\u00e4ttar att hon alltid kunnat k\u00e4nna musik via rytmer och vibrationer, n\u00e5got hon uppskattat. Men det var f\u00f6rst f\u00f6r en vecka sedan hon kunde uppfatta s\u00e5ng, text och instrument.<\/span><\/p>\n<p style=\"text-align: left;\"><span style=\"color: #333333;\">\u2013 Den f\u00f6rsta l\u00e5ten jag lyssnade p\u00e5 var John Lennons &#8221;Imagine&#8221;. Jag kunde identifiera texten och det faktum att ett instrument spelades. Jag lyssnade tillsammans med en v\u00e4n och i slutet av l\u00e5ten gr\u00e4t vi floder.<\/span><\/p>\n<p>[\/vc_column_text][\/vc_column_inner][vc_column_inner width=&#8221;1\/2&#8243;][vc_column_text uncode_shortcode_id=&#8221;336666&#8243;]<iframe title=\"YouTube video player\" src=\"https:\/\/www.youtube.com\/embed\/IyDdVJ81Ixs?si=W6J-u5kXYPkF-EMu\" width=\"560\" height=\"315\" frameborder=\"0\" allowfullscreen=\"allowfullscreen\"><\/iframe>[\/vc_column_text][\/vc_column_inner][\/vc_row_inner][\/vc_column][\/vc_row][vc_row unlock_row_content=&#8221;yes&#8221; row_height_percent=&#8221;0&#8243; override_padding=&#8221;yes&#8221; h_padding=&#8221;2&#8243; top_padding=&#8221;3&#8243; bottom_padding=&#8221;2&#8243; overlay_alpha=&#8221;100&#8243; gutter_size=&#8221;100&#8243; shift_y=&#8221;0&#8243; style=&#8221;inherited&#8221;][vc_column column_width_percent=&#8221;100&#8243; align_horizontal=&#8221;align_center&#8221; gutter_size=&#8221;3&#8243; overlay_alpha=&#8221;50&#8243; shift_x=&#8221;0&#8243; shift_y=&#8221;0&#8243; z_index=&#8221;0&#8243; medium_width=&#8221;0&#8243; zoom_width=&#8221;0&#8243; zoom_height=&#8221;0&#8243; width=&#8221;1\/1&#8243;][vc_custom_heading heading_semantic=&#8221;h1&#8243; text_size=&#8221;h1&#8243; sub_reduced=&#8221;yes&#8221; text_align=&#8221;text-left&#8221; text_serif=&#8221;&#8221; text_uppercase=&#8221;&#8221; uncode_shortcode_id=&#8221;198841&#8243;]<\/p>\n<h2>Aktuellt<\/h2>\n<p>4 mars 2026<br \/>\nF\u00f6rel\u00e4sning Skarabygdens symfoniorkester och Skara kulturskola<\/p>\n<p>25 mars 2026<br \/>\nF\u00f6rel\u00e4sning f\u00f6r ungdomsorkestern G\u00f6ta Lejon, G\u00f6teborg<\/p>\n<p>13 april 2026<br \/>\nF\u00f6rel\u00e4sning l\u00e4nsstudiedag kulturskolepedagoger Bolln\u00e4s[\/vc_custom_heading][\/vc_column][\/vc_row][vc_row row_height_percent=&#8221;0&#8243; override_padding=&#8221;yes&#8221; h_padding=&#8221;2&#8243; top_padding=&#8221;4&#8243; bottom_padding=&#8221;5&#8243; back_color=&#8221;accent&#8221; overlay_color=&#8221;color-xsdn&#8221; overlay_alpha=&#8221;10&#8243; gutter_size=&#8221;100&#8243; shift_y=&#8221;0&#8243; style=&#8221;inherited&#8221;][vc_column column_width_percent=&#8221;45&#8243; position_horizontal=&#8221;left&#8221; position_vertical=&#8221;middle&#8221; align_horizontal=&#8221;align_center&#8221; gutter_size=&#8221;2&#8243; override_padding=&#8221;yes&#8221; column_padding=&#8221;2&#8243; expand_height=&#8221;yes&#8221; style=&#8221;dark&#8221; back_color=&#8221;color-jevc&#8221; back_image=&#8221;49829&#8243; back_repeat=&#8221;no-repeat&#8221; overlay_color=&#8221;color-gyho&#8221; overlay_alpha=&#8221;0&#8243; shift_x=&#8221;0&#8243; shift_y=&#8221;0&#8243; z_index=&#8221;0&#8243; medium_width=&#8221;0&#8243; zoom_width=&#8221;0&#8243; zoom_height=&#8221;0&#8243; width=&#8221;1\/1&#8243;][vc_custom_heading text_size=&#8221;h3&#8243; text_space=&#8221;fontspace-111509&#8243;]<strong>Ear Guardian \u2013 appen som r\u00e4ddar din h\u00f6rsel!<\/strong>[\/vc_custom_heading][vc_row_inner][vc_column_inner column_width_percent=&#8221;100&#8243; gutter_size=&#8221;3&#8243; style=&#8221;dark&#8221; overlay_alpha=&#8221;50&#8243; shift_x=&#8221;0&#8243; shift_y=&#8221;0&#8243; z_index=&#8221;0&#8243; medium_width=&#8221;0&#8243; width=&#8221;1\/1&#8243;][vc_column_text uncode_shortcode_id=&#8221;238497&#8243;]<\/p>\n<p style=\"text-align: center;\"><strong><span style=\"color: #ff0000;\">P\u00c5 GRUND AV H\u00d6GA UPPDATERINGSKOSTNADER \u00c4R APPEN SATT P\u00c5 PAUS. DEN G\u00c5R INTE ATT LADDA NER F\u00d6R TILLF\u00c4LLET.<\/span><\/strong><br \/>\nMed \u00f6ra f\u00f6r orkester har utvecklat en unik app\u00a0f\u00f6r enkla ljudm\u00e4tningar.\u00a0<strong>Ear Guardian<\/strong> ger snabbt svar p\u00e5 om du\u00a0i din ljudmilj\u00f6 uts\u00e4tts f\u00f6r risker. Den visar hur stor m\u00e4ngd ljud du konsumerar\u00a0och n\u00e4r det \u00e4r dags f\u00f6r ljudvila.<\/p>\n<p style=\"text-align: center;\">Du hittar instruktioner, bilder, filmer mm p\u00e5<span style=\"text-decoration: underline;\"> <strong><span style=\"color: #33cccc; text-decoration: underline;\"><a style=\"color: #33cccc; text-decoration: underline;\" href=\"http:\/\/www.earguardian.se\" target=\"_blank\" rel=\"noopener\">www.earguardian.se<\/a><\/span><\/strong><\/span>.<\/p>\n<p>[\/vc_column_text][\/vc_column_inner][\/vc_row_inner][vc_empty_space empty_h=&#8221;1&#8243;][vc_row_inner][vc_column_inner column_width_percent=&#8221;100&#8243; align_horizontal=&#8221;align_center&#8221; gutter_size=&#8221;3&#8243; style=&#8221;dark&#8221; overlay_alpha=&#8221;50&#8243; shift_x=&#8221;0&#8243; shift_y=&#8221;0&#8243; z_index=&#8221;0&#8243; medium_width=&#8221;0&#8243; width=&#8221;1\/1&#8243;][vc_button size=&#8221;btn-sm&#8221; link=&#8221;url:https%3A%2F%2Forkesterforbundet.se%2Forkesterora%2Fapp%2F|||&#8221; onclick=&#8221;trackOutboundLink(&#8217;http:\/\/themeforest.net\/item\/uncode-creative-multiuse-wordpress-theme\/13373220?utm_source=undsgncta&amp;ref=undsgn&amp;license=regular&amp;open_purchase_for_item_id=13373220&amp;purchasable=source&#8217;); return false;&#8221;]L\u00e4s mer om den och hur du laddar ner och anv\u00e4nder den.[\/vc_button][\/vc_column_inner][\/vc_row_inner][\/vc_column][\/vc_row][vc_row unlock_row_content=&#8221;yes&#8221; row_height_percent=&#8221;0&#8243; override_padding=&#8221;yes&#8221; h_padding=&#8221;5&#8243; top_padding=&#8221;5&#8243; bottom_padding=&#8221;2&#8243; back_color=&#8221;color-lxmt&#8221; overlay_alpha=&#8221;50&#8243; equal_height=&#8221;yes&#8221; gutter_size=&#8221;3&#8243; shift_y=&#8221;0&#8243;][vc_column width=&#8221;1\/3&#8243;][vc_custom_heading]<\/p>\n<h5>Klicka p\u00e5 loggan\u00a0f\u00f6r en kort film fr\u00e5n RE:SOUND.<\/h5>\n<p>[\/vc_custom_heading][vc_single_image media=&#8221;49905&#8243; media_width_percent=&#8221;100&#8243; advanced=&#8221;yes&#8221; media_items=&#8221;media|poster&#8221; media_overlay_opacity=&#8221;50&#8243; media_padding=&#8221;2&#8243; media_link=&#8221;url:https%3A%2F%2Fyoutu.be%2F0rPYa0R1EOE|title:Sammandrag%20RE%3ASOUND||&#8221;][\/vc_column][vc_column width=&#8221;1\/3&#8243;][vc_custom_heading uncode_shortcode_id=&#8221;424917&#8243;]<\/p>\n<h5><strong>RE:SOUND h\u00f6lls p\u00e5 Kungliga Musikh\u00f6gskolan i Stockholm &#8211;\u00a0<\/strong>ett samnordiskt event kring h\u00f6rsel\/ljud\/akustik med b\u00e4sta f\u00f6rel\u00e4sarna p\u00e5 omr\u00e5det, fantastisk musik och utst\u00e4llare p\u00e5 plats.\u00a0Medarrang\u00f6rer: KMH och NOMU.<\/h5>\n<h5>F\u00f6r PDF med sammanfattning m.m.\u00a0<span style=\"color: #33cccc;\">\u00a0<a style=\"color: #33cccc;\" href=\"https:\/\/orkesterforbundet.se\/orkesterora\/resound\/\" target=\"_blank\" rel=\"noopener\">klicka h\u00e4r!<\/a><\/span><\/h5>\n<h5><\/h5>\n<h5><\/h5>\n<p>[\/vc_custom_heading][\/vc_column][vc_column width=&#8221;1\/3&#8243;][vc_gallery el_id=&#8221;gallery-542611&#8243; type=&#8221;carousel&#8221; medias=&#8221;49935,49933,50001,50000,50010&#8243; carousel_lg=&#8221;1&#8243; carousel_md=&#8221;1&#8243; carousel_sm=&#8221;1&#8243; gutter_size=&#8221;3&#8243; carousel_height=&#8221;equal&#8221; carousel_autoh=&#8221;yes&#8221; carousel_interval=&#8221;3000&#8243; carousel_navspeed=&#8221;200&#8243; carousel_loop=&#8221;yes&#8221; carousel_dots=&#8221;yes&#8221; carousel_dots_mobile=&#8221;yes&#8221; single_overlay_opacity=&#8221;50&#8243; single_padding=&#8221;2&#8243;][\/vc_column][\/vc_row][vc_row unlock_row_content=&#8221;yes&#8221; row_height_percent=&#8221;0&#8243; override_padding=&#8221;yes&#8221; h_padding=&#8221;2&#8243; top_padding=&#8221;4&#8243; bottom_padding=&#8221;5&#8243; back_color=&#8221;accent&#8221; overlay_color=&#8221;color-xsdn&#8221; overlay_alpha=&#8221;40&#8243; gutter_size=&#8221;3&#8243; shift_y=&#8221;0&#8243; style=&#8221;inherited&#8221;][vc_column column_width_percent=&#8221;75&#8243; position_vertical=&#8221;middle&#8221; align_horizontal=&#8221;align_center&#8221; gutter_size=&#8221;2&#8243; style=&#8221;dark&#8221; overlay_alpha=&#8221;100&#8243; shift_x=&#8221;0&#8243; shift_y=&#8221;0&#8243; z_index=&#8221;0&#8243; medium_width=&#8221;0&#8243; zoom_width=&#8221;0&#8243; zoom_height=&#8221;0&#8243; width=&#8221;1\/1&#8243;][vc_custom_heading text_space=&#8221;fontspace-111509&#8243;]<\/p>\n<div class=\"audio-heading\">\n<div class=\"audio-heading__title\">\n<h1 class=\"heading\">Ooms om n\u00e4r \u00f6ronen inte lyder<\/h1>\n<div class=\"audio-heading__meta\"><\/div>\n<\/div>\n<\/div>\n<div class=\"preamble-component\"><\/div>\n<p>[\/vc_custom_heading][vc_row_inner][vc_column_inner column_width_percent=&#8221;100&#8243; align_horizontal=&#8221;align_center&#8221; gutter_size=&#8221;3&#8243; style=&#8221;dark&#8221; overlay_alpha=&#8221;50&#8243; shift_x=&#8221;0&#8243; shift_y=&#8221;0&#8243; z_index=&#8221;0&#8243; medium_width=&#8221;0&#8243; width=&#8221;1\/2&#8243;][vc_column_text]<\/p>\n<div class=\"audio-heading\">\n<hr \/>\n<h3 class=\"heading\" style=\"text-align: left;\"><span class=\"metadata-item-text\">S\u00e4ndes tor 31 dec 2020 i\u00a0Sveriges Radio P4\u00a0<\/span><\/h3>\n<\/div>\n<div class=\"preamble-component\">\n<h5 class=\"preamble-text puff-preamble text-editor-content\" style=\"text-align: left;\">Amanda Ooms intervjuar musiker och s\u00e5ngerskor om det fruktansv\u00e4rda i att arbeta med ljud n\u00e4r h\u00f6rseln sviktar.<\/h5>\n<h5 class=\"preamble-text puff-preamble text-editor-content\" style=\"text-align: left;\">Medverkande: bl.a. Med \u00f6ra f\u00f6r orkesters projektledare Andreas Forsman och s\u00e5ngerskorna Idde Schulz och Maria Blom.<\/h5>\n<h5 class=\"preamble-text puff-preamble text-editor-content\" style=\"text-align: left;\"><\/h5>\n<\/div>\n<p>[\/vc_column_text][\/vc_column_inner][vc_column_inner width=&#8221;1\/2&#8243;][vc_single_image media=&#8221;50495&#8243; media_width_percent=&#8221;100&#8243; alignment=&#8221;right&#8221;][\/vc_column_inner][\/vc_row_inner][\/vc_column][\/vc_row][vc_row row_height_percent=&#8221;0&#8243; override_padding=&#8221;yes&#8221; h_padding=&#8221;2&#8243; top_padding=&#8221;5&#8243; bottom_padding=&#8221;5&#8243; back_color=&#8221;color-wayh&#8221; back_image=&#8221;49195&#8243; back_position=&#8221;center center&#8221; parallax=&#8221;yes&#8221; overlay_color=&#8221;color-wayh&#8221; overlay_alpha=&#8221;65&#8243; gutter_size=&#8221;3&#8243; shift_y=&#8221;0&#8243;][vc_column column_width_percent=&#8221;100&#8243; position_vertical=&#8221;middle&#8221; align_horizontal=&#8221;align_center&#8221; gutter_size=&#8221;3&#8243; style=&#8221;dark&#8221; overlay_alpha=&#8221;50&#8243; shift_x=&#8221;0&#8243; shift_y=&#8221;0&#8243; z_index=&#8221;0&#8243; medium_width=&#8221;0&#8243; width=&#8221;1\/1&#8243;][vc_gallery el_id=&#8221;gallery-1&#8243; type=&#8221;carousel&#8221; medias=&#8221;12164,12165,50209&#8243; carousel_lg=&#8221;1&#8243; carousel_md=&#8221;1&#8243; carousel_sm=&#8221;1&#8243; gutter_size=&#8221;0&#8243; media_items=&#8221;icon,media|lightbox|original&#8221; carousel_autoh=&#8221;yes&#8221; carousel_interval=&#8221;5000&#8243; carousel_navspeed=&#8221;400&#8243; carousel_loop=&#8221;yes&#8221; carousel_dots=&#8221;yes&#8221; carousel_textual=&#8221;yes&#8221; single_overlay_opacity=&#8221;50&#8243; single_padding=&#8221;2&#8243; single_title_family=&#8221;font-762333&#8243; single_title_dimension=&#8221;h3&#8243; single_title_height=&#8221;fontheight-524109&#8243; carousel_twitter=&#8221;yes&#8221; items=&#8221;eyIxMjE2NF9pIjp7InNpbmdsZV9pY29uIjoiIiwiYmFja19pbWFnZSI6IjEyMTY0Iiwic2luZ2xlX2xheW91dCI6Imljb24sbWVkaWF8bGlnaHRib3h8b3JpZ2luYWwifSwiMTIxNjVfaSI6eyJzaW5nbGVfaWNvbiI6IiJ9fQ==&#8221;][\/vc_column][\/vc_row]<\/p>\n<\/div>","protected":false},"excerpt":{"rendered":"<p>[vc_row row_height_percent=&#8221;35&#8243; override_padding=&#8221;yes&#8221; h_padding=&#8221;2&#8243; top_padding=&#8221;5&#8243; bottom_padding=&#8221;5&#8243; back_color=&#8221;color-lxmt&#8221; overlay_alpha=&#8221;50&#8243; equal_height=&#8221;yes&#8221; gutter_size=&#8221;3&#8243; border_color=&#8221;color-gyho&#8221; border_style=&#8221;solid&#8221; shift_y=&#8221;0&#8243; css=&#8221;.vc_custom_1473418720027{border-bottom-width: 1px !important;}&#8221;][vc_column width=&#8221;1\/3&#8243;][vc_icon position=&#8221;left&#8221; icon=&#8221;fa fa-cogs&#8221; [&hellip;]<\/p>\n","protected":false},"author":3,"featured_media":0,"parent":0,"menu_order":0,"comment_status":"closed","ping_status":"closed","template":"","meta":{"footnotes":""},"class_list":["post-49194","page","type-page","status-publish","hentry","page_category-classic","page_category-top-menu"],"_links":{"self":[{"href":"https:\/\/orkesterforbundet.se\/orkesterora\/wp-json\/wp\/v2\/pages\/49194","targetHints":{"allow":["GET"]}}],"collection":[{"href":"https:\/\/orkesterforbundet.se\/orkesterora\/wp-json\/wp\/v2\/pages"}],"about":[{"href":"https:\/\/orkesterforbundet.se\/orkesterora\/wp-json\/wp\/v2\/types\/page"}],"author":[{"embeddable":true,"href":"https:\/\/orkesterforbundet.se\/orkesterora\/wp-json\/wp\/v2\/users\/3"}],"replies":[{"embeddable":true,"href":"https:\/\/orkesterforbundet.se\/orkesterora\/wp-json\/wp\/v2\/comments?post=49194"}],"version-history":[{"count":6,"href":"https:\/\/orkesterforbundet.se\/orkesterora\/wp-json\/wp\/v2\/pages\/49194\/revisions"}],"predecessor-version":[{"id":50667,"href":"https:\/\/orkesterforbundet.se\/orkesterora\/wp-json\/wp\/v2\/pages\/49194\/revisions\/50667"}],"wp:attachment":[{"href":"https:\/\/orkesterforbundet.se\/orkesterora\/wp-json\/wp\/v2\/media?parent=49194"}],"curies":[{"name":"wp","href":"https:\/\/api.w.org\/{rel}","templated":true}]}}