{"id":36,"date":"2019-09-03T15:10:43","date_gmt":"2019-09-03T15:10:43","guid":{"rendered":"https:\/\/orkesterforbundet.se\/blundamedoronen\/?page_id=36"},"modified":"2025-04-11T08:20:24","modified_gmt":"2025-04-11T08:20:24","slug":"start-2","status":"publish","type":"page","link":"https:\/\/orkesterforbundet.se\/blundamedoronen\/?page_id=36","title":{"rendered":"OM"},"content":{"rendered":"  <div id=\"page-header-1719065951\" class=\"page-header-wrapper\">\n  <div class=\"page-title dark featured-title\">\n\n    \n    <div class=\"page-title-inner container align-center flex-row medium-flex-wrap\" >\n              <div class=\"title-wrapper flex-col text-left medium-text-center\">\n          <h1 class=\"entry-title mb-0\">\n            OM          <\/h1>\n        <\/div>\n                    <div class=\"title-content flex-col flex-right text-right medium-text-center\">\n        <div class=\"title-breadcrumbs pb-half pt-half\"><\/div>      <\/div>\n    <\/div><!-- flex-row -->\n\n     \n<style scope=\"scope\">\n\n#page-header-1719065951 .title-bg {\n  \n}\n<\/style>\n  <\/div><!-- .page-title -->\n    <\/div><!-- .page-header-wrapper -->\n  \n\t<section class=\"section\" id=\"section_1816819079\">\n\t\t<div class=\"bg section-bg fill bg-fill  bg-loaded\" >\n\n\t\t\t\n\t\t\t\n\t\t\t\n\n\t\t<\/div><!-- .section-bg -->\n\n\t\t<div class=\"section-content relative\">\n\t\t\t\n<div class=\"row row-large align-middle\"  id=\"row-50632756\">\n<div class=\"col medium-8 small-12 large-8\"  ><div class=\"col-inner text-left\"  >\n<p>Bakom filmen \u201d<strong>Man kan inte blunda med \u00f6ronen<\/strong>\u201d st\u00e5r <strong>Med \u00f6ra f\u00f6r orkester <\/strong>som drivs av <strong>Sveriges Orkesterf\u00f6rbund<\/strong>. Med \u00d6ra f\u00f6r orkester arbetar med f\u00f6rebyggande kunskap kring h\u00f6rselskador. Skolor och orkestrar erbjuds workshops och f\u00f6rel\u00e4sningar f\u00f6r att f\u00f6rhindra att fler r\u00e5kar ut f\u00f6r h\u00f6rselskada. Drabbade musiker erbjuds hj\u00e4lp med att hantera och f\u00f6rb\u00e4ttra sin situation. Vi ger ocks\u00e5 tips och r\u00e5d kring produkter, regler och \u00e5tg\u00e4rder.<\/p>\n<p>Manus och regi: Maria Blom, AMMOT (Artister och musiker mot tinnitus)<\/p>\n<p>Produktion: Cinelandia AB<\/p>\n<p>Filmen finansieras av Allm\u00e4nna arvsfonden. Arvsfonden f\u00f6rdelar st\u00f6d till organisationer som driver ideell verksamhet och som arbetar f\u00f6r barn, ungdomar och personer med funktionsneds\u00e4ttning.<\/p>\n<h3>L\u00e4nkar<\/h3>\n<h4><a href=\"https:\/\/orkesterforbundet.se\" target=\"_blank\" rel=\"noopener noreferrer\">orkester.nu<\/a><\/h4>\n<p>Sveriges Orkesterf\u00f6rbund, \u00e4ger och driver Med \u00f6ra f\u00f6r orkester som st\u00e5r bakom filmen. SOF arbetar bland annat med fr\u00e5gor som rekrytering av musiker, skatteregler, statliga utredningar, samarbete med ungdoms- och andra kulturorganisationer, arrang\u00f6rsst\u00f6d och notutveckling. Som medlem (orkester eller enskild) f\u00e5r man tillg\u00e5ng till en rad f\u00f6rm\u00e5ner som t.ex. rabatterad instrumentf\u00f6rs\u00e4kring.<\/p>\n<h4><a href=\"https:\/\/orkesterforbundet.seorkesterora\/\" target=\"_blank\" rel=\"noopener noreferrer\">orkester\u00f6ra.nu<\/a><\/h4>\n<p>Sveriges Orkesterf\u00f6rbunds projekt Med \u00f6ra f\u00f6r orkester, med fokus p\u00e5 h\u00f6rseln. Med \u00f6ra f\u00f6r orkester hj\u00e4lper personer med h\u00f6rselproblem, sprider f\u00f6rebyggande kunskap och delar tips om h\u00f6rselrelaterade produkter. F\u00f6rel\u00e4sningar erbjuds \u00f6ver hela landet.<\/p>\n<h4><a href=\"https:\/\/www.arvsfonden.se\/\" target=\"_blank\" rel=\"noopener noreferrer\">arvsfonden.se<\/a><\/h4>\n<p>F\u00f6rdelar st\u00f6d till organisationer som driver ideell verksamhet och som arbetar f\u00f6r barn, ungdomar och personer med funktionsneds\u00e4ttning.\u00a0BAM! finansieras av Arvsfonden.<\/p>\n<h4><a href=\"https:\/\/ammot.nu\/\" target=\"_blank\" rel=\"noopener noreferrer\">ammot.nu<\/a><\/h4>\n<p>F\u00f6reningen Artister och musiker mot tinnitus.<\/p>\n<\/div><\/div>\n\n<style scope=\"scope\">\n\n<\/style>\n<\/div>\n\t\t<\/div><!-- .section-content -->\n\n\t\t\n<style scope=\"scope\">\n\n#section_1816819079 {\n  padding-top: 60px;\n  padding-bottom: 60px;\n  background-color: rgb(255,255,255);\n}\n<\/style>\n\t<\/section>\n\t\n","protected":false},"excerpt":{"rendered":"","protected":false},"author":2,"featured_media":0,"parent":0,"menu_order":0,"comment_status":"closed","ping_status":"closed","template":"page-blank.php","meta":{"footnotes":""},"class_list":["post-36","page","type-page","status-publish","hentry"],"_links":{"self":[{"href":"https:\/\/orkesterforbundet.se\/blundamedoronen\/index.php?rest_route=\/wp\/v2\/pages\/36","targetHints":{"allow":["GET"]}}],"collection":[{"href":"https:\/\/orkesterforbundet.se\/blundamedoronen\/index.php?rest_route=\/wp\/v2\/pages"}],"about":[{"href":"https:\/\/orkesterforbundet.se\/blundamedoronen\/index.php?rest_route=\/wp\/v2\/types\/page"}],"author":[{"embeddable":true,"href":"https:\/\/orkesterforbundet.se\/blundamedoronen\/index.php?rest_route=\/wp\/v2\/users\/2"}],"replies":[{"embeddable":true,"href":"https:\/\/orkesterforbundet.se\/blundamedoronen\/index.php?rest_route=%2Fwp%2Fv2%2Fcomments&post=36"}],"version-history":[{"count":5,"href":"https:\/\/orkesterforbundet.se\/blundamedoronen\/index.php?rest_route=\/wp\/v2\/pages\/36\/revisions"}],"predecessor-version":[{"id":204,"href":"https:\/\/orkesterforbundet.se\/blundamedoronen\/index.php?rest_route=\/wp\/v2\/pages\/36\/revisions\/204"}],"wp:attachment":[{"href":"https:\/\/orkesterforbundet.se\/blundamedoronen\/index.php?rest_route=%2Fwp%2Fv2%2Fmedia&parent=36"}],"curies":[{"name":"wp","href":"https:\/\/api.w.org\/{rel}","templated":true}]}}